{"id":65,"date":"2014-02-25T17:49:31","date_gmt":"2014-02-25T17:49:31","guid":{"rendered":"https:\/\/www.restaurantlarambla.com\/?page_id=65"},"modified":"2021-02-13T09:11:44","modified_gmt":"2021-02-13T08:11:44","slug":"65-2","status":"publish","type":"page","link":"https:\/\/centfocs.com\/","title":{"rendered":"Home"},"content":{"rendered":"<p>[vc_row row_type=&#8221;row&#8221; use_row_as_full_screen_section=&#8221;no&#8221; type=&#8221;full_width&#8221; text_align=&#8221;left&#8221; background_animation=&#8221;none&#8221; css_animation=&#8221;&#8221;][vc_column][vc_empty_space height=&#8221;45px&#8221;][vc_column_text]<\/p>\n<h1 style=\"text-align: center;\">MENJA B\u00c9 ALL\u00c0 ON SIGUIS<\/h1>\n<p>[\/vc_column_text][vc_empty_space height=&#8221;45px&#8221;][vc_row_inner row_type=&#8221;row&#8221; type=&#8221;full_width&#8221; use_row_as_full_screen_section_slide=&#8221;no&#8221; text_align=&#8221;center&#8221; css_animation=&#8221;&#8221;][vc_column_inner width=&#8221;1\/4&#8243;][\/vc_column_inner][vc_column_inner width=&#8221;1\/2&#8243;][vc_column_text]<\/p>\n<h5 style=\"text-align: center;\">La clau d&#8217;un bon plat rau en la qualitat del producte. Al restaurant Centfocs arriben cada dia els productes frescos i de qualitat. I \u00e9s aix\u00ed com aconseguim cuinar plats tradicionals basats en la nostra dieta mediterr\u00e0nia.<\/h5>\n<p>[\/vc_column_text][vc_empty_space height=&#8221;10px&#8221;]<a href=\"https:\/\/centfocs.com\/index.php\/reserves\/\" target=\"_self\" data-hover-background-color=#a2a391  class=\"qbutton  large qbutton_with_icon\" style=\"color: #474747; border-color: #4c4c4c; font-weight: 400; font-size: 15px; border-radius: 2px;-moz-border-radius: 2px;-webkit-border-radius: 2px; \">RESERVA<i class=\"button_icon  fa fa-book\" style=\"\"><\/i><\/a>[vc_empty_space height=&#8221;10px&#8221;]<a href=\"https:\/\/centfocs.com\/index.php\/take-away\/\" target=\"_self\" data-hover-background-color=#a2a391  class=\"qbutton  large qbutton_with_icon\" style=\"color: #474747; border-color: #4c4c4c; font-weight: 500; font-size: 15px; border-radius: 2px;-moz-border-radius: 2px;-webkit-border-radius: 2px; \">TAKE AWAY<span class=\"button_icon  q_font_elegant_icon icon_bag\" aria-hidden=\"true\" style=\"\"><\/span><\/a>[\/vc_column_inner][vc_column_inner width=&#8221;1\/4&#8243;][\/vc_column_inner][\/vc_row_inner][vc_empty_space height=&#8221;45px&#8221;][vc_row_inner row_type=&#8221;row&#8221; type=&#8221;full_width&#8221; use_row_as_full_screen_section_slide=&#8221;no&#8221; text_align=&#8221;center&#8221; css_animation=&#8221;&#8221;][vc_column_inner][\/vc_column_inner][\/vc_row_inner][\/vc_column][\/vc_row][vc_row row_type=&#8221;row&#8221; use_row_as_full_screen_section=&#8221;yes&#8221; type=&#8221;full_width&#8221; text_align=&#8221;center&#8221; background_image=&#8221;3895&#8243; background_animation=&#8221;none&#8221; css_animation=&#8221;&#8221; css=&#8221;.vc_custom_1607339633437{background-image: url(https:\/\/centfocs.com\/wp-content\/uploads\/2020\/07\/Home2_restaurantlarambla-1024&#215;587-2.jpg?id=3827) !important;}&#8221;][vc_column][vc_empty_space height=&#8221;23px&#8221; css=&#8221;.vc_custom_1459339151117{padding-top: 25% !important;}&#8221;]<div class=\"custom_font_holder\" style=\"font-family: Poppins; font-size: 58px; line-height: 59px; font-style: normal; font-weight: 600; color: #252525; text-decoration: none; letter-spacing: 0.5px; background-color: rgba(255,255,255,0.85); padding: 25px 0 20px 0; margin: 0 0 0 0; text-align: center;\"><span>ENCARREGA EL TEU MEN\u00da DIARI<\/span><\/div>[vc_empty_space height=&#8221;25px&#8221;]<div class=\"custom_font_holder\" style=\"font-family: Raleway; font-size: 38px; line-height: 39px; font-style: normal; font-weight: 300; color: #ffffff; text-decoration: none; letter-spacing: 0.5px; padding: 25px 0 20px 0; margin: 0 0 0 0; text-align: center;\"><span><strong>DIETA MEDITERR\u00c0NIA<\/strong><\/span><\/div><div class=\"custom_font_holder\" style=\"font-family: Raleway; font-size: 50px; line-height: 37px; font-style: normal; font-weight: 600; color: #ffffff; text-decoration: none; letter-spacing: 0px; text-align: center;\"><span><\/p>\n<p style=\"text-align: center;\"><span style=\"color: #ffffff;\"><strong>CUINA TRADICIONAL \u00b7 DIETA EQUILIBRADA 100% EL\u00b7LABORACI\u00d3 PR\u00d2PIA<\/strong><\/span><\/p>\n<p><\/span><\/div>[vc_empty_space height=&#8221;30px&#8221;]<a href=\"https:\/\/centfocs.com\/index.php\/take-away\/\" target=\"_self\"  class=\"qbutton \" style=\"margin: 0 0 0 0; \">MEN\u00da DIARI TAKE AWAY<\/a>[vc_empty_space height=&#8221;30px&#8221;][vc_empty_space height=&#8221;30px&#8221;][\/vc_column][\/vc_row][vc_row row_type=&#8221;row&#8221; use_row_as_full_screen_section=&#8221;no&#8221; type=&#8221;grid&#8221; text_align=&#8221;left&#8221; background_animation=&#8221;none&#8221; css_animation=&#8221;&#8221; css=&#8221;.vc_custom_1591012460898{background-color: #e0dbd2 !important;}&#8221; background_color=&#8221;#e0dbd2&#8243;][vc_column][vc_empty_space]<div class=\"custom_font_holder\" style=\"font-family: Raleway; font-size: 60px; line-height: 26px; font-weight: 100; text-decoration: none; text-align: center;\"><span>MEN\u00da DIARI TAKE AWAY<\/span><\/div>[vc_empty_space]<div class=\"custom_font_holder\" style=\" font-size: 15px; line-height: 26px; font-weight: 300; text-decoration: none; text-align: left;\"><span><\/p>\n<h5 style=\"text-align: center;\">CUINEM CADA DIA PERQU\u00c8 MENGIS ON TU VULGUIS<\/h5>\n<p><\/span><\/div>[vc_separator type=&#8221;normal&#8221; border_style=&#8221;&#8221;][vc_empty_space][vc_row_inner row_type=&#8221;row&#8221; type=&#8221;full_width&#8221; use_row_as_full_screen_section_slide=&#8221;no&#8221; text_align=&#8221;left&#8221; side_padding=&#8221;10px 10px&#8221; css_animation=&#8221;&#8221;][vc_column_inner width=&#8221;1\/4&#8243;][vc_single_image image=&#8221;4423&#8243; img_size=&#8221;full&#8221; alignment=&#8221;center&#8221; qode_css_animation=&#8221;&#8221;][vc_empty_space][vc_column_text]<\/p>\n<h3 style=\"text-align: center;\"><strong>FES LA TEVA COMANDA<br \/>\n<\/strong><\/h3>\n<p>[\/vc_column_text][vc_column_text]<\/p>\n<p style=\"text-align: center;\">Pots fer la teva comanda<br \/>\n<strong>cada dia fins a la 15 h<br \/>\n<\/strong><\/p>\n<p style=\"text-align: center;\">DE DILLUNS A DIUMENGE<\/p>\n<p>[\/vc_column_text][\/vc_column_inner][vc_column_inner width=&#8221;1\/4&#8243;][vc_single_image image=&#8221;3837&#8243; img_size=&#8221;full&#8221; alignment=&#8221;center&#8221; qode_css_animation=&#8221;&#8221;][vc_empty_space][vc_column_text]<\/p>\n<h3 style=\"text-align: center;\"><strong>CUINEM<\/strong><\/h3>\n<p>[\/vc_column_text][vc_column_text]<\/p>\n<p style=\"text-align: center;\">Cuinem cada dia, per oferir-te un producte de qualitat.<\/p>\n<p>[\/vc_column_text][\/vc_column_inner][vc_column_inner width=&#8221;1\/4&#8243;][vc_single_image image=&#8221;3839&#8243; img_size=&#8221;full&#8221; alignment=&#8221;center&#8221; qode_css_animation=&#8221;&#8221;][vc_empty_space][vc_column_text]<\/p>\n<h3 style=\"text-align: center;\"><strong>RECULL<\/strong><\/h3>\n<p>[\/vc_column_text][vc_column_text]<\/p>\n<p style=\"text-align: center;\">Recull la teva comanda a partir de les 13 h fins a les 16 h.<\/p>\n<p>[\/vc_column_text][\/vc_column_inner][vc_column_inner width=&#8221;1\/4&#8243;][vc_single_image image=&#8221;3838&#8243; img_size=&#8221;full&#8221; alignment=&#8221;center&#8221; qode_css_animation=&#8221;&#8221;][vc_empty_space][vc_column_text]<\/p>\n<h3 style=\"text-align: center;\"><strong>BON PROFIT!<\/strong><\/h3>\n<p>[\/vc_column_text][vc_column_text]<\/p>\n<p style=\"text-align: center;\">Gaudeix del teu \u00e0pat cada dia de manera sana, equilibrada i sense fer la compra, ni cuinar ni netejar.<\/p>\n<p>[\/vc_column_text][\/vc_column_inner][\/vc_row_inner][vc_empty_space][\/vc_column][\/vc_row][vc_row row_type=&#8221;row&#8221; use_row_as_full_screen_section=&#8221;no&#8221; type=&#8221;grid&#8221; text_align=&#8221;left&#8221; background_animation=&#8221;none&#8221; css_animation=&#8221;&#8221;][vc_column width=&#8221;1\/3&#8243;][vc_empty_space height=&#8221;15px&#8221;]<div class=\"custom_font_holder\" style=\"font-family: Raleway; font-size: 30px; line-height: 26px; font-weight: 100; text-decoration: none; text-align: left;\"><span>_Amanides<\/span><\/div>[vc_empty_space height=&#8221;15px&#8221;][vc_single_image image=&#8221;4392&#8243; img_size=&#8221;large&#8221; alignment=&#8221;center&#8221; onclick=&#8221;zoom&#8221; qode_css_animation=&#8221;&#8221;][\/vc_column][vc_column width=&#8221;1\/3&#8243;][vc_empty_space height=&#8221;15px&#8221;]<div class=\"custom_font_holder\" style=\"font-family: Raleway; font-size: 30px; line-height: 26px; font-weight: 100; text-decoration: none; text-align: left;\"><span>_Picaplats<\/span><\/div>[vc_empty_space height=&#8221;15px&#8221;][vc_single_image image=&#8221;4440&#8243; img_size=&#8221;large&#8221; alignment=&#8221;center&#8221; onclick=&#8221;zoom&#8221; qode_css_animation=&#8221;&#8221;][\/vc_column][vc_column width=&#8221;1\/3&#8243;][vc_empty_space height=&#8221;15px&#8221;]<div class=\"custom_font_holder\" style=\"font-family: Raleway; font-size: 30px; line-height: 26px; font-weight: 100; text-decoration: none; text-align: left;\"><span>_De la terra i del mar<\/span><\/div>[vc_empty_space height=&#8221;15px&#8221;][vc_single_image image=&#8221;4451&#8243; img_size=&#8221;large&#8221; alignment=&#8221;center&#8221; onclick=&#8221;zoom&#8221; qode_css_animation=&#8221;&#8221;][\/vc_column][\/vc_row][vc_row row_type=&#8221;row&#8221; use_row_as_full_screen_section=&#8221;no&#8221; type=&#8221;grid&#8221; text_align=&#8221;left&#8221; background_animation=&#8221;none&#8221; css_animation=&#8221;&#8221;][vc_column width=&#8221;1\/3&#8243;][vc_empty_space height=&#8221;15px&#8221;]<div class=\"custom_font_holder\" style=\"font-family: Raleway; font-size: 30px; line-height: 26px; font-weight: 100; text-decoration: none; text-align: left;\"><span>_Arrossos<\/span><\/div>[vc_empty_space height=&#8221;15px&#8221;][vc_single_image image=&#8221;4445&#8243; img_size=&#8221;large&#8221; alignment=&#8221;center&#8221; onclick=&#8221;zoom&#8221; qode_css_animation=&#8221;&#8221;][\/vc_column][vc_column width=&#8221;1\/3&#8243;][vc_empty_space height=&#8221;15px&#8221;]<div class=\"custom_font_holder\" style=\"font-family: Raleway; font-size: 30px; line-height: 26px; font-weight: 100; text-decoration: none; text-align: left;\"><span>_Fem pasta fresca<\/span><\/div>[vc_empty_space height=&#8221;15px&#8221;][vc_single_image image=&#8221;4447&#8243; img_size=&#8221;large&#8221; alignment=&#8221;center&#8221; onclick=&#8221;zoom&#8221; qode_css_animation=&#8221;&#8221;][\/vc_column][vc_column width=&#8221;1\/3&#8243;][vc_empty_space height=&#8221;15px&#8221;]<div class=\"custom_font_holder\" style=\"font-family: Raleway; font-size: 30px; line-height: 26px; font-weight: 100; text-decoration: none; text-align: left;\"><span>_Les postres fetes a casa<\/span><\/div>[vc_empty_space height=&#8221;15px&#8221;][vc_single_image image=&#8221;4449&#8243; img_size=&#8221;large&#8221; alignment=&#8221;center&#8221; onclick=&#8221;zoom&#8221; qode_css_animation=&#8221;&#8221;][\/vc_column][\/vc_row][vc_row row_type=&#8221;row&#8221; use_row_as_full_screen_section=&#8221;no&#8221; type=&#8221;full_width&#8221; text_align=&#8221;left&#8221; background_animation=&#8221;none&#8221; css_animation=&#8221;&#8221;][vc_column][vc_empty_space height=&#8221;60px&#8221;][\/vc_column][\/vc_row]<\/p>\n","protected":false},"excerpt":{"rendered":"<p>[vc_row row_type=&#8221;row&#8221; use_row_as_full_screen_section=&#8221;no&#8221; type=&#8221;full_width&#8221; text_align=&#8221;left&#8221; background_animation=&#8221;none&#8221; css_animation=&#8221;&#8221;][vc_column][vc_empty_space height=&#8221;45px&#8221;][vc_column_text] MENJA B\u00c9 ALL\u00c0 ON SIGUIS [\/vc_column_text][vc_empty_space height=&#8221;45px&#8221;][vc_row_inner row_type=&#8221;row&#8221; type=&#8221;full_width&#8221; use_row_as_full_screen_section_slide=&#8221;no&#8221; text_align=&#8221;center&#8221; css_animation=&#8221;&#8221;][vc_column_inner width=&#8221;1\/4&#8243;][\/vc_column_inner][vc_column_inner width=&#8221;1\/2&#8243;][vc_column_text] La clau d&#8217;un bon plat rau en la qualitat del producte. Al restaurant Centfocs arriben cada dia els productes frescos i de qualitat&#8230;.<\/p>\n","protected":false},"author":3,"featured_media":0,"parent":0,"menu_order":38,"comment_status":"closed","ping_status":"closed","template":"","meta":{"_monsterinsights_skip_tracking":false,"_monsterinsights_sitenote_active":false,"_monsterinsights_sitenote_note":"","_monsterinsights_sitenote_category":0,"footnotes":""},"class_list":["post-65","page","type-page","status-publish","hentry"],"yoast_head":"<!-- This site is optimized with the Yoast SEO plugin v27.6 - https:\/\/yoast.com\/product\/yoast-seo-wordpress\/ -->\n<title>Home - Centfocs<\/title>\n<meta name=\"robots\" content=\"index, follow, max-snippet:-1, max-image-preview:large, max-video-preview:-1\" \/>\n<link rel=\"canonical\" href=\"https:\/\/centfocs.com\/\" \/>\n<meta property=\"og:locale\" content=\"ca_ES\" \/>\n<meta property=\"og:type\" content=\"article\" \/>\n<meta property=\"og:title\" content=\"Home - Centfocs\" \/>\n<meta property=\"og:description\" content=\"[vc_row row_type=&#8221;row&#8221; use_row_as_full_screen_section=&#8221;no&#8221; type=&#8221;full_width&#8221; text_align=&#8221;left&#8221; background_animation=&#8221;none&#8221; css_animation=&#8221;&#8221;][vc_column][vc_empty_space height=&#8221;45px&#8221;][vc_column_text] MENJA B\u00c9 ALL\u00c0 ON SIGUIS [\/vc_column_text][vc_empty_space height=&#8221;45px&#8221;][vc_row_inner row_type=&#8221;row&#8221; type=&#8221;full_width&#8221; use_row_as_full_screen_section_slide=&#8221;no&#8221; text_align=&#8221;center&#8221; css_animation=&#8221;&#8221;][vc_column_inner width=&#8221;1\/4&#8243;][\/vc_column_inner][vc_column_inner width=&#8221;1\/2&#8243;][vc_column_text] La clau d&#8217;un bon plat rau en la qualitat del producte. Al restaurant Centfocs arriben cada dia els productes frescos i de qualitat....\" \/>\n<meta property=\"og:url\" content=\"https:\/\/centfocs.com\/\" \/>\n<meta property=\"og:site_name\" content=\"Centfocs\" \/>\n<meta property=\"article:publisher\" content=\"https:\/\/www.facebook.com\/centfocsrestaurant\" \/>\n<meta property=\"article:modified_time\" content=\"2021-02-13T08:11:44+00:00\" \/>\n<meta property=\"og:image\" content=\"https:\/\/centfocs.com\/wp-content\/uploads\/2020\/08\/home_centfocs.jpg\" \/>\n\t<meta property=\"og:image:width\" content=\"1440\" \/>\n\t<meta property=\"og:image:height\" content=\"603\" \/>\n\t<meta property=\"og:image:type\" content=\"image\/jpeg\" \/>\n<meta name=\"twitter:card\" content=\"summary_large_image\" \/>\n<meta name=\"twitter:label1\" content=\"Temps estimat de lectura\" \/>\n\t<meta name=\"twitter:data1\" content=\"6 minuts\" \/>\n<script type=\"application\/ld+json\" class=\"yoast-schema-graph\">{\"@context\":\"https:\\\/\\\/schema.org\",\"@graph\":[{\"@type\":\"WebPage\",\"@id\":\"https:\\\/\\\/centfocs.com\\\/\",\"url\":\"https:\\\/\\\/centfocs.com\\\/\",\"name\":\"Home - Centfocs\",\"isPartOf\":{\"@id\":\"https:\\\/\\\/centfocs.com\\\/#website\"},\"datePublished\":\"2014-02-25T17:49:31+00:00\",\"dateModified\":\"2021-02-13T08:11:44+00:00\",\"breadcrumb\":{\"@id\":\"https:\\\/\\\/centfocs.com\\\/#breadcrumb\"},\"inLanguage\":\"ca\",\"potentialAction\":[{\"@type\":\"ReadAction\",\"target\":[\"https:\\\/\\\/centfocs.com\\\/\"]}]},{\"@type\":\"BreadcrumbList\",\"@id\":\"https:\\\/\\\/centfocs.com\\\/#breadcrumb\",\"itemListElement\":[{\"@type\":\"ListItem\",\"position\":1,\"name\":\"Portada\",\"item\":\"https:\\\/\\\/centfocs.com\\\/\"},{\"@type\":\"ListItem\",\"position\":2,\"name\":\"Home\"}]},{\"@type\":\"WebSite\",\"@id\":\"https:\\\/\\\/centfocs.com\\\/#website\",\"url\":\"https:\\\/\\\/centfocs.com\\\/\",\"name\":\"Centfocs\",\"description\":\"Cuina tradicional al cor de Barcelona\",\"publisher\":{\"@id\":\"https:\\\/\\\/centfocs.com\\\/#organization\"},\"potentialAction\":[{\"@type\":\"SearchAction\",\"target\":{\"@type\":\"EntryPoint\",\"urlTemplate\":\"https:\\\/\\\/centfocs.com\\\/?s={search_term_string}\"},\"query-input\":{\"@type\":\"PropertyValueSpecification\",\"valueRequired\":true,\"valueName\":\"search_term_string\"}}],\"inLanguage\":\"ca\"},{\"@type\":\"Organization\",\"@id\":\"https:\\\/\\\/centfocs.com\\\/#organization\",\"name\":\"Restaurant Centfocs\",\"url\":\"https:\\\/\\\/centfocs.com\\\/\",\"logo\":{\"@type\":\"ImageObject\",\"inLanguage\":\"ca\",\"@id\":\"https:\\\/\\\/centfocs.com\\\/#\\\/schema\\\/logo\\\/image\\\/\",\"url\":\"https:\\\/\\\/centfocs.com\\\/wp-content\\\/uploads\\\/2021\\\/11\\\/logo_centfocs_newsletter.jpg\",\"contentUrl\":\"https:\\\/\\\/centfocs.com\\\/wp-content\\\/uploads\\\/2021\\\/11\\\/logo_centfocs_newsletter.jpg\",\"width\":669,\"height\":119,\"caption\":\"Restaurant Centfocs\"},\"image\":{\"@id\":\"https:\\\/\\\/centfocs.com\\\/#\\\/schema\\\/logo\\\/image\\\/\"},\"sameAs\":[\"https:\\\/\\\/www.facebook.com\\\/centfocsrestaurant\",\"https:\\\/\\\/www.instagram.com\\\/centfocsrestaurant\\\/\"]}]}<\/script>\n<!-- \/ Yoast SEO plugin. -->","yoast_head_json":{"title":"Home - Centfocs","robots":{"index":"index","follow":"follow","max-snippet":"max-snippet:-1","max-image-preview":"max-image-preview:large","max-video-preview":"max-video-preview:-1"},"canonical":"https:\/\/centfocs.com\/","og_locale":"ca_ES","og_type":"article","og_title":"Home - Centfocs","og_description":"[vc_row row_type=&#8221;row&#8221; use_row_as_full_screen_section=&#8221;no&#8221; type=&#8221;full_width&#8221; text_align=&#8221;left&#8221; background_animation=&#8221;none&#8221; css_animation=&#8221;&#8221;][vc_column][vc_empty_space height=&#8221;45px&#8221;][vc_column_text] MENJA B\u00c9 ALL\u00c0 ON SIGUIS [\/vc_column_text][vc_empty_space height=&#8221;45px&#8221;][vc_row_inner row_type=&#8221;row&#8221; type=&#8221;full_width&#8221; use_row_as_full_screen_section_slide=&#8221;no&#8221; text_align=&#8221;center&#8221; css_animation=&#8221;&#8221;][vc_column_inner width=&#8221;1\/4&#8243;][\/vc_column_inner][vc_column_inner width=&#8221;1\/2&#8243;][vc_column_text] La clau d&#8217;un bon plat rau en la qualitat del producte. Al restaurant Centfocs arriben cada dia els productes frescos i de qualitat....","og_url":"https:\/\/centfocs.com\/","og_site_name":"Centfocs","article_publisher":"https:\/\/www.facebook.com\/centfocsrestaurant","article_modified_time":"2021-02-13T08:11:44+00:00","og_image":[{"width":1440,"height":603,"url":"https:\/\/centfocs.com\/wp-content\/uploads\/2020\/08\/home_centfocs.jpg","type":"image\/jpeg"}],"twitter_card":"summary_large_image","twitter_misc":{"Temps estimat de lectura":"6 minuts"},"schema":{"@context":"https:\/\/schema.org","@graph":[{"@type":"WebPage","@id":"https:\/\/centfocs.com\/","url":"https:\/\/centfocs.com\/","name":"Home - Centfocs","isPartOf":{"@id":"https:\/\/centfocs.com\/#website"},"datePublished":"2014-02-25T17:49:31+00:00","dateModified":"2021-02-13T08:11:44+00:00","breadcrumb":{"@id":"https:\/\/centfocs.com\/#breadcrumb"},"inLanguage":"ca","potentialAction":[{"@type":"ReadAction","target":["https:\/\/centfocs.com\/"]}]},{"@type":"BreadcrumbList","@id":"https:\/\/centfocs.com\/#breadcrumb","itemListElement":[{"@type":"ListItem","position":1,"name":"Portada","item":"https:\/\/centfocs.com\/"},{"@type":"ListItem","position":2,"name":"Home"}]},{"@type":"WebSite","@id":"https:\/\/centfocs.com\/#website","url":"https:\/\/centfocs.com\/","name":"Centfocs","description":"Cuina tradicional al cor de Barcelona","publisher":{"@id":"https:\/\/centfocs.com\/#organization"},"potentialAction":[{"@type":"SearchAction","target":{"@type":"EntryPoint","urlTemplate":"https:\/\/centfocs.com\/?s={search_term_string}"},"query-input":{"@type":"PropertyValueSpecification","valueRequired":true,"valueName":"search_term_string"}}],"inLanguage":"ca"},{"@type":"Organization","@id":"https:\/\/centfocs.com\/#organization","name":"Restaurant Centfocs","url":"https:\/\/centfocs.com\/","logo":{"@type":"ImageObject","inLanguage":"ca","@id":"https:\/\/centfocs.com\/#\/schema\/logo\/image\/","url":"https:\/\/centfocs.com\/wp-content\/uploads\/2021\/11\/logo_centfocs_newsletter.jpg","contentUrl":"https:\/\/centfocs.com\/wp-content\/uploads\/2021\/11\/logo_centfocs_newsletter.jpg","width":669,"height":119,"caption":"Restaurant Centfocs"},"image":{"@id":"https:\/\/centfocs.com\/#\/schema\/logo\/image\/"},"sameAs":["https:\/\/www.facebook.com\/centfocsrestaurant","https:\/\/www.instagram.com\/centfocsrestaurant\/"]}]}},"_links":{"self":[{"href":"https:\/\/centfocs.com\/index.php\/wp-json\/wp\/v2\/pages\/65","targetHints":{"allow":["GET"]}}],"collection":[{"href":"https:\/\/centfocs.com\/index.php\/wp-json\/wp\/v2\/pages"}],"about":[{"href":"https:\/\/centfocs.com\/index.php\/wp-json\/wp\/v2\/types\/page"}],"author":[{"embeddable":true,"href":"https:\/\/centfocs.com\/index.php\/wp-json\/wp\/v2\/users\/3"}],"replies":[{"embeddable":true,"href":"https:\/\/centfocs.com\/index.php\/wp-json\/wp\/v2\/comments?post=65"}],"version-history":[{"count":25,"href":"https:\/\/centfocs.com\/index.php\/wp-json\/wp\/v2\/pages\/65\/revisions"}],"predecessor-version":[{"id":4633,"href":"https:\/\/centfocs.com\/index.php\/wp-json\/wp\/v2\/pages\/65\/revisions\/4633"}],"wp:attachment":[{"href":"https:\/\/centfocs.com\/index.php\/wp-json\/wp\/v2\/media?parent=65"}],"curies":[{"name":"wp","href":"https:\/\/api.w.org\/{rel}","templated":true}]}}