{"id":541,"date":"2014-09-18T12:42:10","date_gmt":"2014-09-18T12:42:10","guid":{"rendered":"https:\/\/www.restaurantlarambla.com\/?page_id=541"},"modified":"2016-03-30T09:00:00","modified_gmt":"2016-03-30T09:00:00","slug":"menu-de-grupo-a-30e","status":"publish","type":"page","link":"https:\/\/centfocs.com\/index.php\/menu-de-grupo-a-30e\/?lang=es","title":{"rendered":"Men\u00fa Tapeo"},"content":{"rendered":"<p><!--\n\n\n<h2 style=\"text-align: center;\"><strong><span style=\"text-decoration: underline;\">Men\u00fa Tapeo: 25 \u20ac (IVA incluido)<\/span><\/strong><\/h2>\n\n\n\n\n<p style=\"text-align: right; margin: 0px 0; display: block;\">\n\n\n<p style=\"text-align: center;\">Para poder garantizar la mejor calidad de los platos y poder seguir ofreciendo el producto fresco, los men\u00fas pueden ser modificados sin previo aviso garantizando\u00a0 la misma calidad.<a href=\"https:\/\/www.centfocs.com\/wp-content\/uploads\/2014\/03\/Tapeo_cast.png\"><img loading=\"lazy\" decoding=\"async\" class=\"aligncenter size-full wp-image-2141\" src=\"https:\/\/www.centfocs.com\/wp-content\/uploads\/2014\/03\/Tapeo_cast.png\" alt=\"Tapeo_cast\" width=\"724\" height=\"945\" srcset=\"https:\/\/centfocs.com\/wp-content\/uploads\/2014\/03\/Tapeo_cast.png 724w, https:\/\/centfocs.com\/wp-content\/uploads\/2014\/03\/Tapeo_cast-230x300.png 230w\" sizes=\"auto, (max-width: 724px) 100vw, 724px\" \/><\/a><\/p>\n\n\n--><br \/>\n<iframe loading=\"lazy\" src=\"https:\/\/centfocs.centfocs.com\/administracio\/recetas\/showMenuGrups4Plats.php?ID=3&amp;rest=centfocs\" width=\"800\" height=\"2400\" scrolling=\"no\"><\/iframe><\/p>\n<p><strong><span style=\"color: #000000;\">CONSULTE LOS POSIBLES AL\u00c9RGENOS en www.centfocs o a nuestro personal (todos los platos pueden contener trazas de al\u00e9rgenos)<a href=\"https:\/\/www.centfocs.com\/wp-content\/uploads\/2014\/11\/Captura-de-pantalla-2016-03-29-a-las-17.48.42.png\"><img loading=\"lazy\" decoding=\"async\" class=\"size-full wp-image-2362 alignleft\" src=\"https:\/\/www.centfocs.com\/wp-content\/uploads\/2014\/11\/Captura-de-pantalla-2016-03-29-a-las-17.48.42.png\" alt=\"Captura de pantalla 2016-03-29 a las 17.48.42\" width=\"899\" height=\"68\" srcset=\"https:\/\/centfocs.com\/wp-content\/uploads\/2014\/11\/Captura-de-pantalla-2016-03-29-a-las-17.48.42.png 899w, https:\/\/centfocs.com\/wp-content\/uploads\/2014\/11\/Captura-de-pantalla-2016-03-29-a-las-17.48.42-300x23.png 300w\" sizes=\"auto, (max-width: 899px) 100vw, 899px\" \/><\/a><\/span><\/strong><\/p>\n<p>&nbsp;<\/p>\n","protected":false},"excerpt":{"rendered":"<p>CONSULTE LOS POSIBLES AL\u00c9RGENOS en www.centfocs o a nuestro personal (todos los platos pueden contener trazas de al\u00e9rgenos) &nbsp;<\/p>\n","protected":false},"author":3,"featured_media":0,"parent":0,"menu_order":52,"comment_status":"closed","ping_status":"closed","template":"template-menu1.php","meta":{"_monsterinsights_skip_tracking":false,"_monsterinsights_sitenote_active":false,"_monsterinsights_sitenote_note":"","_monsterinsights_sitenote_category":0,"footnotes":""},"class_list":["post-541","page","type-page","status-publish","hentry"],"yoast_head":"<!-- This site is optimized with the Yoast SEO plugin v27.5 - https:\/\/yoast.com\/product\/yoast-seo-wordpress\/ -->\n<title>Men\u00fa Tapeo - Centfocs<\/title>\n<meta name=\"robots\" content=\"index, follow, max-snippet:-1, max-image-preview:large, max-video-preview:-1\" \/>\n<link rel=\"canonical\" href=\"https:\/\/centfocs.com\/index.php\/menu-de-grupo-a-30e\/\" \/>\n<meta property=\"og:locale\" content=\"ca_ES\" \/>\n<meta property=\"og:type\" content=\"article\" \/>\n<meta property=\"og:title\" content=\"Men\u00fa Tapeo - Centfocs\" \/>\n<meta property=\"og:description\" content=\"CONSULTE LOS POSIBLES AL\u00c9RGENOS en www.centfocs o a nuestro personal (todos los platos pueden contener trazas de al\u00e9rgenos) &nbsp;\" \/>\n<meta property=\"og:url\" content=\"https:\/\/centfocs.com\/index.php\/menu-de-grupo-a-30e\/?lang=es\" \/>\n<meta property=\"og:site_name\" content=\"Centfocs\" \/>\n<meta property=\"article:publisher\" content=\"https:\/\/www.facebook.com\/centfocsrestaurant\" \/>\n<meta property=\"article:modified_time\" content=\"2016-03-30T09:00:00+00:00\" \/>\n<meta property=\"og:image\" content=\"https:\/\/www.centfocs.com\/wp-content\/uploads\/2014\/03\/Tapeo_cast.png\" \/>\n<meta name=\"twitter:card\" content=\"summary_large_image\" \/>\n<script type=\"application\/ld+json\" class=\"yoast-schema-graph\">{\"@context\":\"https:\\\/\\\/schema.org\",\"@graph\":[{\"@type\":\"WebPage\",\"@id\":\"https:\\\/\\\/centfocs.com\\\/index.php\\\/menu-de-grupo-a-30e\\\/?lang=es\",\"url\":\"https:\\\/\\\/centfocs.com\\\/index.php\\\/menu-de-grupo-a-30e\\\/?lang=es\",\"name\":\"Men\u00fa Tapeo - Centfocs\",\"isPartOf\":{\"@id\":\"https:\\\/\\\/centfocs.com\\\/#website\"},\"primaryImageOfPage\":{\"@id\":\"https:\\\/\\\/centfocs.com\\\/index.php\\\/menu-de-grupo-a-30e\\\/?lang=es#primaryimage\"},\"image\":{\"@id\":\"https:\\\/\\\/centfocs.com\\\/index.php\\\/menu-de-grupo-a-30e\\\/?lang=es#primaryimage\"},\"thumbnailUrl\":\"https:\\\/\\\/www.centfocs.com\\\/wp-content\\\/uploads\\\/2014\\\/03\\\/Tapeo_cast.png\",\"datePublished\":\"2014-09-18T12:42:10+00:00\",\"dateModified\":\"2016-03-30T09:00:00+00:00\",\"breadcrumb\":{\"@id\":\"https:\\\/\\\/centfocs.com\\\/index.php\\\/menu-de-grupo-a-30e\\\/?lang=es#breadcrumb\"},\"inLanguage\":\"ca\",\"potentialAction\":[{\"@type\":\"ReadAction\",\"target\":[\"https:\\\/\\\/centfocs.com\\\/index.php\\\/menu-de-grupo-a-30e\\\/?lang=es\"]}]},{\"@type\":\"ImageObject\",\"inLanguage\":\"ca\",\"@id\":\"https:\\\/\\\/centfocs.com\\\/index.php\\\/menu-de-grupo-a-30e\\\/?lang=es#primaryimage\",\"url\":\"https:\\\/\\\/www.centfocs.com\\\/wp-content\\\/uploads\\\/2014\\\/03\\\/Tapeo_cast.png\",\"contentUrl\":\"https:\\\/\\\/www.centfocs.com\\\/wp-content\\\/uploads\\\/2014\\\/03\\\/Tapeo_cast.png\"},{\"@type\":\"BreadcrumbList\",\"@id\":\"https:\\\/\\\/centfocs.com\\\/index.php\\\/menu-de-grupo-a-30e\\\/?lang=es#breadcrumb\",\"itemListElement\":[{\"@type\":\"ListItem\",\"position\":1,\"name\":\"Portada\",\"item\":\"https:\\\/\\\/centfocs.com\\\/\"},{\"@type\":\"ListItem\",\"position\":2,\"name\":\"Men\u00fa Tapeo\"}]},{\"@type\":\"WebSite\",\"@id\":\"https:\\\/\\\/centfocs.com\\\/#website\",\"url\":\"https:\\\/\\\/centfocs.com\\\/\",\"name\":\"Centfocs\",\"description\":\"Cuina tradicional al cor de Barcelona\",\"publisher\":{\"@id\":\"https:\\\/\\\/centfocs.com\\\/#organization\"},\"potentialAction\":[{\"@type\":\"SearchAction\",\"target\":{\"@type\":\"EntryPoint\",\"urlTemplate\":\"https:\\\/\\\/centfocs.com\\\/?s={search_term_string}\"},\"query-input\":{\"@type\":\"PropertyValueSpecification\",\"valueRequired\":true,\"valueName\":\"search_term_string\"}}],\"inLanguage\":\"ca\"},{\"@type\":\"Organization\",\"@id\":\"https:\\\/\\\/centfocs.com\\\/#organization\",\"name\":\"Restaurant Centfocs\",\"url\":\"https:\\\/\\\/centfocs.com\\\/\",\"logo\":{\"@type\":\"ImageObject\",\"inLanguage\":\"ca\",\"@id\":\"https:\\\/\\\/centfocs.com\\\/#\\\/schema\\\/logo\\\/image\\\/\",\"url\":\"https:\\\/\\\/centfocs.com\\\/wp-content\\\/uploads\\\/2021\\\/11\\\/logo_centfocs_newsletter.jpg\",\"contentUrl\":\"https:\\\/\\\/centfocs.com\\\/wp-content\\\/uploads\\\/2021\\\/11\\\/logo_centfocs_newsletter.jpg\",\"width\":669,\"height\":119,\"caption\":\"Restaurant Centfocs\"},\"image\":{\"@id\":\"https:\\\/\\\/centfocs.com\\\/#\\\/schema\\\/logo\\\/image\\\/\"},\"sameAs\":[\"https:\\\/\\\/www.facebook.com\\\/centfocsrestaurant\",\"https:\\\/\\\/www.instagram.com\\\/centfocsrestaurant\\\/\"]}]}<\/script>\n<!-- \/ Yoast SEO plugin. -->","yoast_head_json":{"title":"Men\u00fa Tapeo - Centfocs","robots":{"index":"index","follow":"follow","max-snippet":"max-snippet:-1","max-image-preview":"max-image-preview:large","max-video-preview":"max-video-preview:-1"},"canonical":"https:\/\/centfocs.com\/index.php\/menu-de-grupo-a-30e\/","og_locale":"ca_ES","og_type":"article","og_title":"Men\u00fa Tapeo - Centfocs","og_description":"CONSULTE LOS POSIBLES AL\u00c9RGENOS en www.centfocs o a nuestro personal (todos los platos pueden contener trazas de al\u00e9rgenos) &nbsp;","og_url":"https:\/\/centfocs.com\/index.php\/menu-de-grupo-a-30e\/?lang=es","og_site_name":"Centfocs","article_publisher":"https:\/\/www.facebook.com\/centfocsrestaurant","article_modified_time":"2016-03-30T09:00:00+00:00","og_image":[{"url":"https:\/\/www.centfocs.com\/wp-content\/uploads\/2014\/03\/Tapeo_cast.png","type":"","width":"","height":""}],"twitter_card":"summary_large_image","schema":{"@context":"https:\/\/schema.org","@graph":[{"@type":"WebPage","@id":"https:\/\/centfocs.com\/index.php\/menu-de-grupo-a-30e\/?lang=es","url":"https:\/\/centfocs.com\/index.php\/menu-de-grupo-a-30e\/?lang=es","name":"Men\u00fa Tapeo - Centfocs","isPartOf":{"@id":"https:\/\/centfocs.com\/#website"},"primaryImageOfPage":{"@id":"https:\/\/centfocs.com\/index.php\/menu-de-grupo-a-30e\/?lang=es#primaryimage"},"image":{"@id":"https:\/\/centfocs.com\/index.php\/menu-de-grupo-a-30e\/?lang=es#primaryimage"},"thumbnailUrl":"https:\/\/www.centfocs.com\/wp-content\/uploads\/2014\/03\/Tapeo_cast.png","datePublished":"2014-09-18T12:42:10+00:00","dateModified":"2016-03-30T09:00:00+00:00","breadcrumb":{"@id":"https:\/\/centfocs.com\/index.php\/menu-de-grupo-a-30e\/?lang=es#breadcrumb"},"inLanguage":"ca","potentialAction":[{"@type":"ReadAction","target":["https:\/\/centfocs.com\/index.php\/menu-de-grupo-a-30e\/?lang=es"]}]},{"@type":"ImageObject","inLanguage":"ca","@id":"https:\/\/centfocs.com\/index.php\/menu-de-grupo-a-30e\/?lang=es#primaryimage","url":"https:\/\/www.centfocs.com\/wp-content\/uploads\/2014\/03\/Tapeo_cast.png","contentUrl":"https:\/\/www.centfocs.com\/wp-content\/uploads\/2014\/03\/Tapeo_cast.png"},{"@type":"BreadcrumbList","@id":"https:\/\/centfocs.com\/index.php\/menu-de-grupo-a-30e\/?lang=es#breadcrumb","itemListElement":[{"@type":"ListItem","position":1,"name":"Portada","item":"https:\/\/centfocs.com\/"},{"@type":"ListItem","position":2,"name":"Men\u00fa Tapeo"}]},{"@type":"WebSite","@id":"https:\/\/centfocs.com\/#website","url":"https:\/\/centfocs.com\/","name":"Centfocs","description":"Cuina tradicional al cor de Barcelona","publisher":{"@id":"https:\/\/centfocs.com\/#organization"},"potentialAction":[{"@type":"SearchAction","target":{"@type":"EntryPoint","urlTemplate":"https:\/\/centfocs.com\/?s={search_term_string}"},"query-input":{"@type":"PropertyValueSpecification","valueRequired":true,"valueName":"search_term_string"}}],"inLanguage":"ca"},{"@type":"Organization","@id":"https:\/\/centfocs.com\/#organization","name":"Restaurant Centfocs","url":"https:\/\/centfocs.com\/","logo":{"@type":"ImageObject","inLanguage":"ca","@id":"https:\/\/centfocs.com\/#\/schema\/logo\/image\/","url":"https:\/\/centfocs.com\/wp-content\/uploads\/2021\/11\/logo_centfocs_newsletter.jpg","contentUrl":"https:\/\/centfocs.com\/wp-content\/uploads\/2021\/11\/logo_centfocs_newsletter.jpg","width":669,"height":119,"caption":"Restaurant Centfocs"},"image":{"@id":"https:\/\/centfocs.com\/#\/schema\/logo\/image\/"},"sameAs":["https:\/\/www.facebook.com\/centfocsrestaurant","https:\/\/www.instagram.com\/centfocsrestaurant\/"]}]}},"_links":{"self":[{"href":"https:\/\/centfocs.com\/index.php\/wp-json\/wp\/v2\/pages\/541","targetHints":{"allow":["GET"]}}],"collection":[{"href":"https:\/\/centfocs.com\/index.php\/wp-json\/wp\/v2\/pages"}],"about":[{"href":"https:\/\/centfocs.com\/index.php\/wp-json\/wp\/v2\/types\/page"}],"author":[{"embeddable":true,"href":"https:\/\/centfocs.com\/index.php\/wp-json\/wp\/v2\/users\/3"}],"replies":[{"embeddable":true,"href":"https:\/\/centfocs.com\/index.php\/wp-json\/wp\/v2\/comments?post=541"}],"version-history":[{"count":12,"href":"https:\/\/centfocs.com\/index.php\/wp-json\/wp\/v2\/pages\/541\/revisions"}],"predecessor-version":[{"id":2421,"href":"https:\/\/centfocs.com\/index.php\/wp-json\/wp\/v2\/pages\/541\/revisions\/2421"}],"wp:attachment":[{"href":"https:\/\/centfocs.com\/index.php\/wp-json\/wp\/v2\/media?parent=541"}],"curies":[{"name":"wp","href":"https:\/\/api.w.org\/{rel}","templated":true}]}}