{"id":4745,"date":"2021-11-11T17:05:48","date_gmt":"2021-11-11T16:05:48","guid":{"rendered":"https:\/\/centfocs.com\/?page_id=4745"},"modified":"2021-11-12T10:05:39","modified_gmt":"2021-11-12T09:05:39","slug":"nadal-sant-esteve","status":"publish","type":"page","link":"https:\/\/centfocs.com\/index.php\/nadal-sant-esteve\/?lang=es","title":{"rendered":"NAVIDAD &#038; SAN ESTEBAN"},"content":{"rendered":"<p>[vc_row row_type=&#8221;row&#8221; use_row_as_full_screen_section=&#8221;no&#8221; type=&#8221;full_width&#8221; text_align=&#8221;left&#8221; background_animation=&#8221;none&#8221; css_animation=&#8221;&#8221;][vc_column][vc_single_image image=&#8221;4770&#8243; img_size=&#8221;full&#8221; alignment=&#8221;center&#8221; qode_css_animation=&#8221;&#8221;][\/vc_column][\/vc_row][vc_row row_type=&#8221;row&#8221; use_row_as_full_screen_section=&#8221;no&#8221; type=&#8221;full_width&#8221; text_align=&#8221;center&#8221; background_animation=&#8221;none&#8221; css_animation=&#8221;&#8221;][vc_column width=&#8221;1\/2&#8243;]<a href=\"https:\/\/centfocs.com\/index.php\/reserves-2\/?lang=es\" target=\"_self\"  class=\"qbutton \" style=\"\">RESERVA MESA<\/a>[\/vc_column][vc_column width=&#8221;1\/2&#8243;]<a href=\"https:\/\/centfocs.com\/wp-content\/uploads\/2021\/11\/Nadal_stesteve-Centfocs_21-2.pdf\" target=\"_self\"  class=\"qbutton \" style=\"\">DESCARGA EL MEN\u00da<\/a>[\/vc_column][\/vc_row][vc_row row_type=&#8221;row&#8221; use_row_as_full_screen_section=&#8221;no&#8221; type=&#8221;full_width&#8221; text_align=&#8221;left&#8221; background_animation=&#8221;none&#8221; css_animation=&#8221;&#8221; css=&#8221;.vc_custom_1636646791820{background-image: url(https:\/\/centfocs.com\/wp-content\/uploads\/2021\/11\/fons.jpg?id=4708) !important;}&#8221;][vc_column][vc_column_text]<\/p>\n<h4 style=\"text-align: center;\">PRIMEROS<\/h4>\n<h5 style=\"text-align: center;\">\u00a0Sopa de Navidad con galets y \u201cpilota\u201d<\/h5>\n<h5><\/h5>\n<h5 style=\"text-align: center;\">Caldereta de rape y gambas<\/h5>\n<h5><\/h5>\n<h5 style=\"text-align: center;\">Nuestro canel\u00f3n XL de pasta fresca con rustido de pay\u00e9s y bechamel trufada<\/h5>\n<h5><\/h5>\n<h5 style=\"text-align: center;\">Ensalada de verduras, quinoa, cigalas, salm\u00f3n y aguacate con vinagreta de miel, mostaza y soja<\/h5>\n<h5><\/h5>\n<h5 style=\"text-align: center;\">Risotto de boletus con foie po\u00eal\u00e9<\/h5>\n<h5><\/h5>\n<h5 style=\"text-align: center;\">Sorrentino de rovellones y butifarra del Montseny<\/h5>\n<h5><\/h5>\n<h5 style=\"text-align: center;\">Crujiente de rape, cigalas y verduritas con salsa de rebozuelos<\/h5>\n<h5><\/h5>\n<h5 style=\"text-align: center;\">Carpaccio de ternera con escamas de parmesano y vinagreta de setas y mostaza<\/h5>\n<h4><\/h4>\n<p>&nbsp;<\/p>\n<h4 style=\"text-align: center;\">SEGUNDOS<\/h4>\n<p>&nbsp;<\/p>\n<h5 style=\"text-align: center;\">Morro de bacalao gratinado a la mouselina de manzana y miel con tallarines de cebolla<\/h5>\n<h5><\/h5>\n<h5 style=\"text-align: center;\">Rape a la marinera con gambas y cigalas<\/h5>\n<h5><\/h5>\n<h5 style=\"text-align: center;\">Mar y monta\u00f1a de rodaballo, rebozuelos y pies de cerdo sin faena<\/h5>\n<h5><\/h5>\n<h5 style=\"text-align: center;\">Cochinillo confitado y sin faena con salsa de Ratafia<\/h5>\n<h5><\/h5>\n<h5 style=\"text-align: center;\">Meloso de cabrito, albaricoques, boniato y Armagnac<\/h5>\n<h5><\/h5>\n<h5 style=\"text-align: center;\">Fricand\u00f3 de Navidad con setas y n\u00edscalos<\/h5>\n<h5><\/h5>\n<h5 style=\"text-align: center;\">Hamburguesa de solomillo de ternera y papada ib\u00e9rica con foie po\u00eal\u00e9 y salsa oporto<\/h5>\n<h5><\/h5>\n<h5 style=\"text-align: center;\">POSTRES<\/h5>\n<h5><\/h5>\n<h5 style=\"text-align: center;\">Panna cotta de mel i mat\u00f3 con nueces caramelizadas y espuma de miel<\/h5>\n<h5><\/h5>\n<h5 style=\"text-align: center;\">Pastel de mango, pasi\u00f3n y caf\u00e9 con helado de mango<\/h5>\n<h5><\/h5>\n<h5 style=\"text-align: center;\">Mousse de yogur y lima con espuma de mandarina<\/h5>\n<h5><\/h5>\n<h5 style=\"text-align: center;\">Coulant de chocolate, crumble de cacao y helado de vainilla<\/h5>\n<h5><\/h5>\n<h5 style=\"text-align: center;\">Raviolis de pi\u00f1a y coco con helado de coco<\/h5>\n<h5><\/h5>\n<h5 style=\"text-align: center;\">Profiteroles de nata con chocolate fondant Sorbete de mojito<\/h5>\n<h5><\/h5>\n<h5><\/h5>\n<h5 style=\"text-align: center;\">BODEGA<\/h5>\n<p>&nbsp;<\/p>\n<h5 style=\"text-align: center;\">Aguas Minerales<\/h5>\n<h5 style=\"text-align: center;\">Vino Tinto G\u00f3mez de Segura &#8220;Rioja&#8221;<\/h5>\n<h5 style=\"text-align: center;\">Vino Blanco White &#8211; Heretat Mont Rub\u00ed &#8220;Pened\u00e8s&#8221;<\/h5>\n<h5 style=\"text-align: center;\">Parxet &#8211; Cava Brut Reserva<\/h5>\n<h5 style=\"text-align: center;\">Caf\u00e9s y Surtido de Turrones<\/h5>\n<p>[\/vc_column_text][vc_column_text css=&#8221;.vc_custom_1636706685208{background-color: #c9c9c9 !important;}&#8221;]<\/p>\n<h4 style=\"text-align: center;\">65\u20ac (IVA incluido)<\/h4>\n<p>[\/vc_column_text][vc_empty_space][vc_column_text]<\/p>\n<h4 style=\"text-align: center;\">PARA LOS PEQUE\u00d1OS<\/h4>\n<h5 style=\"text-align: center;\">(Men\u00fa Infantil hasta los 12 a\u00f1os)<\/h5>\n<hr \/>\n<h4 style=\"text-align: center;\">PRIMEROS<\/h4>\n<p>&nbsp;<\/p>\n<h5 style=\"text-align: center;\">Canel\u00f3n de la Abuela con asado de Navidad y bechamel<\/h5>\n<h5><\/h5>\n<h5 style=\"text-align: center;\">Sopa de Navidad con galets y pelota de cocido<\/h5>\n<h5><\/h5>\n<h5 style=\"text-align: center;\">Macarrones rigatone a la bolo\u00f1esa<\/h5>\n<h4><\/h4>\n<h4 style=\"text-align: center;\">SEGUNDOS<\/h4>\n<p>&nbsp;<\/p>\n<h5 style=\"text-align: center;\">Hamburguesa de solomillo de ternera y papada ib\u00e9rica con patatas fritas<\/h5>\n<h5><\/h5>\n<h5 style=\"text-align: center;\">Costillas de cordero a la brasa<\/h5>\n<h5><\/h5>\n<h5 style=\"text-align: center;\">Pollo de corral a la brasa con patatas fritas<\/h5>\n<p>&nbsp;<\/p>\n<h4 style=\"text-align: center;\">POSTRES<\/h4>\n<p>&nbsp;<\/p>\n<h5 style=\"text-align: center;\">Yogur natural con Oreo<\/h5>\n<h5><\/h5>\n<h5 style=\"text-align: center;\">Profiteroles de nata y chocolate fondant<\/h5>\n<h5><\/h5>\n<h5 style=\"text-align: center;\">Helado de vainilla con xocolate fundido<\/h5>\n<h5><\/h5>\n<h5 style=\"text-align: center;\">Aguas Minerales o Refresco<\/h5>\n<h5 style=\"text-align: center;\"><\/h5>\n<p>[\/vc_column_text][vc_column_text css=&#8221;.vc_custom_1636707935945{background-color: #a3a3a3 !important;}&#8221;]<\/p>\n<h4 style=\"text-align: center;\">35\u20ac \u00a0(IVA incluido)<\/h4>\n<p>[\/vc_column_text][vc_empty_space][\/vc_column][\/vc_row]<\/p>\n","protected":false},"excerpt":{"rendered":"<p>[vc_row row_type=&#8221;row&#8221; use_row_as_full_screen_section=&#8221;no&#8221; type=&#8221;full_width&#8221; text_align=&#8221;left&#8221; background_animation=&#8221;none&#8221; css_animation=&#8221;&#8221;][vc_column][vc_single_image image=&#8221;4770&#8243; img_size=&#8221;full&#8221; alignment=&#8221;center&#8221; qode_css_animation=&#8221;&#8221;][\/vc_column][\/vc_row][vc_row row_type=&#8221;row&#8221; use_row_as_full_screen_section=&#8221;no&#8221; type=&#8221;full_width&#8221; text_align=&#8221;center&#8221; background_animation=&#8221;none&#8221; css_animation=&#8221;&#8221;][vc_column width=&#8221;1\/2&#8243;][\/vc_column][vc_column width=&#8221;1\/2&#8243;][\/vc_column][\/vc_row][vc_row row_type=&#8221;row&#8221; use_row_as_full_screen_section=&#8221;no&#8221; type=&#8221;full_width&#8221; text_align=&#8221;left&#8221; background_animation=&#8221;none&#8221; css_animation=&#8221;&#8221; css=&#8221;.vc_custom_1636646791820{background-image: url(https:\/\/centfocs.com\/wp-content\/uploads\/2021\/11\/fons.jpg?id=4708) !important;}&#8221;][vc_column][vc_column_text] PRIMEROS \u00a0Sopa de Navidad con galets y \u201cpilota\u201d Caldereta de rape y gambas Nuestro canel\u00f3n XL de&#8230;<\/p>\n","protected":false},"author":3,"featured_media":0,"parent":0,"menu_order":0,"comment_status":"closed","ping_status":"closed","template":"","meta":{"_monsterinsights_skip_tracking":false,"_monsterinsights_sitenote_active":false,"_monsterinsights_sitenote_note":"","_monsterinsights_sitenote_category":0,"footnotes":""},"class_list":["post-4745","page","type-page","status-publish","hentry"],"yoast_head":"<!-- This site is optimized with the Yoast SEO plugin v27.4 - https:\/\/yoast.com\/product\/yoast-seo-wordpress\/ -->\n<title>NAVIDAD &amp; SAN ESTEBAN - Centfocs<\/title>\n<meta name=\"robots\" content=\"index, follow, max-snippet:-1, max-image-preview:large, max-video-preview:-1\" \/>\n<link rel=\"canonical\" href=\"https:\/\/centfocs.com\/index.php\/nadal-sant-esteve\/\" \/>\n<meta property=\"og:locale\" content=\"ca_ES\" \/>\n<meta property=\"og:type\" content=\"article\" \/>\n<meta property=\"og:title\" content=\"NAVIDAD &amp; SAN ESTEBAN - Centfocs\" \/>\n<meta property=\"og:description\" content=\"[vc_row row_type=&#8221;row&#8221; use_row_as_full_screen_section=&#8221;no&#8221; type=&#8221;full_width&#8221; text_align=&#8221;left&#8221; background_animation=&#8221;none&#8221; css_animation=&#8221;&#8221;][vc_column][vc_single_image image=&#8221;4770&#8243; img_size=&#8221;full&#8221; alignment=&#8221;center&#8221; qode_css_animation=&#8221;&#8221;][\/vc_column][\/vc_row][vc_row row_type=&#8221;row&#8221; use_row_as_full_screen_section=&#8221;no&#8221; type=&#8221;full_width&#8221; text_align=&#8221;center&#8221; background_animation=&#8221;none&#8221; css_animation=&#8221;&#8221;][vc_column width=&#8221;1\/2&#8243;][\/vc_column][vc_column width=&#8221;1\/2&#8243;][\/vc_column][\/vc_row][vc_row row_type=&#8221;row&#8221; use_row_as_full_screen_section=&#8221;no&#8221; type=&#8221;full_width&#8221; text_align=&#8221;left&#8221; background_animation=&#8221;none&#8221; css_animation=&#8221;&#8221; css=&#8221;.vc_custom_1636646791820{background-image: url(https:\/\/centfocs.com\/wp-content\/uploads\/2021\/11\/fons.jpg?id=4708) !important;}&#8221;][vc_column][vc_column_text] PRIMEROS \u00a0Sopa de Navidad con galets y \u201cpilota\u201d Caldereta de rape y gambas Nuestro canel\u00f3n XL de...\" \/>\n<meta property=\"og:url\" content=\"https:\/\/centfocs.com\/index.php\/nadal-sant-esteve\/?lang=es\" \/>\n<meta property=\"og:site_name\" content=\"Centfocs\" \/>\n<meta property=\"article:publisher\" content=\"https:\/\/www.facebook.com\/centfocsrestaurant\" \/>\n<meta property=\"article:modified_time\" content=\"2021-11-12T09:05:39+00:00\" \/>\n<meta property=\"og:image\" content=\"https:\/\/centfocs.com\/wp-content\/uploads\/2020\/08\/home_centfocs.jpg\" \/>\n\t<meta property=\"og:image:width\" content=\"1440\" \/>\n\t<meta property=\"og:image:height\" content=\"603\" \/>\n\t<meta property=\"og:image:type\" content=\"image\/jpeg\" \/>\n<meta name=\"twitter:card\" content=\"summary_large_image\" \/>\n<meta name=\"twitter:label1\" content=\"Temps estimat de lectura\" \/>\n\t<meta name=\"twitter:data1\" content=\"3 minuts\" \/>\n<script type=\"application\/ld+json\" class=\"yoast-schema-graph\">{\"@context\":\"https:\\\/\\\/schema.org\",\"@graph\":[{\"@type\":\"WebPage\",\"@id\":\"https:\\\/\\\/centfocs.com\\\/index.php\\\/nadal-sant-esteve\\\/?lang=es\",\"url\":\"https:\\\/\\\/centfocs.com\\\/index.php\\\/nadal-sant-esteve\\\/?lang=es\",\"name\":\"NAVIDAD & SAN ESTEBAN - Centfocs\",\"isPartOf\":{\"@id\":\"https:\\\/\\\/centfocs.com\\\/#website\"},\"datePublished\":\"2021-11-11T16:05:48+00:00\",\"dateModified\":\"2021-11-12T09:05:39+00:00\",\"breadcrumb\":{\"@id\":\"https:\\\/\\\/centfocs.com\\\/index.php\\\/nadal-sant-esteve\\\/?lang=es#breadcrumb\"},\"inLanguage\":\"ca\",\"potentialAction\":[{\"@type\":\"ReadAction\",\"target\":[\"https:\\\/\\\/centfocs.com\\\/index.php\\\/nadal-sant-esteve\\\/?lang=es\"]}]},{\"@type\":\"BreadcrumbList\",\"@id\":\"https:\\\/\\\/centfocs.com\\\/index.php\\\/nadal-sant-esteve\\\/?lang=es#breadcrumb\",\"itemListElement\":[{\"@type\":\"ListItem\",\"position\":1,\"name\":\"Portada\",\"item\":\"https:\\\/\\\/centfocs.com\\\/\"},{\"@type\":\"ListItem\",\"position\":2,\"name\":\"NAVIDAD &#038; SAN ESTEBAN\"}]},{\"@type\":\"WebSite\",\"@id\":\"https:\\\/\\\/centfocs.com\\\/#website\",\"url\":\"https:\\\/\\\/centfocs.com\\\/\",\"name\":\"Centfocs\",\"description\":\"Cuina tradicional al cor de Barcelona\",\"publisher\":{\"@id\":\"https:\\\/\\\/centfocs.com\\\/#organization\"},\"potentialAction\":[{\"@type\":\"SearchAction\",\"target\":{\"@type\":\"EntryPoint\",\"urlTemplate\":\"https:\\\/\\\/centfocs.com\\\/?s={search_term_string}\"},\"query-input\":{\"@type\":\"PropertyValueSpecification\",\"valueRequired\":true,\"valueName\":\"search_term_string\"}}],\"inLanguage\":\"ca\"},{\"@type\":\"Organization\",\"@id\":\"https:\\\/\\\/centfocs.com\\\/#organization\",\"name\":\"Restaurant Centfocs\",\"url\":\"https:\\\/\\\/centfocs.com\\\/\",\"logo\":{\"@type\":\"ImageObject\",\"inLanguage\":\"ca\",\"@id\":\"https:\\\/\\\/centfocs.com\\\/#\\\/schema\\\/logo\\\/image\\\/\",\"url\":\"https:\\\/\\\/centfocs.com\\\/wp-content\\\/uploads\\\/2021\\\/11\\\/logo_centfocs_newsletter.jpg\",\"contentUrl\":\"https:\\\/\\\/centfocs.com\\\/wp-content\\\/uploads\\\/2021\\\/11\\\/logo_centfocs_newsletter.jpg\",\"width\":669,\"height\":119,\"caption\":\"Restaurant Centfocs\"},\"image\":{\"@id\":\"https:\\\/\\\/centfocs.com\\\/#\\\/schema\\\/logo\\\/image\\\/\"},\"sameAs\":[\"https:\\\/\\\/www.facebook.com\\\/centfocsrestaurant\",\"https:\\\/\\\/www.instagram.com\\\/centfocsrestaurant\\\/\"]}]}<\/script>\n<!-- \/ Yoast SEO plugin. -->","yoast_head_json":{"title":"NAVIDAD & SAN ESTEBAN - Centfocs","robots":{"index":"index","follow":"follow","max-snippet":"max-snippet:-1","max-image-preview":"max-image-preview:large","max-video-preview":"max-video-preview:-1"},"canonical":"https:\/\/centfocs.com\/index.php\/nadal-sant-esteve\/","og_locale":"ca_ES","og_type":"article","og_title":"NAVIDAD & SAN ESTEBAN - Centfocs","og_description":"[vc_row row_type=&#8221;row&#8221; use_row_as_full_screen_section=&#8221;no&#8221; type=&#8221;full_width&#8221; text_align=&#8221;left&#8221; background_animation=&#8221;none&#8221; css_animation=&#8221;&#8221;][vc_column][vc_single_image image=&#8221;4770&#8243; img_size=&#8221;full&#8221; alignment=&#8221;center&#8221; qode_css_animation=&#8221;&#8221;][\/vc_column][\/vc_row][vc_row row_type=&#8221;row&#8221; use_row_as_full_screen_section=&#8221;no&#8221; type=&#8221;full_width&#8221; text_align=&#8221;center&#8221; background_animation=&#8221;none&#8221; css_animation=&#8221;&#8221;][vc_column width=&#8221;1\/2&#8243;][\/vc_column][vc_column width=&#8221;1\/2&#8243;][\/vc_column][\/vc_row][vc_row row_type=&#8221;row&#8221; use_row_as_full_screen_section=&#8221;no&#8221; type=&#8221;full_width&#8221; text_align=&#8221;left&#8221; background_animation=&#8221;none&#8221; css_animation=&#8221;&#8221; css=&#8221;.vc_custom_1636646791820{background-image: url(https:\/\/centfocs.com\/wp-content\/uploads\/2021\/11\/fons.jpg?id=4708) !important;}&#8221;][vc_column][vc_column_text] PRIMEROS \u00a0Sopa de Navidad con galets y \u201cpilota\u201d Caldereta de rape y gambas Nuestro canel\u00f3n XL de...","og_url":"https:\/\/centfocs.com\/index.php\/nadal-sant-esteve\/?lang=es","og_site_name":"Centfocs","article_publisher":"https:\/\/www.facebook.com\/centfocsrestaurant","article_modified_time":"2021-11-12T09:05:39+00:00","og_image":[{"width":1440,"height":603,"url":"https:\/\/centfocs.com\/wp-content\/uploads\/2020\/08\/home_centfocs.jpg","type":"image\/jpeg"}],"twitter_card":"summary_large_image","twitter_misc":{"Temps estimat de lectura":"3 minuts"},"schema":{"@context":"https:\/\/schema.org","@graph":[{"@type":"WebPage","@id":"https:\/\/centfocs.com\/index.php\/nadal-sant-esteve\/?lang=es","url":"https:\/\/centfocs.com\/index.php\/nadal-sant-esteve\/?lang=es","name":"NAVIDAD & SAN ESTEBAN - Centfocs","isPartOf":{"@id":"https:\/\/centfocs.com\/#website"},"datePublished":"2021-11-11T16:05:48+00:00","dateModified":"2021-11-12T09:05:39+00:00","breadcrumb":{"@id":"https:\/\/centfocs.com\/index.php\/nadal-sant-esteve\/?lang=es#breadcrumb"},"inLanguage":"ca","potentialAction":[{"@type":"ReadAction","target":["https:\/\/centfocs.com\/index.php\/nadal-sant-esteve\/?lang=es"]}]},{"@type":"BreadcrumbList","@id":"https:\/\/centfocs.com\/index.php\/nadal-sant-esteve\/?lang=es#breadcrumb","itemListElement":[{"@type":"ListItem","position":1,"name":"Portada","item":"https:\/\/centfocs.com\/"},{"@type":"ListItem","position":2,"name":"NAVIDAD &#038; SAN ESTEBAN"}]},{"@type":"WebSite","@id":"https:\/\/centfocs.com\/#website","url":"https:\/\/centfocs.com\/","name":"Centfocs","description":"Cuina tradicional al cor de Barcelona","publisher":{"@id":"https:\/\/centfocs.com\/#organization"},"potentialAction":[{"@type":"SearchAction","target":{"@type":"EntryPoint","urlTemplate":"https:\/\/centfocs.com\/?s={search_term_string}"},"query-input":{"@type":"PropertyValueSpecification","valueRequired":true,"valueName":"search_term_string"}}],"inLanguage":"ca"},{"@type":"Organization","@id":"https:\/\/centfocs.com\/#organization","name":"Restaurant Centfocs","url":"https:\/\/centfocs.com\/","logo":{"@type":"ImageObject","inLanguage":"ca","@id":"https:\/\/centfocs.com\/#\/schema\/logo\/image\/","url":"https:\/\/centfocs.com\/wp-content\/uploads\/2021\/11\/logo_centfocs_newsletter.jpg","contentUrl":"https:\/\/centfocs.com\/wp-content\/uploads\/2021\/11\/logo_centfocs_newsletter.jpg","width":669,"height":119,"caption":"Restaurant Centfocs"},"image":{"@id":"https:\/\/centfocs.com\/#\/schema\/logo\/image\/"},"sameAs":["https:\/\/www.facebook.com\/centfocsrestaurant","https:\/\/www.instagram.com\/centfocsrestaurant\/"]}]}},"_links":{"self":[{"href":"https:\/\/centfocs.com\/index.php\/wp-json\/wp\/v2\/pages\/4745","targetHints":{"allow":["GET"]}}],"collection":[{"href":"https:\/\/centfocs.com\/index.php\/wp-json\/wp\/v2\/pages"}],"about":[{"href":"https:\/\/centfocs.com\/index.php\/wp-json\/wp\/v2\/types\/page"}],"author":[{"embeddable":true,"href":"https:\/\/centfocs.com\/index.php\/wp-json\/wp\/v2\/users\/3"}],"replies":[{"embeddable":true,"href":"https:\/\/centfocs.com\/index.php\/wp-json\/wp\/v2\/comments?post=4745"}],"version-history":[{"count":10,"href":"https:\/\/centfocs.com\/index.php\/wp-json\/wp\/v2\/pages\/4745\/revisions"}],"predecessor-version":[{"id":4789,"href":"https:\/\/centfocs.com\/index.php\/wp-json\/wp\/v2\/pages\/4745\/revisions\/4789"}],"wp:attachment":[{"href":"https:\/\/centfocs.com\/index.php\/wp-json\/wp\/v2\/media?parent=4745"}],"curies":[{"name":"wp","href":"https:\/\/api.w.org\/{rel}","templated":true}]}}