{"id":3383,"date":"2019-11-14T09:43:54","date_gmt":"2019-11-14T09:43:54","guid":{"rendered":"https:\/\/www.centfocs.com\/?page_id=3383"},"modified":"2019-11-14T09:57:34","modified_gmt":"2019-11-14T09:57:34","slug":"menus-de-grupo-navidad","status":"publish","type":"page","link":"https:\/\/centfocs.com\/index.php\/menus-de-grupo-navidad\/?lang=es","title":{"rendered":"MEN\u00daS DE GRUPO NAVIDAD"},"content":{"rendered":"\n<p style=\"text-align:center\"><strong>MEN\u00daS V\u00c1LIDOS DESDE EL<\/strong><\/p>\n\n\n\n<p style=\"text-align:center\">22 de Noviembre 19&nbsp; \u2013&nbsp; 07 de Enero 20<\/p>\n\n\n\n<div class=\"wp-block-image\"><figure class=\"alignleft\"><a href=\"https:\/\/www.centfocs.com\/index.php\/menu-gourmet-2\/?lang=es(abre en una nueva pesta\u00f1a)\"><img loading=\"lazy\" decoding=\"async\" width=\"221\" height=\"221\" src=\"https:\/\/www.centfocs.com\/wp-content\/uploads\/2019\/11\/boto_GOURMET_NADAL_centfocs.jpg\" alt=\"\" class=\"wp-image-3385\" srcset=\"https:\/\/centfocs.com\/wp-content\/uploads\/2019\/11\/boto_GOURMET_NADAL_centfocs.jpg 221w, https:\/\/centfocs.com\/wp-content\/uploads\/2019\/11\/boto_GOURMET_NADAL_centfocs-150x150.jpg 150w, https:\/\/centfocs.com\/wp-content\/uploads\/2019\/11\/boto_GOURMET_NADAL_centfocs-140x140.jpg 140w\" sizes=\"auto, (max-width: 221px) 100vw, 221px\" \/><\/a><\/figure><\/div>\n\n\n\n<div class=\"wp-block-image\"><figure class=\"alignright\"><a href=\"https:\/\/www.centfocs.com\/index.php\/menu-tapeo-per-compartir-26-e\/?lang=es(abre en una nueva pesta\u00f1a)\"><img loading=\"lazy\" decoding=\"async\" width=\"221\" height=\"221\" src=\"https:\/\/www.centfocs.com\/wp-content\/uploads\/2019\/11\/boto_GOURMET_NADAL.jpg\" alt=\"\" class=\"wp-image-3372\" srcset=\"https:\/\/centfocs.com\/wp-content\/uploads\/2019\/11\/boto_GOURMET_NADAL.jpg 221w, https:\/\/centfocs.com\/wp-content\/uploads\/2019\/11\/boto_GOURMET_NADAL-150x150.jpg 150w, https:\/\/centfocs.com\/wp-content\/uploads\/2019\/11\/boto_GOURMET_NADAL-140x140.jpg 140w\" sizes=\"auto, (max-width: 221px) 100vw, 221px\" \/><\/a><\/figure><\/div>\n","protected":false},"excerpt":{"rendered":"<p>MEN\u00daS V\u00c1LIDOS DESDE EL 22 de Noviembre 19&nbsp; \u2013&nbsp; 07 de Enero 20<\/p>\n","protected":false},"author":3,"featured_media":0,"parent":0,"menu_order":0,"comment_status":"closed","ping_status":"closed","template":"","meta":{"_monsterinsights_skip_tracking":false,"_monsterinsights_sitenote_active":false,"_monsterinsights_sitenote_note":"","_monsterinsights_sitenote_category":0,"footnotes":""},"class_list":["post-3383","page","type-page","status-publish","hentry"],"yoast_head":"<!-- This site is optimized with the Yoast SEO plugin v27.5 - https:\/\/yoast.com\/product\/yoast-seo-wordpress\/ -->\n<title>MEN\u00daS DE GRUPO NAVIDAD - Centfocs<\/title>\n<meta name=\"robots\" content=\"index, follow, max-snippet:-1, max-image-preview:large, max-video-preview:-1\" \/>\n<link rel=\"canonical\" href=\"https:\/\/centfocs.com\/index.php\/menus-de-grupo-navidad\/\" \/>\n<meta property=\"og:locale\" content=\"ca_ES\" \/>\n<meta property=\"og:type\" content=\"article\" \/>\n<meta property=\"og:title\" content=\"MEN\u00daS DE GRUPO NAVIDAD - Centfocs\" \/>\n<meta property=\"og:description\" content=\"MEN\u00daS V\u00c1LIDOS DESDE EL 22 de Noviembre 19&nbsp; \u2013&nbsp; 07 de Enero 20\" \/>\n<meta property=\"og:url\" content=\"https:\/\/centfocs.com\/index.php\/menus-de-grupo-navidad\/?lang=es\" \/>\n<meta property=\"og:site_name\" content=\"Centfocs\" \/>\n<meta property=\"article:publisher\" content=\"https:\/\/www.facebook.com\/centfocsrestaurant\" \/>\n<meta property=\"article:modified_time\" content=\"2019-11-14T09:57:34+00:00\" \/>\n<meta property=\"og:image\" content=\"https:\/\/www.centfocs.com\/wp-content\/uploads\/2019\/11\/boto_GOURMET_NADAL_centfocs.jpg\" \/>\n<meta name=\"twitter:card\" content=\"summary_large_image\" \/>\n<script type=\"application\/ld+json\" class=\"yoast-schema-graph\">{\"@context\":\"https:\\\/\\\/schema.org\",\"@graph\":[{\"@type\":\"WebPage\",\"@id\":\"https:\\\/\\\/centfocs.com\\\/index.php\\\/menus-de-grupo-navidad\\\/?lang=es\",\"url\":\"https:\\\/\\\/centfocs.com\\\/index.php\\\/menus-de-grupo-navidad\\\/?lang=es\",\"name\":\"MEN\u00daS DE GRUPO NAVIDAD - Centfocs\",\"isPartOf\":{\"@id\":\"https:\\\/\\\/centfocs.com\\\/#website\"},\"primaryImageOfPage\":{\"@id\":\"https:\\\/\\\/centfocs.com\\\/index.php\\\/menus-de-grupo-navidad\\\/?lang=es#primaryimage\"},\"image\":{\"@id\":\"https:\\\/\\\/centfocs.com\\\/index.php\\\/menus-de-grupo-navidad\\\/?lang=es#primaryimage\"},\"thumbnailUrl\":\"https:\\\/\\\/www.centfocs.com\\\/wp-content\\\/uploads\\\/2019\\\/11\\\/boto_GOURMET_NADAL_centfocs.jpg\",\"datePublished\":\"2019-11-14T09:43:54+00:00\",\"dateModified\":\"2019-11-14T09:57:34+00:00\",\"breadcrumb\":{\"@id\":\"https:\\\/\\\/centfocs.com\\\/index.php\\\/menus-de-grupo-navidad\\\/?lang=es#breadcrumb\"},\"inLanguage\":\"ca\",\"potentialAction\":[{\"@type\":\"ReadAction\",\"target\":[\"https:\\\/\\\/centfocs.com\\\/index.php\\\/menus-de-grupo-navidad\\\/?lang=es\"]}]},{\"@type\":\"ImageObject\",\"inLanguage\":\"ca\",\"@id\":\"https:\\\/\\\/centfocs.com\\\/index.php\\\/menus-de-grupo-navidad\\\/?lang=es#primaryimage\",\"url\":\"https:\\\/\\\/www.centfocs.com\\\/wp-content\\\/uploads\\\/2019\\\/11\\\/boto_GOURMET_NADAL_centfocs.jpg\",\"contentUrl\":\"https:\\\/\\\/www.centfocs.com\\\/wp-content\\\/uploads\\\/2019\\\/11\\\/boto_GOURMET_NADAL_centfocs.jpg\"},{\"@type\":\"BreadcrumbList\",\"@id\":\"https:\\\/\\\/centfocs.com\\\/index.php\\\/menus-de-grupo-navidad\\\/?lang=es#breadcrumb\",\"itemListElement\":[{\"@type\":\"ListItem\",\"position\":1,\"name\":\"Portada\",\"item\":\"https:\\\/\\\/centfocs.com\\\/\"},{\"@type\":\"ListItem\",\"position\":2,\"name\":\"MEN\u00daS DE GRUPO NAVIDAD\"}]},{\"@type\":\"WebSite\",\"@id\":\"https:\\\/\\\/centfocs.com\\\/#website\",\"url\":\"https:\\\/\\\/centfocs.com\\\/\",\"name\":\"Centfocs\",\"description\":\"Cuina tradicional al cor de Barcelona\",\"publisher\":{\"@id\":\"https:\\\/\\\/centfocs.com\\\/#organization\"},\"potentialAction\":[{\"@type\":\"SearchAction\",\"target\":{\"@type\":\"EntryPoint\",\"urlTemplate\":\"https:\\\/\\\/centfocs.com\\\/?s={search_term_string}\"},\"query-input\":{\"@type\":\"PropertyValueSpecification\",\"valueRequired\":true,\"valueName\":\"search_term_string\"}}],\"inLanguage\":\"ca\"},{\"@type\":\"Organization\",\"@id\":\"https:\\\/\\\/centfocs.com\\\/#organization\",\"name\":\"Restaurant Centfocs\",\"url\":\"https:\\\/\\\/centfocs.com\\\/\",\"logo\":{\"@type\":\"ImageObject\",\"inLanguage\":\"ca\",\"@id\":\"https:\\\/\\\/centfocs.com\\\/#\\\/schema\\\/logo\\\/image\\\/\",\"url\":\"https:\\\/\\\/centfocs.com\\\/wp-content\\\/uploads\\\/2021\\\/11\\\/logo_centfocs_newsletter.jpg\",\"contentUrl\":\"https:\\\/\\\/centfocs.com\\\/wp-content\\\/uploads\\\/2021\\\/11\\\/logo_centfocs_newsletter.jpg\",\"width\":669,\"height\":119,\"caption\":\"Restaurant Centfocs\"},\"image\":{\"@id\":\"https:\\\/\\\/centfocs.com\\\/#\\\/schema\\\/logo\\\/image\\\/\"},\"sameAs\":[\"https:\\\/\\\/www.facebook.com\\\/centfocsrestaurant\",\"https:\\\/\\\/www.instagram.com\\\/centfocsrestaurant\\\/\"]}]}<\/script>\n<!-- \/ Yoast SEO plugin. -->","yoast_head_json":{"title":"MEN\u00daS DE GRUPO NAVIDAD - Centfocs","robots":{"index":"index","follow":"follow","max-snippet":"max-snippet:-1","max-image-preview":"max-image-preview:large","max-video-preview":"max-video-preview:-1"},"canonical":"https:\/\/centfocs.com\/index.php\/menus-de-grupo-navidad\/","og_locale":"ca_ES","og_type":"article","og_title":"MEN\u00daS DE GRUPO NAVIDAD - Centfocs","og_description":"MEN\u00daS V\u00c1LIDOS DESDE EL 22 de Noviembre 19&nbsp; \u2013&nbsp; 07 de Enero 20","og_url":"https:\/\/centfocs.com\/index.php\/menus-de-grupo-navidad\/?lang=es","og_site_name":"Centfocs","article_publisher":"https:\/\/www.facebook.com\/centfocsrestaurant","article_modified_time":"2019-11-14T09:57:34+00:00","og_image":[{"url":"https:\/\/www.centfocs.com\/wp-content\/uploads\/2019\/11\/boto_GOURMET_NADAL_centfocs.jpg","type":"","width":"","height":""}],"twitter_card":"summary_large_image","schema":{"@context":"https:\/\/schema.org","@graph":[{"@type":"WebPage","@id":"https:\/\/centfocs.com\/index.php\/menus-de-grupo-navidad\/?lang=es","url":"https:\/\/centfocs.com\/index.php\/menus-de-grupo-navidad\/?lang=es","name":"MEN\u00daS DE GRUPO NAVIDAD - Centfocs","isPartOf":{"@id":"https:\/\/centfocs.com\/#website"},"primaryImageOfPage":{"@id":"https:\/\/centfocs.com\/index.php\/menus-de-grupo-navidad\/?lang=es#primaryimage"},"image":{"@id":"https:\/\/centfocs.com\/index.php\/menus-de-grupo-navidad\/?lang=es#primaryimage"},"thumbnailUrl":"https:\/\/www.centfocs.com\/wp-content\/uploads\/2019\/11\/boto_GOURMET_NADAL_centfocs.jpg","datePublished":"2019-11-14T09:43:54+00:00","dateModified":"2019-11-14T09:57:34+00:00","breadcrumb":{"@id":"https:\/\/centfocs.com\/index.php\/menus-de-grupo-navidad\/?lang=es#breadcrumb"},"inLanguage":"ca","potentialAction":[{"@type":"ReadAction","target":["https:\/\/centfocs.com\/index.php\/menus-de-grupo-navidad\/?lang=es"]}]},{"@type":"ImageObject","inLanguage":"ca","@id":"https:\/\/centfocs.com\/index.php\/menus-de-grupo-navidad\/?lang=es#primaryimage","url":"https:\/\/www.centfocs.com\/wp-content\/uploads\/2019\/11\/boto_GOURMET_NADAL_centfocs.jpg","contentUrl":"https:\/\/www.centfocs.com\/wp-content\/uploads\/2019\/11\/boto_GOURMET_NADAL_centfocs.jpg"},{"@type":"BreadcrumbList","@id":"https:\/\/centfocs.com\/index.php\/menus-de-grupo-navidad\/?lang=es#breadcrumb","itemListElement":[{"@type":"ListItem","position":1,"name":"Portada","item":"https:\/\/centfocs.com\/"},{"@type":"ListItem","position":2,"name":"MEN\u00daS DE GRUPO NAVIDAD"}]},{"@type":"WebSite","@id":"https:\/\/centfocs.com\/#website","url":"https:\/\/centfocs.com\/","name":"Centfocs","description":"Cuina tradicional al cor de Barcelona","publisher":{"@id":"https:\/\/centfocs.com\/#organization"},"potentialAction":[{"@type":"SearchAction","target":{"@type":"EntryPoint","urlTemplate":"https:\/\/centfocs.com\/?s={search_term_string}"},"query-input":{"@type":"PropertyValueSpecification","valueRequired":true,"valueName":"search_term_string"}}],"inLanguage":"ca"},{"@type":"Organization","@id":"https:\/\/centfocs.com\/#organization","name":"Restaurant Centfocs","url":"https:\/\/centfocs.com\/","logo":{"@type":"ImageObject","inLanguage":"ca","@id":"https:\/\/centfocs.com\/#\/schema\/logo\/image\/","url":"https:\/\/centfocs.com\/wp-content\/uploads\/2021\/11\/logo_centfocs_newsletter.jpg","contentUrl":"https:\/\/centfocs.com\/wp-content\/uploads\/2021\/11\/logo_centfocs_newsletter.jpg","width":669,"height":119,"caption":"Restaurant Centfocs"},"image":{"@id":"https:\/\/centfocs.com\/#\/schema\/logo\/image\/"},"sameAs":["https:\/\/www.facebook.com\/centfocsrestaurant","https:\/\/www.instagram.com\/centfocsrestaurant\/"]}]}},"_links":{"self":[{"href":"https:\/\/centfocs.com\/index.php\/wp-json\/wp\/v2\/pages\/3383","targetHints":{"allow":["GET"]}}],"collection":[{"href":"https:\/\/centfocs.com\/index.php\/wp-json\/wp\/v2\/pages"}],"about":[{"href":"https:\/\/centfocs.com\/index.php\/wp-json\/wp\/v2\/types\/page"}],"author":[{"embeddable":true,"href":"https:\/\/centfocs.com\/index.php\/wp-json\/wp\/v2\/users\/3"}],"replies":[{"embeddable":true,"href":"https:\/\/centfocs.com\/index.php\/wp-json\/wp\/v2\/comments?post=3383"}],"version-history":[{"count":5,"href":"https:\/\/centfocs.com\/index.php\/wp-json\/wp\/v2\/pages\/3383\/revisions"}],"predecessor-version":[{"id":3436,"href":"https:\/\/centfocs.com\/index.php\/wp-json\/wp\/v2\/pages\/3383\/revisions\/3436"}],"wp:attachment":[{"href":"https:\/\/centfocs.com\/index.php\/wp-json\/wp\/v2\/media?parent=3383"}],"curies":[{"name":"wp","href":"https:\/\/api.w.org\/{rel}","templated":true}]}}