{"id":3331,"date":"2019-11-12T13:26:41","date_gmt":"2019-11-12T13:26:41","guid":{"rendered":"https:\/\/www.centfocs.com\/?page_id=3331"},"modified":"2019-11-12T13:26:42","modified_gmt":"2019-11-12T13:26:42","slug":"reyes-2","status":"publish","type":"page","link":"https:\/\/centfocs.com\/index.php\/reyes-2\/?lang=es","title":{"rendered":"REYES"},"content":{"rendered":"\n<p>PRIMEROS<br>\nNuestro Canel\u00f3n de Pasta Fresca con Asado de Labrador, bechamel y queso gratinado<br>\nSopa de Navidad con galets y \u201cpilota\u201d<br>\nEnsalada de salpic\u00f3n de langostinos y habitas baby con carpaccio de calabac\u00edn<br>\nEnsalada de queso Burrata, tomate, aguacate, higos y aceite de albahaca<br>\nSorrentino de alcachofa con salsa gorgonzola y frutos secos<br>\nRisotto de setas con foie p\u00f4el\u00e9 y salsa Oporto<br>\nCarpaccio de ternera con copos de parmesano y vinagreta de mostaza antigua<br>\nTimbal de escalivada y queso de cabra gratinado<\/p>\n\n\n\n<p>SEGUNDOS<br>\nMorro de bacalao a la muselina de ajos y tomate confitado<br>\nMar y Monta\u00f1a de rodaballo y callos con jud\u00edas de Santa Pau<br>\nFricand\u00f3 de Navidad con setas y rovellones<br>\nFilete de lubina con hummus, patata y setas de temporada<br>\nEspalda de cordero del Arag\u00f3n confitado con manzana y salsa Oporto <br>\nRape de Palam\u00f3s con verduritas y romescada<br>\nConfit de pato con chalotas y pera confitada al Pedro Xim\u00e9nez<br>\nHamburguesa de solomillo de ternera y papada Ib\u00e9rica a las tres pimi <br>\nEntrecot de cerdo Ib\u00e9rico con verduras a la brasa con patata<\/p>\n\n\n\n<p>POSTRES<br>\nCanelones de miel y reques\u00f3n<br>\nTexturas de manzana caramelizada con espuma de canela<br>\nMilhojas con turr\u00f3n y nata<br>\nCarrot Cake con iogur y c\u00edtricos<br>\nTarta Sacher de chocolate con sorbete de frambuesa<br>\nProfiteroles de nata y chocolate<br>\nSorbete de mandarina<\/p>\n\n\n\n<p>BODEGA<br> Aguas Minerales<br> Vino Tinto G\u00f3mez de Segura &#8220;Rioja&#8221;<br> Vino Blanco Xic &#8211; Agust\u00ed Torell\u00f3 Mata &#8220;Pened\u00e8s&#8221;<br> Caf\u00e9s<\/p>\n\n\n\n<p>36\u20ac  (IVA incluido)<\/p>\n\n\n\n<h2 class=\"wp-block-heading\">PARA LOS PEQUE\u00d1OS<br><\/h2>\n\n\n\n<p> (Men\u00fa Infantil v\u00e1lido hasta los 12 anys)<\/p>\n\n\n\n<p>PRIMEROS<br>\nCanel\u00f3n de la Abuela con asado de Navidad y bechamel<br>\nSopa de Navidad con galets y pelota de cocido<br>\nMacarrones rigatone a la bolo\u00f1esa<\/p>\n\n\n\n<p>SEGUNDOS<br>\nHamburguesa de solomillo de ternera y papada ib\u00e9rica con patatas fritas<br>\nCostillas de cordero a la brasa<br>\nPollo de corral a la brasa con patatas fritas<\/p>\n\n\n\n<p>POSTRES<br>\nYogur natural con Oreo<br>\nProfiteroles de nata y chocolate fondant<br>\nCr\u00eape de chocolate<\/p>\n\n\n\n<p>Aguas Minerales o Refresco<\/p>\n\n\n\n<p>28\u20ac (IVA incluido)<\/p>\n\n\n\n<p>Para cualquier modificaci\u00f3n rogamos que nos avisen con antelaci\u00f3n. As\u00ed podremos garantizar un mejor servicio.<br>\nPara garantizar la mejor calidad de los platos y poder seguir ofreciendo el producto fresco, los men\u00fas pueden ser modificados<br>\nsin previo aviso garantiz\u00e1ndole los la misma calidad. En caso de intolerancia alimentaria comun\u00edquelo a nuestro personal con antelaci\u00f3n.<\/p>\n","protected":false},"excerpt":{"rendered":"<p>PRIMEROS Nuestro Canel\u00f3n de Pasta Fresca con Asado de Labrador, bechamel y queso gratinado Sopa de Navidad con galets y \u201cpilota\u201d Ensalada de salpic\u00f3n de langostinos y habitas baby con carpaccio de calabac\u00edn Ensalada de queso Burrata, tomate, aguacate, higos y aceite de albahaca Sorrentino&#8230;<\/p>\n","protected":false},"author":3,"featured_media":0,"parent":0,"menu_order":0,"comment_status":"closed","ping_status":"closed","template":"","meta":{"_monsterinsights_skip_tracking":false,"_monsterinsights_sitenote_active":false,"_monsterinsights_sitenote_note":"","_monsterinsights_sitenote_category":0,"footnotes":""},"class_list":["post-3331","page","type-page","status-publish","hentry"],"yoast_head":"<!-- This site is optimized with the Yoast SEO plugin v27.4 - https:\/\/yoast.com\/product\/yoast-seo-wordpress\/ -->\n<title>REYES - Centfocs<\/title>\n<meta name=\"robots\" content=\"index, follow, max-snippet:-1, max-image-preview:large, max-video-preview:-1\" \/>\n<link rel=\"canonical\" href=\"https:\/\/centfocs.com\/index.php\/reyes-2\/\" \/>\n<meta property=\"og:locale\" content=\"ca_ES\" \/>\n<meta property=\"og:type\" content=\"article\" \/>\n<meta property=\"og:title\" content=\"REYES - Centfocs\" \/>\n<meta property=\"og:description\" content=\"PRIMEROS Nuestro Canel\u00f3n de Pasta Fresca con Asado de Labrador, bechamel y queso gratinado Sopa de Navidad con galets y \u201cpilota\u201d Ensalada de salpic\u00f3n de langostinos y habitas baby con carpaccio de calabac\u00edn Ensalada de queso Burrata, tomate, aguacate, higos y aceite de albahaca Sorrentino...\" \/>\n<meta property=\"og:url\" content=\"https:\/\/centfocs.com\/index.php\/reyes-2\/?lang=es\" \/>\n<meta property=\"og:site_name\" content=\"Centfocs\" \/>\n<meta property=\"article:publisher\" content=\"https:\/\/www.facebook.com\/centfocsrestaurant\" \/>\n<meta property=\"article:modified_time\" content=\"2019-11-12T13:26:42+00:00\" \/>\n<meta property=\"og:image\" content=\"https:\/\/centfocs.com\/wp-content\/uploads\/2020\/08\/home_centfocs.jpg\" \/>\n\t<meta property=\"og:image:width\" content=\"1440\" \/>\n\t<meta property=\"og:image:height\" content=\"603\" \/>\n\t<meta property=\"og:image:type\" content=\"image\/jpeg\" \/>\n<meta name=\"twitter:card\" content=\"summary_large_image\" \/>\n<meta name=\"twitter:label1\" content=\"Temps estimat de lectura\" \/>\n\t<meta name=\"twitter:data1\" content=\"2 minuts\" \/>\n<script type=\"application\/ld+json\" class=\"yoast-schema-graph\">{\"@context\":\"https:\\\/\\\/schema.org\",\"@graph\":[{\"@type\":\"WebPage\",\"@id\":\"https:\\\/\\\/centfocs.com\\\/index.php\\\/reyes-2\\\/?lang=es\",\"url\":\"https:\\\/\\\/centfocs.com\\\/index.php\\\/reyes-2\\\/?lang=es\",\"name\":\"REYES - Centfocs\",\"isPartOf\":{\"@id\":\"https:\\\/\\\/centfocs.com\\\/#website\"},\"datePublished\":\"2019-11-12T13:26:41+00:00\",\"dateModified\":\"2019-11-12T13:26:42+00:00\",\"breadcrumb\":{\"@id\":\"https:\\\/\\\/centfocs.com\\\/index.php\\\/reyes-2\\\/?lang=es#breadcrumb\"},\"inLanguage\":\"ca\",\"potentialAction\":[{\"@type\":\"ReadAction\",\"target\":[\"https:\\\/\\\/centfocs.com\\\/index.php\\\/reyes-2\\\/?lang=es\"]}]},{\"@type\":\"BreadcrumbList\",\"@id\":\"https:\\\/\\\/centfocs.com\\\/index.php\\\/reyes-2\\\/?lang=es#breadcrumb\",\"itemListElement\":[{\"@type\":\"ListItem\",\"position\":1,\"name\":\"Portada\",\"item\":\"https:\\\/\\\/centfocs.com\\\/\"},{\"@type\":\"ListItem\",\"position\":2,\"name\":\"REYES\"}]},{\"@type\":\"WebSite\",\"@id\":\"https:\\\/\\\/centfocs.com\\\/#website\",\"url\":\"https:\\\/\\\/centfocs.com\\\/\",\"name\":\"Centfocs\",\"description\":\"Cuina tradicional al cor de Barcelona\",\"publisher\":{\"@id\":\"https:\\\/\\\/centfocs.com\\\/#organization\"},\"potentialAction\":[{\"@type\":\"SearchAction\",\"target\":{\"@type\":\"EntryPoint\",\"urlTemplate\":\"https:\\\/\\\/centfocs.com\\\/?s={search_term_string}\"},\"query-input\":{\"@type\":\"PropertyValueSpecification\",\"valueRequired\":true,\"valueName\":\"search_term_string\"}}],\"inLanguage\":\"ca\"},{\"@type\":\"Organization\",\"@id\":\"https:\\\/\\\/centfocs.com\\\/#organization\",\"name\":\"Restaurant Centfocs\",\"url\":\"https:\\\/\\\/centfocs.com\\\/\",\"logo\":{\"@type\":\"ImageObject\",\"inLanguage\":\"ca\",\"@id\":\"https:\\\/\\\/centfocs.com\\\/#\\\/schema\\\/logo\\\/image\\\/\",\"url\":\"https:\\\/\\\/centfocs.com\\\/wp-content\\\/uploads\\\/2021\\\/11\\\/logo_centfocs_newsletter.jpg\",\"contentUrl\":\"https:\\\/\\\/centfocs.com\\\/wp-content\\\/uploads\\\/2021\\\/11\\\/logo_centfocs_newsletter.jpg\",\"width\":669,\"height\":119,\"caption\":\"Restaurant Centfocs\"},\"image\":{\"@id\":\"https:\\\/\\\/centfocs.com\\\/#\\\/schema\\\/logo\\\/image\\\/\"},\"sameAs\":[\"https:\\\/\\\/www.facebook.com\\\/centfocsrestaurant\",\"https:\\\/\\\/www.instagram.com\\\/centfocsrestaurant\\\/\"]}]}<\/script>\n<!-- \/ Yoast SEO plugin. -->","yoast_head_json":{"title":"REYES - Centfocs","robots":{"index":"index","follow":"follow","max-snippet":"max-snippet:-1","max-image-preview":"max-image-preview:large","max-video-preview":"max-video-preview:-1"},"canonical":"https:\/\/centfocs.com\/index.php\/reyes-2\/","og_locale":"ca_ES","og_type":"article","og_title":"REYES - Centfocs","og_description":"PRIMEROS Nuestro Canel\u00f3n de Pasta Fresca con Asado de Labrador, bechamel y queso gratinado Sopa de Navidad con galets y \u201cpilota\u201d Ensalada de salpic\u00f3n de langostinos y habitas baby con carpaccio de calabac\u00edn Ensalada de queso Burrata, tomate, aguacate, higos y aceite de albahaca Sorrentino...","og_url":"https:\/\/centfocs.com\/index.php\/reyes-2\/?lang=es","og_site_name":"Centfocs","article_publisher":"https:\/\/www.facebook.com\/centfocsrestaurant","article_modified_time":"2019-11-12T13:26:42+00:00","og_image":[{"width":1440,"height":603,"url":"https:\/\/centfocs.com\/wp-content\/uploads\/2020\/08\/home_centfocs.jpg","type":"image\/jpeg"}],"twitter_card":"summary_large_image","twitter_misc":{"Temps estimat de lectura":"2 minuts"},"schema":{"@context":"https:\/\/schema.org","@graph":[{"@type":"WebPage","@id":"https:\/\/centfocs.com\/index.php\/reyes-2\/?lang=es","url":"https:\/\/centfocs.com\/index.php\/reyes-2\/?lang=es","name":"REYES - Centfocs","isPartOf":{"@id":"https:\/\/centfocs.com\/#website"},"datePublished":"2019-11-12T13:26:41+00:00","dateModified":"2019-11-12T13:26:42+00:00","breadcrumb":{"@id":"https:\/\/centfocs.com\/index.php\/reyes-2\/?lang=es#breadcrumb"},"inLanguage":"ca","potentialAction":[{"@type":"ReadAction","target":["https:\/\/centfocs.com\/index.php\/reyes-2\/?lang=es"]}]},{"@type":"BreadcrumbList","@id":"https:\/\/centfocs.com\/index.php\/reyes-2\/?lang=es#breadcrumb","itemListElement":[{"@type":"ListItem","position":1,"name":"Portada","item":"https:\/\/centfocs.com\/"},{"@type":"ListItem","position":2,"name":"REYES"}]},{"@type":"WebSite","@id":"https:\/\/centfocs.com\/#website","url":"https:\/\/centfocs.com\/","name":"Centfocs","description":"Cuina tradicional al cor de Barcelona","publisher":{"@id":"https:\/\/centfocs.com\/#organization"},"potentialAction":[{"@type":"SearchAction","target":{"@type":"EntryPoint","urlTemplate":"https:\/\/centfocs.com\/?s={search_term_string}"},"query-input":{"@type":"PropertyValueSpecification","valueRequired":true,"valueName":"search_term_string"}}],"inLanguage":"ca"},{"@type":"Organization","@id":"https:\/\/centfocs.com\/#organization","name":"Restaurant Centfocs","url":"https:\/\/centfocs.com\/","logo":{"@type":"ImageObject","inLanguage":"ca","@id":"https:\/\/centfocs.com\/#\/schema\/logo\/image\/","url":"https:\/\/centfocs.com\/wp-content\/uploads\/2021\/11\/logo_centfocs_newsletter.jpg","contentUrl":"https:\/\/centfocs.com\/wp-content\/uploads\/2021\/11\/logo_centfocs_newsletter.jpg","width":669,"height":119,"caption":"Restaurant Centfocs"},"image":{"@id":"https:\/\/centfocs.com\/#\/schema\/logo\/image\/"},"sameAs":["https:\/\/www.facebook.com\/centfocsrestaurant","https:\/\/www.instagram.com\/centfocsrestaurant\/"]}]}},"_links":{"self":[{"href":"https:\/\/centfocs.com\/index.php\/wp-json\/wp\/v2\/pages\/3331","targetHints":{"allow":["GET"]}}],"collection":[{"href":"https:\/\/centfocs.com\/index.php\/wp-json\/wp\/v2\/pages"}],"about":[{"href":"https:\/\/centfocs.com\/index.php\/wp-json\/wp\/v2\/types\/page"}],"author":[{"embeddable":true,"href":"https:\/\/centfocs.com\/index.php\/wp-json\/wp\/v2\/users\/3"}],"replies":[{"embeddable":true,"href":"https:\/\/centfocs.com\/index.php\/wp-json\/wp\/v2\/comments?post=3331"}],"version-history":[{"count":1,"href":"https:\/\/centfocs.com\/index.php\/wp-json\/wp\/v2\/pages\/3331\/revisions"}],"predecessor-version":[{"id":3332,"href":"https:\/\/centfocs.com\/index.php\/wp-json\/wp\/v2\/pages\/3331\/revisions\/3332"}],"wp:attachment":[{"href":"https:\/\/centfocs.com\/index.php\/wp-json\/wp\/v2\/media?parent=3331"}],"curies":[{"name":"wp","href":"https:\/\/api.w.org\/{rel}","templated":true}]}}