{"id":3106,"date":"2018-04-04T11:05:54","date_gmt":"2018-04-04T11:05:54","guid":{"rendered":"https:\/\/www.centfocs.com\/?page_id=3106"},"modified":"2020-12-10T16:24:51","modified_gmt":"2020-12-10T15:24:51","slug":"politica-de-cookies-2","status":"publish","type":"page","link":"https:\/\/centfocs.com\/index.php\/politica-de-cookies-2\/?lang=es","title":{"rendered":"Pol\u00edtica de Cookies"},"content":{"rendered":"<div id=\"gt-res-content\">\n<div id=\"gt-res-dir-ctr\" class=\"trans-verified-button-small\" dir=\"ltr\">\n<p><strong>Pol\u00edtica de Cookies<\/strong><\/p>\n<p>Una Cookie es un fichero que se descarga en su ordenador al acceder a determinadas p\u00e1ginas web. Las cookies permiten a una p\u00e1gina web, entre otras cosas, almacenar y recuperar informaci\u00f3n sobre los h\u00e1bitos de navegaci\u00f3n de un usuario o de su equipo y, dependiendo de la informaci\u00f3n que contenga y de la forma en que utilice su equipo, pueden utilizarse para reconocer al usuario.<\/p>\n<p>Las cookies son esenciales para el funcionamiento de internet,\u00a0\u00a0 aportando\u00a0\u00a0 innumerables ventajas en la prestaci\u00f3n de servicios interactivos, facilit\u00e1ndole la navegaci\u00f3n y usabilidad de nuestra web.<strong><br \/>\n<\/strong><\/p>\n<table width=\"1278\">\n<tbody>\n<tr>\n<td colspan=\"3\" width=\"445\"><strong>TIPOS <\/strong> <strong>DE COOKIES<\/strong><\/td>\n<\/tr>\n<tr>\n<td rowspan=\"2\" width=\"121\">SEG\u00daN LA ENTIDAD QUE LAS GESTIONE<\/td>\n<td width=\"133\">Cookies propias<\/td>\n<td width=\"191\">Son aquellas que \u00a0 se recaban \u00a0 por el propio editor para prestar el servicio<\/p>\n<p>solicitado por el usuario.<\/td>\n<\/tr>\n<tr>\n<td width=\"133\">\n<p>Cookies de tercero<\/td>\n<td width=\"191\">Son aquellas\u00a0\u00a0 que \u00a0 son \u00a0 recabadas y gestionadas por un tercero, estas no se pueden considerar propias.<\/td>\n<\/tr>\n<tr>\n<td rowspan=\"2\" width=\"121\">\n<p>SEG\u00daN EL PLAZO DE TIEMPO QUE PERMANEZCAN ACTIVADAS<\/td>\n<td width=\"133\">\n<p>Cookies de sesi\u00f3n<\/td>\n<td width=\"191\">Recaban datos\u00a0\u00a0 mientras e l usuario<\/p>\n<p>navega por la red con la finalidad de prestar el servicio solicitado.<\/td>\n<\/tr>\n<tr>\n<td width=\"133\">\n<p>Cookies persistentes<\/td>\n<td width=\"191\">Se almacenan en el terminal y la informaci\u00f3n obtenida, ser\u00e1 utilizada por<\/p>\n<p>el responsable de la cookie con la finalidad de prestar\u00a0\u00a0 el \u00a0 \u00a0 servicio solicitado.<\/td>\n<\/tr>\n<tr>\n<td rowspan=\"5\" width=\"121\">\n<p>SEG\u00daN SU FINALIDAD<\/td>\n<td width=\"133\">\n<p>Cookies t\u00e9cnicas<\/td>\n<td width=\"191\">Son las necesarias para la correcta navegaci\u00f3n por la web.<\/td>\n<\/tr>\n<tr>\n<td width=\"133\">\n<p>Cookies de personalizaci\u00f3n<\/td>\n<td width=\"191\">Permiten al usuario las caracter\u00edsticas (idioma) para la navegaci\u00f3n por la website<\/td>\n<\/tr>\n<tr>\n<td width=\"133\">\n<p>Cookies de an\u00e1lisis<\/td>\n<td width=\"191\">Permiten al \u00a0 prestador el an\u00e1lisis vinculado a la navegaci\u00f3n realizada por el usuario, con la finalidad de llevar un seguimiento\u00a0\u00a0 de uso de la p\u00e1gina web, as\u00ed como realizar estad\u00edsticas de los contenidos m\u00e1s visitados ,n\u00famero de visitantes, etc.<\/td>\n<\/tr>\n<tr>\n<td width=\"133\">\n<p>Cookies publicitarias<\/td>\n<td width=\"191\">Permiten al editor incluir en la web,<\/p>\n<p>Espacios publicitarios, seg\u00fan el contenido de la propia web.<\/td>\n<\/tr>\n<tr>\n<td width=\"133\">\n<p>Cookies de publicidad comportamental<\/td>\n<td width=\"191\">Permiten al editor incluir en la p\u00e1gina<\/p>\n<p>Web espacios publicitarios seg\u00fan la informaci\u00f3n obtenida a trav\u00e9s de los h\u00e1bitos de navegaci\u00f3n del usuario.<\/td>\n<\/tr>\n<\/tbody>\n<\/table>\n<p>La informaci\u00f3n que le proporcionamos a continuaci\u00f3n, le ayudar\u00e1 a comprender los diferentes tipos de cookies:<\/p>\n<p>Seg\u00fan lo dispuesto en el art\u00edculo 22.2 de la Ley 34\/2002, de 11 de julio, de Servicios de la Sociedad de la Informaci\u00f3n y de Comercio Electr\u00f3nico (LSSI-CE). DINEDAS\u00a0SL informa de las cookies utilizadas en nuestra website:<\/p>\n<p>Usamos cookies propias y de terceros para recopilar datos estad\u00edsticos de forma agregada a trav\u00e9s de los datos que nos proporciona su utilizaci\u00f3n.<\/p>\n<p>Asimismo, \u00a0 DINEDAS\u00a0SL informa\u00a0\u00a0 al usuario\u00a0\u00a0 de que tiene la posibilidad\u00a0\u00a0 de configurar\u00a0\u00a0 su navegador de modo que se le informe de la recepci\u00f3n de cookies, pudiendo, si as\u00ed lo desea, impedir que sean instaladas en su disco duro.<\/p>\n<p>A continuaci\u00f3n le proporcionamos los enlaces de diversos navegadores, a trav\u00e9s de los cuales podr\u00e1 realizar dicha configuraci\u00f3n:<\/p>\n<p><em>Firefox desde aqu\u00ed: https:\/\/support.mozilla.orq\/es\/kb\/habilitar-y-deshabilitar-cookies-que-los-sitios-we<\/em><\/p>\n<p><em>Chrome desde aqu\u00ed: https:\/\/support.qooqle.com\/chrome\/bin\/answer.py?hl=es&amp;answer=95647<\/em><\/p>\n<p><em>Explorer desde aqu\u00ed: https:\/\/windows.microsoft.com\/es-es\/internet-explorer\/delete-manaqe\u00adcookies#ie=ie-10<\/em><\/p>\n<p><em>Safari desde aqu\u00ed: https:\/\/support.a pple.com\/kb\/ph17191?locale=es_ES<\/em><\/p>\n<p><em>Opera desde aqu\u00ed: https:\/\/help.opera.com\/Windows\/11.50\/es-ES\/cookies.html<\/em><\/p>\n<\/div>\n<\/div>\n","protected":false},"excerpt":{"rendered":"<p>Pol\u00edtica de Cookies Una Cookie es un fichero que se descarga en su ordenador al acceder a determinadas p\u00e1ginas web. Las cookies permiten a una p\u00e1gina web, entre otras cosas, almacenar y recuperar informaci\u00f3n sobre los h\u00e1bitos de navegaci\u00f3n de un usuario o de su&#8230;<\/p>\n","protected":false},"author":3,"featured_media":0,"parent":0,"menu_order":0,"comment_status":"closed","ping_status":"closed","template":"","meta":{"_monsterinsights_skip_tracking":false,"_monsterinsights_sitenote_active":false,"_monsterinsights_sitenote_note":"","_monsterinsights_sitenote_category":0,"footnotes":""},"class_list":["post-3106","page","type-page","status-publish","hentry"],"yoast_head":"<!-- This site is optimized with the Yoast SEO plugin v27.4 - https:\/\/yoast.com\/product\/yoast-seo-wordpress\/ -->\n<title>Pol\u00edtica de Cookies - Centfocs<\/title>\n<meta name=\"robots\" content=\"index, follow, max-snippet:-1, max-image-preview:large, max-video-preview:-1\" \/>\n<link rel=\"canonical\" href=\"https:\/\/centfocs.com\/index.php\/politica-de-cookies-2\/\" \/>\n<meta property=\"og:locale\" content=\"ca_ES\" \/>\n<meta property=\"og:type\" content=\"article\" \/>\n<meta property=\"og:title\" content=\"Pol\u00edtica de Cookies - Centfocs\" \/>\n<meta property=\"og:description\" content=\"Pol\u00edtica de Cookies Una Cookie es un fichero que se descarga en su ordenador al acceder a determinadas p\u00e1ginas web. Las cookies permiten a una p\u00e1gina web, entre otras cosas, almacenar y recuperar informaci\u00f3n sobre los h\u00e1bitos de navegaci\u00f3n de un usuario o de su...\" \/>\n<meta property=\"og:url\" content=\"https:\/\/centfocs.com\/index.php\/politica-de-cookies-2\/?lang=es\" \/>\n<meta property=\"og:site_name\" content=\"Centfocs\" \/>\n<meta property=\"article:publisher\" content=\"https:\/\/www.facebook.com\/centfocsrestaurant\" \/>\n<meta property=\"article:modified_time\" content=\"2020-12-10T15:24:51+00:00\" \/>\n<meta property=\"og:image\" content=\"https:\/\/centfocs.com\/wp-content\/uploads\/2020\/08\/home_centfocs.jpg\" \/>\n\t<meta property=\"og:image:width\" content=\"1440\" \/>\n\t<meta property=\"og:image:height\" content=\"603\" \/>\n\t<meta property=\"og:image:type\" content=\"image\/jpeg\" \/>\n<meta name=\"twitter:card\" content=\"summary_large_image\" \/>\n<meta name=\"twitter:label1\" content=\"Temps estimat de lectura\" \/>\n\t<meta name=\"twitter:data1\" content=\"3 minuts\" \/>\n<script type=\"application\/ld+json\" class=\"yoast-schema-graph\">{\"@context\":\"https:\\\/\\\/schema.org\",\"@graph\":[{\"@type\":\"WebPage\",\"@id\":\"https:\\\/\\\/centfocs.com\\\/index.php\\\/politica-de-cookies-2\\\/?lang=es\",\"url\":\"https:\\\/\\\/centfocs.com\\\/index.php\\\/politica-de-cookies-2\\\/?lang=es\",\"name\":\"Pol\u00edtica de Cookies - Centfocs\",\"isPartOf\":{\"@id\":\"https:\\\/\\\/centfocs.com\\\/#website\"},\"datePublished\":\"2018-04-04T11:05:54+00:00\",\"dateModified\":\"2020-12-10T15:24:51+00:00\",\"breadcrumb\":{\"@id\":\"https:\\\/\\\/centfocs.com\\\/index.php\\\/politica-de-cookies-2\\\/?lang=es#breadcrumb\"},\"inLanguage\":\"ca\",\"potentialAction\":[{\"@type\":\"ReadAction\",\"target\":[\"https:\\\/\\\/centfocs.com\\\/index.php\\\/politica-de-cookies-2\\\/?lang=es\"]}]},{\"@type\":\"BreadcrumbList\",\"@id\":\"https:\\\/\\\/centfocs.com\\\/index.php\\\/politica-de-cookies-2\\\/?lang=es#breadcrumb\",\"itemListElement\":[{\"@type\":\"ListItem\",\"position\":1,\"name\":\"Portada\",\"item\":\"https:\\\/\\\/centfocs.com\\\/\"},{\"@type\":\"ListItem\",\"position\":2,\"name\":\"Pol\u00edtica de Cookies\"}]},{\"@type\":\"WebSite\",\"@id\":\"https:\\\/\\\/centfocs.com\\\/#website\",\"url\":\"https:\\\/\\\/centfocs.com\\\/\",\"name\":\"Centfocs\",\"description\":\"Cuina tradicional al cor de Barcelona\",\"publisher\":{\"@id\":\"https:\\\/\\\/centfocs.com\\\/#organization\"},\"potentialAction\":[{\"@type\":\"SearchAction\",\"target\":{\"@type\":\"EntryPoint\",\"urlTemplate\":\"https:\\\/\\\/centfocs.com\\\/?s={search_term_string}\"},\"query-input\":{\"@type\":\"PropertyValueSpecification\",\"valueRequired\":true,\"valueName\":\"search_term_string\"}}],\"inLanguage\":\"ca\"},{\"@type\":\"Organization\",\"@id\":\"https:\\\/\\\/centfocs.com\\\/#organization\",\"name\":\"Restaurant Centfocs\",\"url\":\"https:\\\/\\\/centfocs.com\\\/\",\"logo\":{\"@type\":\"ImageObject\",\"inLanguage\":\"ca\",\"@id\":\"https:\\\/\\\/centfocs.com\\\/#\\\/schema\\\/logo\\\/image\\\/\",\"url\":\"https:\\\/\\\/centfocs.com\\\/wp-content\\\/uploads\\\/2021\\\/11\\\/logo_centfocs_newsletter.jpg\",\"contentUrl\":\"https:\\\/\\\/centfocs.com\\\/wp-content\\\/uploads\\\/2021\\\/11\\\/logo_centfocs_newsletter.jpg\",\"width\":669,\"height\":119,\"caption\":\"Restaurant Centfocs\"},\"image\":{\"@id\":\"https:\\\/\\\/centfocs.com\\\/#\\\/schema\\\/logo\\\/image\\\/\"},\"sameAs\":[\"https:\\\/\\\/www.facebook.com\\\/centfocsrestaurant\",\"https:\\\/\\\/www.instagram.com\\\/centfocsrestaurant\\\/\"]}]}<\/script>\n<!-- \/ Yoast SEO plugin. -->","yoast_head_json":{"title":"Pol\u00edtica de Cookies - Centfocs","robots":{"index":"index","follow":"follow","max-snippet":"max-snippet:-1","max-image-preview":"max-image-preview:large","max-video-preview":"max-video-preview:-1"},"canonical":"https:\/\/centfocs.com\/index.php\/politica-de-cookies-2\/","og_locale":"ca_ES","og_type":"article","og_title":"Pol\u00edtica de Cookies - Centfocs","og_description":"Pol\u00edtica de Cookies Una Cookie es un fichero que se descarga en su ordenador al acceder a determinadas p\u00e1ginas web. Las cookies permiten a una p\u00e1gina web, entre otras cosas, almacenar y recuperar informaci\u00f3n sobre los h\u00e1bitos de navegaci\u00f3n de un usuario o de su...","og_url":"https:\/\/centfocs.com\/index.php\/politica-de-cookies-2\/?lang=es","og_site_name":"Centfocs","article_publisher":"https:\/\/www.facebook.com\/centfocsrestaurant","article_modified_time":"2020-12-10T15:24:51+00:00","og_image":[{"width":1440,"height":603,"url":"https:\/\/centfocs.com\/wp-content\/uploads\/2020\/08\/home_centfocs.jpg","type":"image\/jpeg"}],"twitter_card":"summary_large_image","twitter_misc":{"Temps estimat de lectura":"3 minuts"},"schema":{"@context":"https:\/\/schema.org","@graph":[{"@type":"WebPage","@id":"https:\/\/centfocs.com\/index.php\/politica-de-cookies-2\/?lang=es","url":"https:\/\/centfocs.com\/index.php\/politica-de-cookies-2\/?lang=es","name":"Pol\u00edtica de Cookies - Centfocs","isPartOf":{"@id":"https:\/\/centfocs.com\/#website"},"datePublished":"2018-04-04T11:05:54+00:00","dateModified":"2020-12-10T15:24:51+00:00","breadcrumb":{"@id":"https:\/\/centfocs.com\/index.php\/politica-de-cookies-2\/?lang=es#breadcrumb"},"inLanguage":"ca","potentialAction":[{"@type":"ReadAction","target":["https:\/\/centfocs.com\/index.php\/politica-de-cookies-2\/?lang=es"]}]},{"@type":"BreadcrumbList","@id":"https:\/\/centfocs.com\/index.php\/politica-de-cookies-2\/?lang=es#breadcrumb","itemListElement":[{"@type":"ListItem","position":1,"name":"Portada","item":"https:\/\/centfocs.com\/"},{"@type":"ListItem","position":2,"name":"Pol\u00edtica de Cookies"}]},{"@type":"WebSite","@id":"https:\/\/centfocs.com\/#website","url":"https:\/\/centfocs.com\/","name":"Centfocs","description":"Cuina tradicional al cor de Barcelona","publisher":{"@id":"https:\/\/centfocs.com\/#organization"},"potentialAction":[{"@type":"SearchAction","target":{"@type":"EntryPoint","urlTemplate":"https:\/\/centfocs.com\/?s={search_term_string}"},"query-input":{"@type":"PropertyValueSpecification","valueRequired":true,"valueName":"search_term_string"}}],"inLanguage":"ca"},{"@type":"Organization","@id":"https:\/\/centfocs.com\/#organization","name":"Restaurant Centfocs","url":"https:\/\/centfocs.com\/","logo":{"@type":"ImageObject","inLanguage":"ca","@id":"https:\/\/centfocs.com\/#\/schema\/logo\/image\/","url":"https:\/\/centfocs.com\/wp-content\/uploads\/2021\/11\/logo_centfocs_newsletter.jpg","contentUrl":"https:\/\/centfocs.com\/wp-content\/uploads\/2021\/11\/logo_centfocs_newsletter.jpg","width":669,"height":119,"caption":"Restaurant Centfocs"},"image":{"@id":"https:\/\/centfocs.com\/#\/schema\/logo\/image\/"},"sameAs":["https:\/\/www.facebook.com\/centfocsrestaurant","https:\/\/www.instagram.com\/centfocsrestaurant\/"]}]}},"_links":{"self":[{"href":"https:\/\/centfocs.com\/index.php\/wp-json\/wp\/v2\/pages\/3106","targetHints":{"allow":["GET"]}}],"collection":[{"href":"https:\/\/centfocs.com\/index.php\/wp-json\/wp\/v2\/pages"}],"about":[{"href":"https:\/\/centfocs.com\/index.php\/wp-json\/wp\/v2\/types\/page"}],"author":[{"embeddable":true,"href":"https:\/\/centfocs.com\/index.php\/wp-json\/wp\/v2\/users\/3"}],"replies":[{"embeddable":true,"href":"https:\/\/centfocs.com\/index.php\/wp-json\/wp\/v2\/comments?post=3106"}],"version-history":[{"count":4,"href":"https:\/\/centfocs.com\/index.php\/wp-json\/wp\/v2\/pages\/3106\/revisions"}],"predecessor-version":[{"id":4477,"href":"https:\/\/centfocs.com\/index.php\/wp-json\/wp\/v2\/pages\/3106\/revisions\/4477"}],"wp:attachment":[{"href":"https:\/\/centfocs.com\/index.php\/wp-json\/wp\/v2\/media?parent=3106"}],"curies":[{"name":"wp","href":"https:\/\/api.w.org\/{rel}","templated":true}]}}