{"id":3102,"date":"2018-04-04T11:04:09","date_gmt":"2018-04-04T11:04:09","guid":{"rendered":"https:\/\/www.centfocs.com\/?page_id=3102"},"modified":"2018-04-04T11:06:23","modified_gmt":"2018-04-04T11:06:23","slug":"politica-de-cookies","status":"publish","type":"page","link":"https:\/\/centfocs.com\/index.php\/politica-de-cookies\/","title":{"rendered":"Pol\u00edtica de Cookies"},"content":{"rendered":"<p><strong>Pol\u00edtica de Cookies<\/strong><br \/>\nUna Cookie \u00e9s un fitxer que es descarrega al seu ordinador en accedir a determinades p\u00e0gines web. Les cookies permeten a una p\u00e0gina web, entre altres coses, emmagatzemar i recuperar informaci\u00f3 sobre els h\u00e0bits de navegaci\u00f3 d&#8217;un usuari o del seu equip i, depenent de la informaci\u00f3 que contingui i de la forma en qu\u00e8 utilitzi el seu equip, es poden utilitzar per recon\u00e8ixer a l&#8217;usuari.<br \/>\nLes cookies s\u00f3n essencials per al funcionament d&#8217;internet, aportant innombrables avantatges en la prestaci\u00f3 de serveis interactius, facilitant la navegaci\u00f3 i usabilitat de la nostra web.<\/p>\n<table width=\"1275\">\n<tbody>\n<tr>\n<td colspan=\"3\" width=\"445\">TIPUS DE COOKIES<\/td>\n<\/tr>\n<tr>\n<td rowspan=\"2\" width=\"121\">&nbsp;<\/p>\n<p>&nbsp;<\/p>\n<p>SEGONS L&#8217;ENTITAT QUE LES GESTIONI<\/td>\n<td width=\"133\">&nbsp;<\/p>\n<p>Galetes pr\u00f2pies<\/td>\n<td width=\"191\">S\u00f3n aquelles que es recapten pel mateix editor per prestar el servei<br \/>\nsol\u00b7licitat per l&#8217;usuari.<\/td>\n<\/tr>\n<tr>\n<td width=\"133\">&nbsp;<\/p>\n<p>Galetes de tercer<\/td>\n<td width=\"191\">S\u00f3n aquelles que s\u00f3n recollides i gestionades per un tercer, aquestes no es poden considerar pr\u00f2pies.<\/td>\n<\/tr>\n<tr>\n<td rowspan=\"2\" width=\"121\">&nbsp;<\/p>\n<p>&nbsp;<\/p>\n<p>SEGONS EL TERMINI DE TEMPS QUE ROMANGUIN ACTIVADES<\/td>\n<td width=\"133\">&nbsp;<\/p>\n<p>Galetes de sessi\u00f3<\/td>\n<td width=\"191\">Demanen dades mentre e l usuari<br \/>\nnavega per la xarxa amb la finalitat de prestar el servei sol\u00b7licitat.<\/td>\n<\/tr>\n<tr>\n<td width=\"133\">&nbsp;<\/p>\n<p>&nbsp;<\/p>\n<p>Galetes persistents<\/td>\n<td width=\"191\">S&#8217;emmagatzemen al terminal i la informaci\u00f3 obtinguda, ser\u00e0 utilitzada per<br \/>\nel responsable de la galeta amb la finalitat de prestar el servei sol\u00b7licitat.<\/td>\n<\/tr>\n<tr>\n<td rowspan=\"5\" width=\"121\">&nbsp;<\/p>\n<p>&nbsp;<\/p>\n<p>&nbsp;<\/p>\n<p>&nbsp;<\/p>\n<p>&nbsp;<\/p>\n<p>&nbsp;<\/p>\n<p>&nbsp;<\/p>\n<p>&nbsp;<\/p>\n<p>&nbsp;<\/p>\n<p>&nbsp;<\/p>\n<p>&nbsp;<\/p>\n<p>SEGONS LA FINALITAT<\/td>\n<td width=\"133\">&nbsp;<\/p>\n<p>Galetes t\u00e8cniques<\/td>\n<td width=\"191\">S\u00f3n les necess\u00e0ries per a la correcta navegaci\u00f3 per la web.<\/td>\n<\/tr>\n<tr>\n<td width=\"133\">&nbsp;<\/p>\n<p>Galetes de personalitzaci\u00f3<\/td>\n<td width=\"191\">Permeten a l&#8217;usuari les caracter\u00edstiques (idioma) per a la navegaci\u00f3 per la web<\/td>\n<\/tr>\n<tr>\n<td width=\"133\">&nbsp;<\/p>\n<p>&nbsp;<\/p>\n<p>&nbsp;<\/p>\n<p>&nbsp;<\/p>\n<p>Galetes d&#8217;an\u00e0lisi<\/td>\n<td width=\"191\">Permeten al prestador l&#8217;an\u00e0lisi vinculat a la navegaci\u00f3 realitzada per l&#8217;usuari, amb la finalitat de dur un seguiment d&#8217;\u00fas de la p\u00e0gina web, aix\u00ed com realitzar estad\u00edstiques dels continguts m\u00e9s visitats, nombre de visitants, etc.<\/td>\n<\/tr>\n<tr>\n<td width=\"133\">&nbsp;<\/p>\n<p>Galetes publicit\u00e0ries<\/td>\n<td width=\"191\">Permeten a l&#8217;editor incloure a la web,<br \/>\nEspais publicitaris, segons el contingut de la pr\u00f2pia web.<\/td>\n<\/tr>\n<tr>\n<td width=\"133\">&nbsp;<\/p>\n<p>Galetes de publicitat comportamental<\/td>\n<td width=\"191\">Permeten a l&#8217;editor incloure en la p\u00e0gina<br \/>\nWeb espais publicitaris segons la informaci\u00f3 obtinguda a trav\u00e9s dels h\u00e0bits de navegaci\u00f3 de l&#8217;usuari.<\/td>\n<\/tr>\n<\/tbody>\n<\/table>\n<p>La informaci\u00f3 que li proporcionem a continuaci\u00f3, l&#8217;ajudar\u00e0 a comprendre els diferents tipus de galetes:<\/p>\n<p>Segons el que disposa l&#8217;article 22.2 de la Llei 34\/2002, de 11 de juliol, de Serveis de la Societat de la Informaci\u00f3 i de Comer\u00e7 Electr\u00f2nic (LSSI-CE). Dinedas\u00a0SL informa de les galetes utilitzades a la nostra web:<br \/>\nFem servir galetes pr\u00f2pies i de tercers per recopilar dades estad\u00edstiques de manera agregada a trav\u00e9s de les dades que ens proporciona la seva utilitzaci\u00f3.<\/p>\n<p>Aix\u00ed mateix, Dinedas\u00a0SL informa a l&#8217;usuari que t\u00e9 la possibilitat de configurar el seu navegador de manera que se li informi de la recepci\u00f3 de cookies, podent, si aix\u00ed ho desitja, impedir que siguin instal\u00b7lades en el seu disc dur.<br \/>\nA continuaci\u00f3 li proporcionem els enlla\u00e7os de diversos navegadors, a trav\u00e9s dels quals podr\u00e0 realitzar aquesta configuraci\u00f3:<\/p>\n<p>Firefox des d&#8217;aqu\u00ed: http: \/\/support.mozilla.orq\/es\/kb\/habilitar-y-deshabilitar-cookies-que-los-sitios-we<br \/>\nChrome des d&#8217;aqu\u00ed: https:\/\/support.qooqle.com\/chrome\/bin\/answer.py?hl=es&amp;answer=95647<br \/>\nExplorer des d&#8217;aqu\u00ed: https:\/\/windows.microsoft.com\/es-es\/internet-explorer\/delete-manaqecookies#ie=ie-10<br \/>\nSafari des d&#8217;aqu\u00ed: https: \/\/support.a pple.com\/kb\/ph17191?locale=es_ES<br \/>\nOpera des d&#8217;aqu\u00ed: https:\/\/help.opera.com\/Windows\/11.50\/es-ES\/cookies.html<\/p>\n<p>&nbsp;<\/p>\n","protected":false},"excerpt":{"rendered":"<p>Pol\u00edtica de Cookies Una Cookie \u00e9s un fitxer que es descarrega al seu ordinador en accedir a determinades p\u00e0gines web. Les cookies permeten a una p\u00e0gina web, entre altres coses, emmagatzemar i recuperar informaci\u00f3 sobre els h\u00e0bits de navegaci\u00f3 d&#8217;un usuari o del seu equip&#8230;<\/p>\n","protected":false},"author":3,"featured_media":0,"parent":0,"menu_order":0,"comment_status":"closed","ping_status":"closed","template":"","meta":{"_monsterinsights_skip_tracking":false,"_monsterinsights_sitenote_active":false,"_monsterinsights_sitenote_note":"","_monsterinsights_sitenote_category":0,"footnotes":""},"class_list":["post-3102","page","type-page","status-publish","hentry"],"yoast_head":"<!-- This site is optimized with the Yoast SEO plugin v27.6 - https:\/\/yoast.com\/product\/yoast-seo-wordpress\/ -->\n<title>Pol\u00edtica de Cookies - Centfocs<\/title>\n<meta name=\"robots\" content=\"index, follow, max-snippet:-1, max-image-preview:large, max-video-preview:-1\" \/>\n<link rel=\"canonical\" href=\"https:\/\/centfocs.com\/index.php\/politica-de-cookies\/\" \/>\n<meta property=\"og:locale\" content=\"ca_ES\" \/>\n<meta property=\"og:type\" content=\"article\" \/>\n<meta property=\"og:title\" content=\"Pol\u00edtica de Cookies - Centfocs\" \/>\n<meta property=\"og:description\" content=\"Pol\u00edtica de Cookies Una Cookie \u00e9s un fitxer que es descarrega al seu ordinador en accedir a determinades p\u00e0gines web. Les cookies permeten a una p\u00e0gina web, entre altres coses, emmagatzemar i recuperar informaci\u00f3 sobre els h\u00e0bits de navegaci\u00f3 d&#8217;un usuari o del seu equip...\" \/>\n<meta property=\"og:url\" content=\"https:\/\/centfocs.com\/index.php\/politica-de-cookies\/\" \/>\n<meta property=\"og:site_name\" content=\"Centfocs\" \/>\n<meta property=\"article:publisher\" content=\"https:\/\/www.facebook.com\/centfocsrestaurant\" \/>\n<meta property=\"article:modified_time\" content=\"2018-04-04T11:06:23+00:00\" \/>\n<meta property=\"og:image\" content=\"https:\/\/centfocs.com\/wp-content\/uploads\/2020\/08\/home_centfocs.jpg\" \/>\n\t<meta property=\"og:image:width\" content=\"1440\" \/>\n\t<meta property=\"og:image:height\" content=\"603\" \/>\n\t<meta property=\"og:image:type\" content=\"image\/jpeg\" \/>\n<meta name=\"twitter:card\" content=\"summary_large_image\" \/>\n<meta name=\"twitter:label1\" content=\"Temps estimat de lectura\" \/>\n\t<meta name=\"twitter:data1\" content=\"3 minuts\" \/>\n<script type=\"application\/ld+json\" class=\"yoast-schema-graph\">{\"@context\":\"https:\\\/\\\/schema.org\",\"@graph\":[{\"@type\":\"WebPage\",\"@id\":\"https:\\\/\\\/centfocs.com\\\/index.php\\\/politica-de-cookies\\\/\",\"url\":\"https:\\\/\\\/centfocs.com\\\/index.php\\\/politica-de-cookies\\\/\",\"name\":\"Pol\u00edtica de Cookies - Centfocs\",\"isPartOf\":{\"@id\":\"https:\\\/\\\/centfocs.com\\\/#website\"},\"datePublished\":\"2018-04-04T11:04:09+00:00\",\"dateModified\":\"2018-04-04T11:06:23+00:00\",\"breadcrumb\":{\"@id\":\"https:\\\/\\\/centfocs.com\\\/index.php\\\/politica-de-cookies\\\/#breadcrumb\"},\"inLanguage\":\"ca\",\"potentialAction\":[{\"@type\":\"ReadAction\",\"target\":[\"https:\\\/\\\/centfocs.com\\\/index.php\\\/politica-de-cookies\\\/\"]}]},{\"@type\":\"BreadcrumbList\",\"@id\":\"https:\\\/\\\/centfocs.com\\\/index.php\\\/politica-de-cookies\\\/#breadcrumb\",\"itemListElement\":[{\"@type\":\"ListItem\",\"position\":1,\"name\":\"Portada\",\"item\":\"https:\\\/\\\/centfocs.com\\\/\"},{\"@type\":\"ListItem\",\"position\":2,\"name\":\"Pol\u00edtica de Cookies\"}]},{\"@type\":\"WebSite\",\"@id\":\"https:\\\/\\\/centfocs.com\\\/#website\",\"url\":\"https:\\\/\\\/centfocs.com\\\/\",\"name\":\"Centfocs\",\"description\":\"Cuina tradicional al cor de Barcelona\",\"publisher\":{\"@id\":\"https:\\\/\\\/centfocs.com\\\/#organization\"},\"potentialAction\":[{\"@type\":\"SearchAction\",\"target\":{\"@type\":\"EntryPoint\",\"urlTemplate\":\"https:\\\/\\\/centfocs.com\\\/?s={search_term_string}\"},\"query-input\":{\"@type\":\"PropertyValueSpecification\",\"valueRequired\":true,\"valueName\":\"search_term_string\"}}],\"inLanguage\":\"ca\"},{\"@type\":\"Organization\",\"@id\":\"https:\\\/\\\/centfocs.com\\\/#organization\",\"name\":\"Restaurant Centfocs\",\"url\":\"https:\\\/\\\/centfocs.com\\\/\",\"logo\":{\"@type\":\"ImageObject\",\"inLanguage\":\"ca\",\"@id\":\"https:\\\/\\\/centfocs.com\\\/#\\\/schema\\\/logo\\\/image\\\/\",\"url\":\"https:\\\/\\\/centfocs.com\\\/wp-content\\\/uploads\\\/2021\\\/11\\\/logo_centfocs_newsletter.jpg\",\"contentUrl\":\"https:\\\/\\\/centfocs.com\\\/wp-content\\\/uploads\\\/2021\\\/11\\\/logo_centfocs_newsletter.jpg\",\"width\":669,\"height\":119,\"caption\":\"Restaurant Centfocs\"},\"image\":{\"@id\":\"https:\\\/\\\/centfocs.com\\\/#\\\/schema\\\/logo\\\/image\\\/\"},\"sameAs\":[\"https:\\\/\\\/www.facebook.com\\\/centfocsrestaurant\",\"https:\\\/\\\/www.instagram.com\\\/centfocsrestaurant\\\/\"]}]}<\/script>\n<!-- \/ Yoast SEO plugin. -->","yoast_head_json":{"title":"Pol\u00edtica de Cookies - Centfocs","robots":{"index":"index","follow":"follow","max-snippet":"max-snippet:-1","max-image-preview":"max-image-preview:large","max-video-preview":"max-video-preview:-1"},"canonical":"https:\/\/centfocs.com\/index.php\/politica-de-cookies\/","og_locale":"ca_ES","og_type":"article","og_title":"Pol\u00edtica de Cookies - Centfocs","og_description":"Pol\u00edtica de Cookies Una Cookie \u00e9s un fitxer que es descarrega al seu ordinador en accedir a determinades p\u00e0gines web. Les cookies permeten a una p\u00e0gina web, entre altres coses, emmagatzemar i recuperar informaci\u00f3 sobre els h\u00e0bits de navegaci\u00f3 d&#8217;un usuari o del seu equip...","og_url":"https:\/\/centfocs.com\/index.php\/politica-de-cookies\/","og_site_name":"Centfocs","article_publisher":"https:\/\/www.facebook.com\/centfocsrestaurant","article_modified_time":"2018-04-04T11:06:23+00:00","og_image":[{"width":1440,"height":603,"url":"https:\/\/centfocs.com\/wp-content\/uploads\/2020\/08\/home_centfocs.jpg","type":"image\/jpeg"}],"twitter_card":"summary_large_image","twitter_misc":{"Temps estimat de lectura":"3 minuts"},"schema":{"@context":"https:\/\/schema.org","@graph":[{"@type":"WebPage","@id":"https:\/\/centfocs.com\/index.php\/politica-de-cookies\/","url":"https:\/\/centfocs.com\/index.php\/politica-de-cookies\/","name":"Pol\u00edtica de Cookies - Centfocs","isPartOf":{"@id":"https:\/\/centfocs.com\/#website"},"datePublished":"2018-04-04T11:04:09+00:00","dateModified":"2018-04-04T11:06:23+00:00","breadcrumb":{"@id":"https:\/\/centfocs.com\/index.php\/politica-de-cookies\/#breadcrumb"},"inLanguage":"ca","potentialAction":[{"@type":"ReadAction","target":["https:\/\/centfocs.com\/index.php\/politica-de-cookies\/"]}]},{"@type":"BreadcrumbList","@id":"https:\/\/centfocs.com\/index.php\/politica-de-cookies\/#breadcrumb","itemListElement":[{"@type":"ListItem","position":1,"name":"Portada","item":"https:\/\/centfocs.com\/"},{"@type":"ListItem","position":2,"name":"Pol\u00edtica de Cookies"}]},{"@type":"WebSite","@id":"https:\/\/centfocs.com\/#website","url":"https:\/\/centfocs.com\/","name":"Centfocs","description":"Cuina tradicional al cor de Barcelona","publisher":{"@id":"https:\/\/centfocs.com\/#organization"},"potentialAction":[{"@type":"SearchAction","target":{"@type":"EntryPoint","urlTemplate":"https:\/\/centfocs.com\/?s={search_term_string}"},"query-input":{"@type":"PropertyValueSpecification","valueRequired":true,"valueName":"search_term_string"}}],"inLanguage":"ca"},{"@type":"Organization","@id":"https:\/\/centfocs.com\/#organization","name":"Restaurant Centfocs","url":"https:\/\/centfocs.com\/","logo":{"@type":"ImageObject","inLanguage":"ca","@id":"https:\/\/centfocs.com\/#\/schema\/logo\/image\/","url":"https:\/\/centfocs.com\/wp-content\/uploads\/2021\/11\/logo_centfocs_newsletter.jpg","contentUrl":"https:\/\/centfocs.com\/wp-content\/uploads\/2021\/11\/logo_centfocs_newsletter.jpg","width":669,"height":119,"caption":"Restaurant Centfocs"},"image":{"@id":"https:\/\/centfocs.com\/#\/schema\/logo\/image\/"},"sameAs":["https:\/\/www.facebook.com\/centfocsrestaurant","https:\/\/www.instagram.com\/centfocsrestaurant\/"]}]}},"_links":{"self":[{"href":"https:\/\/centfocs.com\/index.php\/wp-json\/wp\/v2\/pages\/3102","targetHints":{"allow":["GET"]}}],"collection":[{"href":"https:\/\/centfocs.com\/index.php\/wp-json\/wp\/v2\/pages"}],"about":[{"href":"https:\/\/centfocs.com\/index.php\/wp-json\/wp\/v2\/types\/page"}],"author":[{"embeddable":true,"href":"https:\/\/centfocs.com\/index.php\/wp-json\/wp\/v2\/users\/3"}],"replies":[{"embeddable":true,"href":"https:\/\/centfocs.com\/index.php\/wp-json\/wp\/v2\/comments?post=3102"}],"version-history":[{"count":2,"href":"https:\/\/centfocs.com\/index.php\/wp-json\/wp\/v2\/pages\/3102\/revisions"}],"predecessor-version":[{"id":3108,"href":"https:\/\/centfocs.com\/index.php\/wp-json\/wp\/v2\/pages\/3102\/revisions\/3108"}],"wp:attachment":[{"href":"https:\/\/centfocs.com\/index.php\/wp-json\/wp\/v2\/media?parent=3102"}],"curies":[{"name":"wp","href":"https:\/\/api.w.org\/{rel}","templated":true}]}}