{"id":2801,"date":"2017-10-30T11:32:44","date_gmt":"2017-10-30T11:32:44","guid":{"rendered":"https:\/\/www.centfocs.com\/index.php\/politica-de-vendes-2\/"},"modified":"2020-12-15T12:32:39","modified_gmt":"2020-12-15T11:32:39","slug":"politica-de-vendes-2","status":"publish","type":"page","link":"https:\/\/centfocs.com\/index.php\/politica-de-vendes-2\/?lang=en","title":{"rendered":"Pol\u00edtica de vendes"},"content":{"rendered":"<p>[vc_row row_type=&#8221;row&#8221; use_row_as_full_screen_section=&#8221;no&#8221; type=&#8221;full_width&#8221; text_align=&#8221;left&#8221; background_animation=&#8221;none&#8221; css_animation=&#8221;&#8221;][vc_column][vc_column_text]<\/p>\n<div id=\"gt-input-tool\">\n<p><span style=\"color: #000000;\"><strong><strong>IDENTIFICACI\u00d3<\/strong><\/strong><\/span><\/p>\n<hr \/>\n<\/div>\n<div id=\"gt-src-c\" class=\"g-unit\">\n<div id=\"gt-src-p\">\n<div id=\"gt-src-wrap\" class=\"\">\n<div id=\"gt-src-cc\">\n<div class=\"cc-ctr gt-src-cc-normal\">\n<p><span style=\"color: #000000;\">Restaurant Centfocs, en compliment de la Llei 34\/2002, d&#8217;11 de juliol, de Serveis de la Societat de la Informaci\u00f3 i de Comer\u00e7 Electr\u00f2nic, l&#8217;informa que:\u00a0<\/span><\/p>\n<p><span style=\"color: #000000;\">La seva denominaci\u00f3 social \u00e9s: DINEDAS S.L<\/span><\/p>\n<p><span style=\"color: #000000;\">El seu nom comercial \u00e9s: Restaurant Centfocs<\/span><\/p>\n<p><span style=\"color: #000000;\">El seu CIF \u00e9s: B62962444\u00a0<\/span><\/p>\n<p><span style=\"color: #000000;\">El seu domicili social \u00e9s: Carrer Balmes, 16 \u2013 08007 Barcelona (ESPANYA).\u00a0<\/span><\/p>\n<p>&nbsp;<\/p>\n<p><span style=\"color: #000000;\"><strong>COMUNICACIONS<\/strong><\/span><\/p>\n<hr \/>\n<p><span style=\"color: #000000;\">Per poder comunicar-se amb nosaltres, posem a la seva disposici\u00f3 diferents mitjans que li detallem a continuaci\u00f3.\u00a0<\/span><\/p>\n<p><span style=\"color: #000000;\">Tel\u00e8fon Comer\u00e7: <a style=\"color: #000000;\" href=\"https:\/\/www.google.com\/search?client=firefox-b-e&amp;q=telefono+centfocs\">934 12 00 95<\/a><\/span><\/p>\n<p><span style=\"color: #000000;\">Tel\u00e8fon Administraci\u00f3:93 7275335\u00a0<\/span><\/p>\n<p><span style=\"color: #000000;\">Mail: centfocs@centfocs.com<\/span><\/p>\n<p><span style=\"color: #000000;\">Adre\u00e7a de correu postal Carrer Balmes, 16 \u2013 08007 Barcelona (ESPANYA).\u00a0<\/span><\/p>\n<p>&nbsp;<\/p>\n<p><span style=\"color: #000000;\"><strong>PROC\u00c8S DE COMPRA<\/strong><\/span><\/p>\n<hr \/>\n<p><span style=\"color: #000000;\">\u00a0Els usuaris registrats a la nostra WEB han d&#8217;\u00e9sser majors d&#8217;edat, i facilitaran les seves dades mitjan\u00e7ant els formularis de registre de manera, exacta i fidel corresponent \u00fanicament a la seva persona i acceptant el consentiment respecte a la pol\u00edtica de privacitat del Restaurant Centfocs.<\/span><\/p>\n<p><span style=\"color: #000000;\">Una vegada registrat, l\u00faduari ha d&#8217;iniciar sessi\u00f3 i comen\u00e7ar el proc\u00e9s de compra en les diferents opcions que ofereix la nostra WEB\u00a0<\/span><\/p>\n<p><span style=\"color: #000000;\">En l&#8217;apartat COM FUNCIONA es troben les recomanacions pel procediment de compra.\u00a0<\/span><\/p>\n<p>&nbsp;<\/p>\n<p><span style=\"color: #000000;\"><strong>TAKE AWAY MEN\u00da DIARI<\/strong><\/span><\/p>\n<hr \/>\n<ol>\n<li><span style=\"color: #000000;\">Iniciar sessi\u00f3<\/span><\/li>\n<li><span style=\"color: #000000;\">Escollir un plat de primer, un plat de segon i un postra , a continuaci\u00f3 escollir beguda i tipo de pa posar el nom a qui correspon aquest men\u00fa, premeu el bot\u00f3 afegir Men\u00fa. En aquest moment es pot veure en la part superior el men\u00fa escollir, i podem decidir si procedir al pagament o afegir m\u00e9s men\u00fas, en aquest cas procedir igual que en el primer men\u00fa escollit.<\/span><\/li>\n<li><span style=\"color: #000000;\">Seleccionar modalitat de take away amb el bot\u00f3 habilitat per aquesta modalitat de servei, que permet anar a buscar la comanda al restaurant dintre de l&#8217;horari establert.<\/span><\/li>\n<li><span style=\"color: #000000;\">Procedir al pagament seleccionar el tipus de pagament sigui moneder virtual, targeta de cr\u00e8dit o combinaci\u00f3 ambd\u00f3s, acceptar pol\u00edtica de vendes i pagar.<\/span><\/li>\n<\/ol>\n<p><span style=\"color: #000000;\"><strong>\u00a0<\/strong><\/span><\/p>\n<p><span style=\"color: #000000;\"><strong>TAKE AWAY FESTES DE NADAL<\/strong><\/span><\/p>\n<hr \/>\n<ol>\n<li><span style=\"color: #000000;\">Iniciar sessi\u00f3\u00a0<\/span><\/li>\n<li><span style=\"color: #000000;\">Escollir els plats i la quantitat dels mateixos i afegir al carret de la compra.\u00a0<\/span><\/li>\n<li><span style=\"color: #000000;\">Escollir dia de comanda dintre de les opcions possibles\u00a0<\/span><\/li>\n<li><span style=\"color: #000000;\">Procedir al pagament seleccionar el tipus de pagament sigui moneder virtual, targeta de cr\u00e8dit o combinaci\u00f3 d&#8217;ambdues modalitats, acceptar pol\u00edtica de vendes i pagar.\u00a0<\/span><\/li>\n<li><span style=\"color: #000000;\">Recollir la comanda en el nostre establiment en l&#8217;horari establert segons el dia escollit.<\/span><\/li>\n<\/ol>\n<p><span style=\"color: #000000;\">Els preus recollits a la nostra WEB referents a la venda de men\u00fas i plats cuinats tenen els impostos inclosos i amb referenciats a Euros.\u00a0<\/span><\/p>\n<p><span style=\"color: #000000;\">L&#8217;Impost vigent de l&#8217;IVA corresponent \u00e9s del 10%.\u00a0<\/span><\/p>\n<p>&nbsp;<\/p>\n<p><span style=\"color: #000000;\"><strong>FORMES DE PAGAMENT I POL\u00cdTIQUES DE GARANTIA I CANCELACI\u00d3<\/strong><\/span><\/p>\n<hr \/>\n<p><span style=\"color: #000000;\">\u00a0La forma de pagament per fer la compra \u00e9s:\u00a0<\/span><\/p>\n<p><span style=\"color: #000000;\">Amb targeta de cr\u00e8dit o d\u00e8bit\u00a0<\/span><\/p>\n<p><span style=\"color: #000000;\">Es pot fer el pagament immediatament a trav\u00e9s de la passarel\u00b7la de pagament segura SSL del nostre banc. Si cal tornar o cancel\u00b7lar la comanda, l&#8217;import es reemborsar\u00e0 \u00fanicament a trav\u00e9s de la mateixa targeta de pagament identificada en la comanda. Totes les dades personals i les banc\u00e0ries estaran protegides amb totes les mesures de seguretat establertes per l&#8217;empresa d&#8217;acord amb els requisits del Reglament Europeu de Protecci\u00f3 de Dades i amb total confidencialitat.<\/span><\/p>\n<p><span style=\"color: #000000;\">Servei de pagament amb xecs Tiquet Restaurant, Xecs Sodexo i Xecs Gourmet, mitjan\u00e7ant el moneder virtual pots entregar en el nostre establiment la quantitat desitjada de tiquets i el seu el valor corresponent ser\u00e0 ingressat al moneder virtual que tens en el teu perfil d&#8217;usuari. En la pestanya corresponent a moneder virtual es pot veure en tot moment els moviments del compte i el seu saldo. El saldo ser\u00e0 destinat \u00fanicament a la compra per la WEB i no podr\u00e0 ser retornat ni destinat a cap altre \u00fas no contemplat.\u00a0<\/span><\/p>\n<p>&nbsp;<\/p>\n<p><span style=\"color: #000000;\"><strong>GARANTIA DELS PRODUCTES<\/strong><\/span><\/p>\n<hr \/>\n<p><span style=\"color: #000000;\">Totes les comandes i el seu contingut son servits amb productes cuinats per Restaurant Centfocs a tal efecte.\u00a0<\/span><\/p>\n<p><span style=\"color: #000000;\">El nostre sistema de servei de men\u00fas i plats preparats s\u00f3n efectuats en l\u00ednia Freda, aix\u00f2 significa que el producte \u00e9s cuinat i abatut immediatament a temperatures de conservaci\u00f3 fins al moment de servir, moment en el qual el client escalfa el menjar a temperatura de consum.\u00a0<\/span><\/p>\n<p><span style=\"color: #000000;\">Tots el nostre producte s\u00f3n cuinats de manera tradicional i no contenen cap mena d&#8217;additius, \u00e9s per aix\u00f2 que es recomana el consum immediat o preferent de m\u00e0xim 24 hores, sempre mantenint la conservaci\u00f3 del producte a una temperatura no superiora 4\u00b0 fins al moment del seu consum.\u00a0<\/span><\/p>\n<p>&nbsp;<\/p>\n<p><span style=\"color: #000000;\"><strong>CANCELACIONS<\/strong><\/span><\/p>\n<hr \/>\n<p><span style=\"color: #000000;\">Restaurant Centfocs tindr\u00e0 dret a cancel\u00b7lar qualsevol comanda o no acceptar una comanda confirmada pels seg\u00fcents motius: En cas d&#8217;error t\u00e8cnic o tipogr\u00e0fic en els preus o en la resta de dades dels productes continguts en el lloc web quan es va fer la comanda. Quan els sistemes de seguretat indiquen que la comanda pot ser fraudulenta. Quan la comanda no s&#8217;ha pogut lliurar a l&#8217;adre\u00e7a facilitada\u00a0<\/span><\/p>\n<p>&nbsp;<\/p>\n<p><span style=\"color: #000000;\"><strong>DEVOLUCIONS<\/strong><\/span><\/p>\n<hr \/>\n<p><span style=\"color: #000000;\">D&#8217;acord amb la normativa, s&#8217;informa el consumidor i a l&#8217;usuari de l&#8217;exist\u00e8ncia del dret a retirar els productes comprats durant un termini m\u00e0xim de 14 dies naturals sense haver d&#8217;indicar el motiu i sense inc\u00f3rrer en cap cost, excepte els previstos en l&#8217;article 107.2 i 108 del RD1\/2007, de 16 de novembre, pel qual s&#8217;aprova el text rem\u00e8s de la Llei General de Defensa dels Consumidors i Usuaris.<\/span><\/p>\n<p><span style=\"color: #000000;\">No obstant aix\u00f2, pel que fa als productes comercialitzats a la nostra WEB, aquest dret de desistiment estar\u00e0 subjecte a l&#8217;excepci\u00f3 prevista a l&#8217;article 103 apartat d) 1\/2007\/, de 16 de novembre, pel qual s&#8217;aprova el text ref\u00f3s de la Llei General de Defensa dels Consumidors i Usuaris.\u00a0<\/span><\/p>\n<p><span style=\"color: #000000;\">L&#8217;oferta de mercaderies que poden deteriorar-se o caducar r\u00e0pidament. Els productes que \u00e9s lliurem s\u00f3n aliments cuinats i tenen una data de caducitat pel que est\u00e0 exempt el dret de retirada d&#8217;aquests. Amb tot aix\u00f2, s&#8217;informa l&#8217;usuari de l&#8217;exist\u00e8ncia d&#8217;aquest dret, per\u00f2 a la vegada, amb la realitzaci\u00f3 de la comanda del servei accepta i consent que un cop recollida o rebuda la comanda no podran exercir el dret de desistiment el que implica que no es podr\u00e0 retornar el menjar comprat.\u00a0<\/span><\/p>\n<p>&nbsp;<\/p>\n<p><span style=\"color: #000000;\"><strong>PROCEDIMENT DE RESERVA<\/strong><\/span><\/p>\n<hr \/>\n<p><span style=\"color: #000000;\"><strong>Com puc reservar una pla\u00e7a al Restaurant Centfocs?<\/strong> \u00a0(D&#8217;ara endavant el Restaurant)Les reserves es poden realitzar de tres maneres:<\/span><br \/>\n<span style=\"color: #000000;\">1- Mitjan\u00e7ant la nostra web: www.centfocs.com. (Apartat reserves)<\/span><br \/>\n<span style=\"color: #000000;\">2- Acudint en persona al Restaurant durant el nostre horari d&#8217;obertura.<\/span><br \/>\n<span style=\"color: #000000;\">3- Telef\u00f2nicament.<\/span><\/p>\n<p>&nbsp;<\/p>\n<p><span style=\"color: #000000;\">\u00bfLa meva reserva necessita algun pagament?<\/span><\/p>\n<p><span style=\"color: #000000;\">La teva reserva nom\u00e9s necessit\u00e9s efectuar un pagament en els dies que el restaurant aix\u00ed ho estipuli, per motius de control de reserves i dies importants, entre d&#8217;altres Nadal, Cap d&#8217;any, Reis, etc.<\/span><\/p>\n<p>&nbsp;<\/p>\n<p><span style=\"color: #000000;\">Com faig el pagament?<\/span><\/p>\n<p><span style=\"color: #000000;\">La reserves que precisin de paga i senyal i siguin mitjan\u00e7ant pagament en l\u00ednia, rebran un correu electr\u00f2nic amb la informaci\u00f3 detallada de la reserva, incloent el codi d &#8216;aquesta, el nombre de comensals, el el dia i l&#8217;hora, total del pagament a efectuar i la data l\u00edmit de validesa. Aquest email li proporcionar\u00e0 acc\u00e9s al sistema de pagament mitjan\u00e7ant el Bot\u00f3 pagament amb targeta, per finalitzar el tr\u00e0mit cal pr\u00e9mer el bot\u00f3 CONTINUAR al final del proc\u00e9s de pagament. Aquest pagament s&#8217;acreditar\u00e0 i confirmar\u00e0 l&#8217;acceptaci\u00f3 de la reserva per part del restaurant, la qual ser\u00e0 comunicada via email.<\/span><\/p>\n<p><span style=\"color: #000000;\">En cas de no rebre el correu, poseu-vos en contacte a trav\u00e9s del Tel: 937.271.254<\/span><\/p>\n<p>&nbsp;<\/p>\n<p><span style=\"color: #000000;\"><strong>Dades personals.<\/strong><\/span><\/p>\n<hr \/>\n<p><span style=\"color: #000000;\">Les dades personals que ens facilitin s&#8217;incorporaran a la nostra base de dades existent amb l&#8217;objecte de poder processar la reserva i de facilitar la realitzaci\u00f3 de futures. De la mateixa manera, podr\u00e0 accedir a les seves dades personals i a la informaci\u00f3 de les seves reserves, per modificaci\u00f3 o cancel\u00b7laci\u00f3 en info@centfocs.com. Recordeu que les dades personals han d&#8217;indicar-amb la m\u00e0xima exactitud per evitar confusions o incid\u00e8ncies. A m\u00e9s, podr\u00e0 rebre per correu electr\u00f2nic informaci\u00f3 i publicacions relatives a Restaurant Centfocs.<\/span><\/p>\n<p><span style=\"color: #000000;\"><strong>\u00a0<\/strong><\/span><\/p>\n<p><span style=\"color: #000000;\"><strong>Seguretat de les\u00a0dates\u00a0personals.<\/strong><\/span><\/p>\n<hr \/>\n<p><span style=\"color: #000000;\">El tr\u00e0mit de la reserva i el pagament (contenen la informaci\u00f3 sobre el seu compte) es realitza a trav\u00e9s d&#8217;un servidor segur. El programa de seguretat (SSL) codifica tota la informaci\u00f3 que escriu abans que se&#8217;ns envi\u00ef. Aix\u00ed mateix, les transmissions de missatges es protegeixen contra l&#8217;acc\u00e9s no autoritzat per part de tercers.<\/span><\/p>\n<p>&nbsp;<\/p>\n<p><span style=\"color: #000000;\"><strong>Pagament anticipat de la reserva.<\/strong><\/span><\/p>\n<hr \/>\n<p><span style=\"color: #000000;\">La teva reserva nom\u00e9s necessit\u00e9s efectuar un pagament total els dies que el restaurant aix\u00ed ho estipuli, per motius de gesti\u00f3 de reserves, per exemple la festa de cap d&#8217;any (31 de Desembre pel la nit)<\/span><\/p>\n<p><span style=\"color: #000000;\">La reserves que precisin de paga i senyal i m\u00e9s siguin mitjan\u00e7ant pagament en l\u00ednia, rebran un correu electr\u00f2nic amb la informaci\u00f3 detallada de la reserva, incloent el codi d &#8216;aquesta, el dia i l&#8217;hora, el nombre de comensals, total del pagament a efectuar i data l\u00edmit de validesa de pagament. Aquest email li proporcionar\u00e0 acc\u00e9s al sistema de pagament mitjan\u00e7ant el (Bot\u00f3 pagament amb targeta), per finalitzar el tr\u00e0mit cal pr\u00e9mer el bot\u00f3 CONTINUAR al final del proc\u00e9s de pagament.<\/span><\/p>\n<p><span style=\"color: #000000;\">Aquest pagament s&#8217;acreditar\u00e0 i confirmar\u00e0 l&#8217;acceptaci\u00f3 de la reserva per part del restaurant, la qual ser\u00e0 comunicada via email.<\/span><\/p>\n<p><span style=\"color: #000000;\">En cas de no rebre el correu, poseu-vos en contacte a trav\u00e9s del Tel: 937.271.254<\/span><\/p>\n<p>&nbsp;<\/p>\n<p><span style=\"color: #000000;\">Dret a modificaci\u00f3, desistiment i termini de retracci\u00f3.<\/span><\/p>\n<hr \/>\n<p><span style=\"color: #000000;\">Podr\u00e0 modificar la data de la reserva en funci\u00f3 de la disponibilitat del Restaurant respecte al nou dia i hora proposat pel client, de la mateixa manera que el nombre de comensals.<\/span><\/p>\n<p><span style=\"color: #000000;\">T\u00e9 dret a desistir de la reserva sense cap justificaci\u00f3, en el termini de 10 dies d&#8217;antelaci\u00f3 respecte a la data reservada. Aquest desistiment li garanteix la devoluci\u00f3 del 100% de l&#8217;import pagat en fer la reserva.<\/span><\/p>\n<p><span style=\"color: #000000;\">El desistiment dins dels 9 dies que prevalen a la data reservada, el pagament de la reserva quedar\u00e0 en dip\u00f2sit al restaurant, per a ser usat en un termini m\u00e0xim de 60 dies a comptar de la data reservada.<\/span><\/p>\n<p><span style=\"color: #000000;\">En el cas de desistiment de tots o part dels comensals d&#8217;una reserva sense av\u00eds previ, el pagament a compte d&#8217;aquests comensals no generar\u00e0 dret de reemborsament.<\/span><\/p>\n<p><span style=\"color: #000000;\">Per exercir el dret de desistiment, haur\u00e0 vost\u00e8 informeu per escrit al correu electr\u00f2nic: info@centfocs.com, facilitant-nos el missatge de desistiment juntament amb el seu nom, el seu n\u00famero de tel\u00e8fon i n\u00famero de reserva.<\/span><\/p>\n<p><span style=\"color: #000000;\">Contactar amb nosaltres:<\/span><\/p>\n<p><span style=\"color: #000000;\">DINEDAS S.L<\/span><br \/>\n<span style=\"color: #000000;\">C \/ BALMES, 16<\/span><br \/>\n<span style=\"color: #000000;\">08007 Barcelona<\/span><br \/>\n<span style=\"color: #000000;\">CIF: B62962444<\/span><br \/>\n<span style=\"color: #000000;\">www.centfocs.com<\/span><br \/>\n<span style=\"color: #000000;\"><a style=\"color: #000000;\" href=\"mailto:info@centfocs.com\">info@centfocs.com<\/a><\/span><\/p>\n<p>&nbsp;<\/p>\n<\/div>\n<\/div>\n<\/div>\n<\/div>\n<\/div>\n<div id=\"gt-res-c\" class=\"g-unit\"><\/div>\n<div id=\"gt-c\" class=\"g-section\">\n<div id=\"gt-form-c\">\n<form id=\"gt-form\" action=\"\/\" enctype=\"application\/x-www-form-urlencoded\" method=\"post\" name=\"text_form\">\n<div id=\"gt-text-all\"><\/div>\n<\/form>\n<\/div>\n<\/div>\n<p>[\/vc_column_text][\/vc_column][\/vc_row]<\/p>\n","protected":false},"excerpt":{"rendered":"<p>[vc_row row_type=&#8221;row&#8221; use_row_as_full_screen_section=&#8221;no&#8221; type=&#8221;full_width&#8221; text_align=&#8221;left&#8221; background_animation=&#8221;none&#8221; css_animation=&#8221;&#8221;][vc_column][vc_column_text] IDENTIFICACI\u00d3 Restaurant Centfocs, en compliment de la Llei 34\/2002, d&#8217;11 de juliol, de Serveis de la Societat de la Informaci\u00f3 i de Comer\u00e7 Electr\u00f2nic, l&#8217;informa que:\u00a0 La seva denominaci\u00f3 social \u00e9s: DINEDAS S.L El seu nom comercial \u00e9s:&#8230;<\/p>\n","protected":false},"author":3,"featured_media":0,"parent":0,"menu_order":0,"comment_status":"closed","ping_status":"closed","template":"","meta":{"_monsterinsights_skip_tracking":false,"_monsterinsights_sitenote_active":false,"_monsterinsights_sitenote_note":"","_monsterinsights_sitenote_category":0,"footnotes":""},"class_list":["post-2801","page","type-page","status-publish","hentry"],"yoast_head":"<!-- This site is optimized with the Yoast SEO plugin v27.5 - https:\/\/yoast.com\/product\/yoast-seo-wordpress\/ -->\n<title>Pol\u00edtica de vendes - Centfocs<\/title>\n<meta name=\"robots\" content=\"index, follow, max-snippet:-1, max-image-preview:large, max-video-preview:-1\" \/>\n<link rel=\"canonical\" href=\"https:\/\/centfocs.com\/index.php\/politica-de-vendes-2\/\" \/>\n<meta property=\"og:locale\" content=\"ca_ES\" \/>\n<meta property=\"og:type\" content=\"article\" \/>\n<meta property=\"og:title\" content=\"Pol\u00edtica de vendes - Centfocs\" \/>\n<meta property=\"og:description\" content=\"[vc_row row_type=&#8221;row&#8221; use_row_as_full_screen_section=&#8221;no&#8221; type=&#8221;full_width&#8221; text_align=&#8221;left&#8221; background_animation=&#8221;none&#8221; css_animation=&#8221;&#8221;][vc_column][vc_column_text] IDENTIFICACI\u00d3 Restaurant Centfocs, en compliment de la Llei 34\/2002, d&#8217;11 de juliol, de Serveis de la Societat de la Informaci\u00f3 i de Comer\u00e7 Electr\u00f2nic, l&#8217;informa que:\u00a0 La seva denominaci\u00f3 social \u00e9s: DINEDAS S.L El seu nom comercial \u00e9s:...\" \/>\n<meta property=\"og:url\" content=\"https:\/\/centfocs.com\/index.php\/politica-de-vendes-2\/?lang=en\" \/>\n<meta property=\"og:site_name\" content=\"Centfocs\" \/>\n<meta property=\"article:publisher\" content=\"https:\/\/www.facebook.com\/centfocsrestaurant\" \/>\n<meta property=\"article:modified_time\" content=\"2020-12-15T11:32:39+00:00\" \/>\n<meta property=\"og:image\" content=\"https:\/\/centfocs.com\/wp-content\/uploads\/2020\/08\/home_centfocs.jpg\" \/>\n\t<meta property=\"og:image:width\" content=\"1440\" \/>\n\t<meta property=\"og:image:height\" content=\"603\" \/>\n\t<meta property=\"og:image:type\" content=\"image\/jpeg\" \/>\n<meta name=\"twitter:card\" content=\"summary_large_image\" \/>\n<meta name=\"twitter:label1\" content=\"Temps estimat de lectura\" \/>\n\t<meta name=\"twitter:data1\" content=\"9 minuts\" \/>\n<script type=\"application\/ld+json\" class=\"yoast-schema-graph\">{\"@context\":\"https:\\\/\\\/schema.org\",\"@graph\":[{\"@type\":\"WebPage\",\"@id\":\"https:\\\/\\\/centfocs.com\\\/index.php\\\/politica-de-vendes-2\\\/?lang=en\",\"url\":\"https:\\\/\\\/centfocs.com\\\/index.php\\\/politica-de-vendes-2\\\/?lang=en\",\"name\":\"Pol\u00edtica de vendes - Centfocs\",\"isPartOf\":{\"@id\":\"https:\\\/\\\/centfocs.com\\\/#website\"},\"datePublished\":\"2017-10-30T11:32:44+00:00\",\"dateModified\":\"2020-12-15T11:32:39+00:00\",\"breadcrumb\":{\"@id\":\"https:\\\/\\\/centfocs.com\\\/index.php\\\/politica-de-vendes-2\\\/?lang=en#breadcrumb\"},\"inLanguage\":\"ca\",\"potentialAction\":[{\"@type\":\"ReadAction\",\"target\":[\"https:\\\/\\\/centfocs.com\\\/index.php\\\/politica-de-vendes-2\\\/?lang=en\"]}]},{\"@type\":\"BreadcrumbList\",\"@id\":\"https:\\\/\\\/centfocs.com\\\/index.php\\\/politica-de-vendes-2\\\/?lang=en#breadcrumb\",\"itemListElement\":[{\"@type\":\"ListItem\",\"position\":1,\"name\":\"Portada\",\"item\":\"https:\\\/\\\/centfocs.com\\\/\"},{\"@type\":\"ListItem\",\"position\":2,\"name\":\"Pol\u00edtica de vendes\"}]},{\"@type\":\"WebSite\",\"@id\":\"https:\\\/\\\/centfocs.com\\\/#website\",\"url\":\"https:\\\/\\\/centfocs.com\\\/\",\"name\":\"Centfocs\",\"description\":\"Cuina tradicional al cor de Barcelona\",\"publisher\":{\"@id\":\"https:\\\/\\\/centfocs.com\\\/#organization\"},\"potentialAction\":[{\"@type\":\"SearchAction\",\"target\":{\"@type\":\"EntryPoint\",\"urlTemplate\":\"https:\\\/\\\/centfocs.com\\\/?s={search_term_string}\"},\"query-input\":{\"@type\":\"PropertyValueSpecification\",\"valueRequired\":true,\"valueName\":\"search_term_string\"}}],\"inLanguage\":\"ca\"},{\"@type\":\"Organization\",\"@id\":\"https:\\\/\\\/centfocs.com\\\/#organization\",\"name\":\"Restaurant Centfocs\",\"url\":\"https:\\\/\\\/centfocs.com\\\/\",\"logo\":{\"@type\":\"ImageObject\",\"inLanguage\":\"ca\",\"@id\":\"https:\\\/\\\/centfocs.com\\\/#\\\/schema\\\/logo\\\/image\\\/\",\"url\":\"https:\\\/\\\/centfocs.com\\\/wp-content\\\/uploads\\\/2021\\\/11\\\/logo_centfocs_newsletter.jpg\",\"contentUrl\":\"https:\\\/\\\/centfocs.com\\\/wp-content\\\/uploads\\\/2021\\\/11\\\/logo_centfocs_newsletter.jpg\",\"width\":669,\"height\":119,\"caption\":\"Restaurant Centfocs\"},\"image\":{\"@id\":\"https:\\\/\\\/centfocs.com\\\/#\\\/schema\\\/logo\\\/image\\\/\"},\"sameAs\":[\"https:\\\/\\\/www.facebook.com\\\/centfocsrestaurant\",\"https:\\\/\\\/www.instagram.com\\\/centfocsrestaurant\\\/\"]}]}<\/script>\n<!-- \/ Yoast SEO plugin. -->","yoast_head_json":{"title":"Pol\u00edtica de vendes - Centfocs","robots":{"index":"index","follow":"follow","max-snippet":"max-snippet:-1","max-image-preview":"max-image-preview:large","max-video-preview":"max-video-preview:-1"},"canonical":"https:\/\/centfocs.com\/index.php\/politica-de-vendes-2\/","og_locale":"ca_ES","og_type":"article","og_title":"Pol\u00edtica de vendes - Centfocs","og_description":"[vc_row row_type=&#8221;row&#8221; use_row_as_full_screen_section=&#8221;no&#8221; type=&#8221;full_width&#8221; text_align=&#8221;left&#8221; background_animation=&#8221;none&#8221; css_animation=&#8221;&#8221;][vc_column][vc_column_text] IDENTIFICACI\u00d3 Restaurant Centfocs, en compliment de la Llei 34\/2002, d&#8217;11 de juliol, de Serveis de la Societat de la Informaci\u00f3 i de Comer\u00e7 Electr\u00f2nic, l&#8217;informa que:\u00a0 La seva denominaci\u00f3 social \u00e9s: DINEDAS S.L El seu nom comercial \u00e9s:...","og_url":"https:\/\/centfocs.com\/index.php\/politica-de-vendes-2\/?lang=en","og_site_name":"Centfocs","article_publisher":"https:\/\/www.facebook.com\/centfocsrestaurant","article_modified_time":"2020-12-15T11:32:39+00:00","og_image":[{"width":1440,"height":603,"url":"https:\/\/centfocs.com\/wp-content\/uploads\/2020\/08\/home_centfocs.jpg","type":"image\/jpeg"}],"twitter_card":"summary_large_image","twitter_misc":{"Temps estimat de lectura":"9 minuts"},"schema":{"@context":"https:\/\/schema.org","@graph":[{"@type":"WebPage","@id":"https:\/\/centfocs.com\/index.php\/politica-de-vendes-2\/?lang=en","url":"https:\/\/centfocs.com\/index.php\/politica-de-vendes-2\/?lang=en","name":"Pol\u00edtica de vendes - Centfocs","isPartOf":{"@id":"https:\/\/centfocs.com\/#website"},"datePublished":"2017-10-30T11:32:44+00:00","dateModified":"2020-12-15T11:32:39+00:00","breadcrumb":{"@id":"https:\/\/centfocs.com\/index.php\/politica-de-vendes-2\/?lang=en#breadcrumb"},"inLanguage":"ca","potentialAction":[{"@type":"ReadAction","target":["https:\/\/centfocs.com\/index.php\/politica-de-vendes-2\/?lang=en"]}]},{"@type":"BreadcrumbList","@id":"https:\/\/centfocs.com\/index.php\/politica-de-vendes-2\/?lang=en#breadcrumb","itemListElement":[{"@type":"ListItem","position":1,"name":"Portada","item":"https:\/\/centfocs.com\/"},{"@type":"ListItem","position":2,"name":"Pol\u00edtica de vendes"}]},{"@type":"WebSite","@id":"https:\/\/centfocs.com\/#website","url":"https:\/\/centfocs.com\/","name":"Centfocs","description":"Cuina tradicional al cor de Barcelona","publisher":{"@id":"https:\/\/centfocs.com\/#organization"},"potentialAction":[{"@type":"SearchAction","target":{"@type":"EntryPoint","urlTemplate":"https:\/\/centfocs.com\/?s={search_term_string}"},"query-input":{"@type":"PropertyValueSpecification","valueRequired":true,"valueName":"search_term_string"}}],"inLanguage":"ca"},{"@type":"Organization","@id":"https:\/\/centfocs.com\/#organization","name":"Restaurant Centfocs","url":"https:\/\/centfocs.com\/","logo":{"@type":"ImageObject","inLanguage":"ca","@id":"https:\/\/centfocs.com\/#\/schema\/logo\/image\/","url":"https:\/\/centfocs.com\/wp-content\/uploads\/2021\/11\/logo_centfocs_newsletter.jpg","contentUrl":"https:\/\/centfocs.com\/wp-content\/uploads\/2021\/11\/logo_centfocs_newsletter.jpg","width":669,"height":119,"caption":"Restaurant Centfocs"},"image":{"@id":"https:\/\/centfocs.com\/#\/schema\/logo\/image\/"},"sameAs":["https:\/\/www.facebook.com\/centfocsrestaurant","https:\/\/www.instagram.com\/centfocsrestaurant\/"]}]}},"_links":{"self":[{"href":"https:\/\/centfocs.com\/index.php\/wp-json\/wp\/v2\/pages\/2801","targetHints":{"allow":["GET"]}}],"collection":[{"href":"https:\/\/centfocs.com\/index.php\/wp-json\/wp\/v2\/pages"}],"about":[{"href":"https:\/\/centfocs.com\/index.php\/wp-json\/wp\/v2\/types\/page"}],"author":[{"embeddable":true,"href":"https:\/\/centfocs.com\/index.php\/wp-json\/wp\/v2\/users\/3"}],"replies":[{"embeddable":true,"href":"https:\/\/centfocs.com\/index.php\/wp-json\/wp\/v2\/comments?post=2801"}],"version-history":[{"count":3,"href":"https:\/\/centfocs.com\/index.php\/wp-json\/wp\/v2\/pages\/2801\/revisions"}],"predecessor-version":[{"id":4486,"href":"https:\/\/centfocs.com\/index.php\/wp-json\/wp\/v2\/pages\/2801\/revisions\/4486"}],"wp:attachment":[{"href":"https:\/\/centfocs.com\/index.php\/wp-json\/wp\/v2\/media?parent=2801"}],"curies":[{"name":"wp","href":"https:\/\/api.w.org\/{rel}","templated":true}]}}