{"id":2152,"date":"2015-06-10T15:34:02","date_gmt":"2015-06-10T15:34:02","guid":{"rendered":"https:\/\/www.centfocs.com\/index.php\/menu-tapeo-per-compartir-26-e-2\/"},"modified":"2019-11-14T09:45:05","modified_gmt":"2019-11-14T09:45:05","slug":"menu-tapeo-per-compartir-26-e","status":"publish","type":"page","link":"https:\/\/centfocs.com\/index.php\/menu-tapeo-per-compartir-26-e\/?lang=es","title":{"rendered":"Compartir"},"content":{"rendered":"<p><!--\n\n\n<h2 style=\"text-align: center;\"><strong><span style=\"text-decoration: underline;\">Men\u00fa Gourmet per compartir: 26 \u20ac (IVA incl\u00f2s)<\/span><\/strong><\/h2>\n\n\n\n\n<p style=\"text-align: center;\">Per tal de poder garantir la millor qualitat dels plats i poder seguir oferint el producte fresc, els men\u00fas poden ser modificats sense pr\u00e8vi av\u00eds garantitzant-los la mateixa qualitat.<\/p>\n\n\n\n\n<p style=\"text-align: center;\"><a href=\"https:\/\/www.centfocs.com\/wp-content\/uploads\/2015\/06\/GOURMET_COMPARTIR_CAT.png\"><img loading=\"lazy\" decoding=\"async\" class=\"aligncenter size-full wp-image-2174\" src=\"https:\/\/www.centfocs.com\/wp-content\/uploads\/2015\/06\/GOURMET_COMPARTIR_CAT.png\" alt=\"GOURMET_COMPARTIR_CAT\" width=\"691\" height=\"898\" srcset=\"https:\/\/centfocs.com\/wp-content\/uploads\/2015\/06\/GOURMET_COMPARTIR_CAT.png 691w, https:\/\/centfocs.com\/wp-content\/uploads\/2015\/06\/GOURMET_COMPARTIR_CAT-231x300.png 231w\" sizes=\"auto, (max-width: 691px) 100vw, 691px\" \/><\/a><\/p>\n\n\n\n--><br \/>\n<iframe loading=\"lazy\" src=\"https:\/\/centfocs.centfocs.com\/administracio\/recetas\/showMenuGrups.php?ID=6&amp;rest=centfocs\" width=\"800\" height=\"2400\" scrolling=\"no\"><\/iframe><\/p>\n<p><strong><span style=\"color: #000000;\">CONSULTE LOS POSIBLES AL\u00c9RGENOS en www.centfocs o a nuestro personal (todos los platos pueden contener trazas de al\u00e9rgenos)<a href=\"https:\/\/www.centfocs.com\/wp-content\/uploads\/2014\/11\/Captura-de-pantalla-2016-03-29-a-las-17.48.42.png\"><img loading=\"lazy\" decoding=\"async\" class=\"size-full wp-image-2362 alignleft\" src=\"https:\/\/www.centfocs.com\/wp-content\/uploads\/2014\/11\/Captura-de-pantalla-2016-03-29-a-las-17.48.42.png\" alt=\"Captura de pantalla 2016-03-29 a las 17.48.42\" width=\"899\" height=\"68\" srcset=\"https:\/\/centfocs.com\/wp-content\/uploads\/2014\/11\/Captura-de-pantalla-2016-03-29-a-las-17.48.42.png 899w, https:\/\/centfocs.com\/wp-content\/uploads\/2014\/11\/Captura-de-pantalla-2016-03-29-a-las-17.48.42-300x23.png 300w\" sizes=\"auto, (max-width: 899px) 100vw, 899px\" \/><\/a><\/span><\/strong><\/p>\n","protected":false},"excerpt":{"rendered":"<p>CONSULTE LOS POSIBLES AL\u00c9RGENOS en www.centfocs o a nuestro personal (todos los platos pueden contener trazas de al\u00e9rgenos)<\/p>\n","protected":false},"author":3,"featured_media":0,"parent":0,"menu_order":68,"comment_status":"closed","ping_status":"closed","template":"template-menu1.php","meta":{"_monsterinsights_skip_tracking":false,"_monsterinsights_sitenote_active":false,"_monsterinsights_sitenote_note":"","_monsterinsights_sitenote_category":0,"footnotes":""},"class_list":["post-2152","page","type-page","status-publish","hentry"],"yoast_head":"<!-- This site is optimized with the Yoast SEO plugin v27.4 - https:\/\/yoast.com\/product\/yoast-seo-wordpress\/ -->\n<title>Compartir - Centfocs<\/title>\n<meta name=\"robots\" content=\"index, follow, max-snippet:-1, max-image-preview:large, max-video-preview:-1\" \/>\n<link rel=\"canonical\" href=\"https:\/\/centfocs.com\/index.php\/menu-tapeo-per-compartir-26-e\/\" \/>\n<meta property=\"og:locale\" content=\"ca_ES\" \/>\n<meta property=\"og:type\" content=\"article\" \/>\n<meta property=\"og:title\" content=\"Compartir - Centfocs\" \/>\n<meta property=\"og:description\" content=\"CONSULTE LOS POSIBLES AL\u00c9RGENOS en www.centfocs o a nuestro personal (todos los platos pueden contener trazas de al\u00e9rgenos)\" \/>\n<meta property=\"og:url\" content=\"https:\/\/centfocs.com\/index.php\/menu-tapeo-per-compartir-26-e\/?lang=es\" \/>\n<meta property=\"og:site_name\" content=\"Centfocs\" \/>\n<meta property=\"article:publisher\" content=\"https:\/\/www.facebook.com\/centfocsrestaurant\" \/>\n<meta property=\"article:modified_time\" content=\"2019-11-14T09:45:05+00:00\" \/>\n<meta property=\"og:image\" content=\"https:\/\/www.centfocs.com\/wp-content\/uploads\/2015\/06\/GOURMET_COMPARTIR_CAT.png\" \/>\n<meta name=\"twitter:card\" content=\"summary_large_image\" \/>\n<script type=\"application\/ld+json\" class=\"yoast-schema-graph\">{\"@context\":\"https:\\\/\\\/schema.org\",\"@graph\":[{\"@type\":\"WebPage\",\"@id\":\"https:\\\/\\\/centfocs.com\\\/index.php\\\/menu-tapeo-per-compartir-26-e\\\/?lang=es\",\"url\":\"https:\\\/\\\/centfocs.com\\\/index.php\\\/menu-tapeo-per-compartir-26-e\\\/?lang=es\",\"name\":\"Compartir - Centfocs\",\"isPartOf\":{\"@id\":\"https:\\\/\\\/centfocs.com\\\/#website\"},\"primaryImageOfPage\":{\"@id\":\"https:\\\/\\\/centfocs.com\\\/index.php\\\/menu-tapeo-per-compartir-26-e\\\/?lang=es#primaryimage\"},\"image\":{\"@id\":\"https:\\\/\\\/centfocs.com\\\/index.php\\\/menu-tapeo-per-compartir-26-e\\\/?lang=es#primaryimage\"},\"thumbnailUrl\":\"https:\\\/\\\/www.centfocs.com\\\/wp-content\\\/uploads\\\/2015\\\/06\\\/GOURMET_COMPARTIR_CAT.png\",\"datePublished\":\"2015-06-10T15:34:02+00:00\",\"dateModified\":\"2019-11-14T09:45:05+00:00\",\"breadcrumb\":{\"@id\":\"https:\\\/\\\/centfocs.com\\\/index.php\\\/menu-tapeo-per-compartir-26-e\\\/?lang=es#breadcrumb\"},\"inLanguage\":\"ca\",\"potentialAction\":[{\"@type\":\"ReadAction\",\"target\":[\"https:\\\/\\\/centfocs.com\\\/index.php\\\/menu-tapeo-per-compartir-26-e\\\/?lang=es\"]}]},{\"@type\":\"ImageObject\",\"inLanguage\":\"ca\",\"@id\":\"https:\\\/\\\/centfocs.com\\\/index.php\\\/menu-tapeo-per-compartir-26-e\\\/?lang=es#primaryimage\",\"url\":\"https:\\\/\\\/www.centfocs.com\\\/wp-content\\\/uploads\\\/2015\\\/06\\\/GOURMET_COMPARTIR_CAT.png\",\"contentUrl\":\"https:\\\/\\\/www.centfocs.com\\\/wp-content\\\/uploads\\\/2015\\\/06\\\/GOURMET_COMPARTIR_CAT.png\"},{\"@type\":\"BreadcrumbList\",\"@id\":\"https:\\\/\\\/centfocs.com\\\/index.php\\\/menu-tapeo-per-compartir-26-e\\\/?lang=es#breadcrumb\",\"itemListElement\":[{\"@type\":\"ListItem\",\"position\":1,\"name\":\"Portada\",\"item\":\"https:\\\/\\\/centfocs.com\\\/\"},{\"@type\":\"ListItem\",\"position\":2,\"name\":\"NAVIDAD GRUPOS + 33,00\u20ac\"}]},{\"@type\":\"WebSite\",\"@id\":\"https:\\\/\\\/centfocs.com\\\/#website\",\"url\":\"https:\\\/\\\/centfocs.com\\\/\",\"name\":\"Centfocs\",\"description\":\"Cuina tradicional al cor de Barcelona\",\"publisher\":{\"@id\":\"https:\\\/\\\/centfocs.com\\\/#organization\"},\"potentialAction\":[{\"@type\":\"SearchAction\",\"target\":{\"@type\":\"EntryPoint\",\"urlTemplate\":\"https:\\\/\\\/centfocs.com\\\/?s={search_term_string}\"},\"query-input\":{\"@type\":\"PropertyValueSpecification\",\"valueRequired\":true,\"valueName\":\"search_term_string\"}}],\"inLanguage\":\"ca\"},{\"@type\":\"Organization\",\"@id\":\"https:\\\/\\\/centfocs.com\\\/#organization\",\"name\":\"Restaurant Centfocs\",\"url\":\"https:\\\/\\\/centfocs.com\\\/\",\"logo\":{\"@type\":\"ImageObject\",\"inLanguage\":\"ca\",\"@id\":\"https:\\\/\\\/centfocs.com\\\/#\\\/schema\\\/logo\\\/image\\\/\",\"url\":\"https:\\\/\\\/centfocs.com\\\/wp-content\\\/uploads\\\/2021\\\/11\\\/logo_centfocs_newsletter.jpg\",\"contentUrl\":\"https:\\\/\\\/centfocs.com\\\/wp-content\\\/uploads\\\/2021\\\/11\\\/logo_centfocs_newsletter.jpg\",\"width\":669,\"height\":119,\"caption\":\"Restaurant Centfocs\"},\"image\":{\"@id\":\"https:\\\/\\\/centfocs.com\\\/#\\\/schema\\\/logo\\\/image\\\/\"},\"sameAs\":[\"https:\\\/\\\/www.facebook.com\\\/centfocsrestaurant\",\"https:\\\/\\\/www.instagram.com\\\/centfocsrestaurant\\\/\"]}]}<\/script>\n<!-- \/ Yoast SEO plugin. -->","yoast_head_json":{"title":"Compartir - Centfocs","robots":{"index":"index","follow":"follow","max-snippet":"max-snippet:-1","max-image-preview":"max-image-preview:large","max-video-preview":"max-video-preview:-1"},"canonical":"https:\/\/centfocs.com\/index.php\/menu-tapeo-per-compartir-26-e\/","og_locale":"ca_ES","og_type":"article","og_title":"Compartir - Centfocs","og_description":"CONSULTE LOS POSIBLES AL\u00c9RGENOS en www.centfocs o a nuestro personal (todos los platos pueden contener trazas de al\u00e9rgenos)","og_url":"https:\/\/centfocs.com\/index.php\/menu-tapeo-per-compartir-26-e\/?lang=es","og_site_name":"Centfocs","article_publisher":"https:\/\/www.facebook.com\/centfocsrestaurant","article_modified_time":"2019-11-14T09:45:05+00:00","og_image":[{"url":"https:\/\/www.centfocs.com\/wp-content\/uploads\/2015\/06\/GOURMET_COMPARTIR_CAT.png","type":"","width":"","height":""}],"twitter_card":"summary_large_image","schema":{"@context":"https:\/\/schema.org","@graph":[{"@type":"WebPage","@id":"https:\/\/centfocs.com\/index.php\/menu-tapeo-per-compartir-26-e\/?lang=es","url":"https:\/\/centfocs.com\/index.php\/menu-tapeo-per-compartir-26-e\/?lang=es","name":"Compartir - Centfocs","isPartOf":{"@id":"https:\/\/centfocs.com\/#website"},"primaryImageOfPage":{"@id":"https:\/\/centfocs.com\/index.php\/menu-tapeo-per-compartir-26-e\/?lang=es#primaryimage"},"image":{"@id":"https:\/\/centfocs.com\/index.php\/menu-tapeo-per-compartir-26-e\/?lang=es#primaryimage"},"thumbnailUrl":"https:\/\/www.centfocs.com\/wp-content\/uploads\/2015\/06\/GOURMET_COMPARTIR_CAT.png","datePublished":"2015-06-10T15:34:02+00:00","dateModified":"2019-11-14T09:45:05+00:00","breadcrumb":{"@id":"https:\/\/centfocs.com\/index.php\/menu-tapeo-per-compartir-26-e\/?lang=es#breadcrumb"},"inLanguage":"ca","potentialAction":[{"@type":"ReadAction","target":["https:\/\/centfocs.com\/index.php\/menu-tapeo-per-compartir-26-e\/?lang=es"]}]},{"@type":"ImageObject","inLanguage":"ca","@id":"https:\/\/centfocs.com\/index.php\/menu-tapeo-per-compartir-26-e\/?lang=es#primaryimage","url":"https:\/\/www.centfocs.com\/wp-content\/uploads\/2015\/06\/GOURMET_COMPARTIR_CAT.png","contentUrl":"https:\/\/www.centfocs.com\/wp-content\/uploads\/2015\/06\/GOURMET_COMPARTIR_CAT.png"},{"@type":"BreadcrumbList","@id":"https:\/\/centfocs.com\/index.php\/menu-tapeo-per-compartir-26-e\/?lang=es#breadcrumb","itemListElement":[{"@type":"ListItem","position":1,"name":"Portada","item":"https:\/\/centfocs.com\/"},{"@type":"ListItem","position":2,"name":"NAVIDAD GRUPOS + 33,00\u20ac"}]},{"@type":"WebSite","@id":"https:\/\/centfocs.com\/#website","url":"https:\/\/centfocs.com\/","name":"Centfocs","description":"Cuina tradicional al cor de Barcelona","publisher":{"@id":"https:\/\/centfocs.com\/#organization"},"potentialAction":[{"@type":"SearchAction","target":{"@type":"EntryPoint","urlTemplate":"https:\/\/centfocs.com\/?s={search_term_string}"},"query-input":{"@type":"PropertyValueSpecification","valueRequired":true,"valueName":"search_term_string"}}],"inLanguage":"ca"},{"@type":"Organization","@id":"https:\/\/centfocs.com\/#organization","name":"Restaurant Centfocs","url":"https:\/\/centfocs.com\/","logo":{"@type":"ImageObject","inLanguage":"ca","@id":"https:\/\/centfocs.com\/#\/schema\/logo\/image\/","url":"https:\/\/centfocs.com\/wp-content\/uploads\/2021\/11\/logo_centfocs_newsletter.jpg","contentUrl":"https:\/\/centfocs.com\/wp-content\/uploads\/2021\/11\/logo_centfocs_newsletter.jpg","width":669,"height":119,"caption":"Restaurant Centfocs"},"image":{"@id":"https:\/\/centfocs.com\/#\/schema\/logo\/image\/"},"sameAs":["https:\/\/www.facebook.com\/centfocsrestaurant","https:\/\/www.instagram.com\/centfocsrestaurant\/"]}]}},"_links":{"self":[{"href":"https:\/\/centfocs.com\/index.php\/wp-json\/wp\/v2\/pages\/2152","targetHints":{"allow":["GET"]}}],"collection":[{"href":"https:\/\/centfocs.com\/index.php\/wp-json\/wp\/v2\/pages"}],"about":[{"href":"https:\/\/centfocs.com\/index.php\/wp-json\/wp\/v2\/types\/page"}],"author":[{"embeddable":true,"href":"https:\/\/centfocs.com\/index.php\/wp-json\/wp\/v2\/users\/3"}],"replies":[{"embeddable":true,"href":"https:\/\/centfocs.com\/index.php\/wp-json\/wp\/v2\/comments?post=2152"}],"version-history":[{"count":7,"href":"https:\/\/centfocs.com\/index.php\/wp-json\/wp\/v2\/pages\/2152\/revisions"}],"predecessor-version":[{"id":3388,"href":"https:\/\/centfocs.com\/index.php\/wp-json\/wp\/v2\/pages\/2152\/revisions\/3388"}],"wp:attachment":[{"href":"https:\/\/centfocs.com\/index.php\/wp-json\/wp\/v2\/media?parent=2152"}],"curies":[{"name":"wp","href":"https:\/\/api.w.org\/{rel}","templated":true}]}}