{"id":2146,"date":"2015-06-10T15:34:02","date_gmt":"2015-06-10T15:34:02","guid":{"rendered":"https:\/\/www.centfocs.com\/?page_id=2146"},"modified":"2025-01-09T10:18:30","modified_gmt":"2025-01-09T09:18:30","slug":"especial-empreses","status":"publish","type":"page","link":"https:\/\/centfocs.com\/index.php\/especial-empreses\/","title":{"rendered":"Compartir"},"content":{"rendered":"<p><!--\n\n\n<h2 style=\"text-align: center;\"><strong><span style=\"text-decoration: underline;\">Men\u00fa Gourmet per compartir: 26 \u20ac (IVA incl\u00f2s)<\/span><\/strong><\/h2>\n\n\n\n\n<p style=\"text-align: center;\">Per tal de poder garantir la millor qualitat dels plats i poder seguir oferint el producte fresc, els men\u00fas poden ser modificats sense pr\u00e8vi av\u00eds garantitzant-los la mateixa qualitat.<\/p>\n\n\n\n\n<p style=\"text-align: center;\"><a href=\"https:\/\/www.centfocs.com\/wp-content\/uploads\/2015\/06\/GOURMET_COMPARTIR_CAT.png\"><img loading=\"lazy\" decoding=\"async\" class=\"aligncenter size-full wp-image-2174\" src=\"https:\/\/www.centfocs.com\/wp-content\/uploads\/2015\/06\/GOURMET_COMPARTIR_CAT.png\" alt=\"GOURMET_COMPARTIR_CAT\" width=\"691\" height=\"898\" srcset=\"https:\/\/centfocs.com\/wp-content\/uploads\/2015\/06\/GOURMET_COMPARTIR_CAT.png 691w, https:\/\/centfocs.com\/wp-content\/uploads\/2015\/06\/GOURMET_COMPARTIR_CAT-231x300.png 231w\" sizes=\"auto, (max-width: 691px) 100vw, 691px\" \/><\/a><\/p>\n\n\n\n<iframe loading=\"lazy\" src=\"https:\/\/centfocs.centfocs.com\/administracio\/recetas\/showMenuGrups.php?ID=6&amp;rest=centfocs\" scrolling=\"no\" width=\"800\" height=\"2400\"><\/iframe>\n\n&nbsp;\n\n<strong><span style=\"color: #000000;\">CONSULTI ELS POSSIBLES AL\u00b7L\u00c8RGENS a www.centfocs.com o al nostre personal (tots els plats poden contenir tra\u00e7es d\u2019al\u00b7l\u00e8rgens)<\/span><\/strong>\n\n<a href=\"https:\/\/centfocs.com\/wp-content\/uploads\/2020\/07\/Captura-de-pantalla-2020-07-29-a-las-12.30.10.png\"><img loading=\"lazy\" decoding=\"async\" class=\"aligncenter wp-image-3867 size-full\" src=\"https:\/\/centfocs.com\/wp-content\/uploads\/2020\/07\/Captura-de-pantalla-2020-07-29-a-las-12.30.10.png\" alt=\"\" width=\"910\" height=\"75\" srcset=\"https:\/\/centfocs.com\/wp-content\/uploads\/2020\/07\/Captura-de-pantalla-2020-07-29-a-las-12.30.10.png 910w, https:\/\/centfocs.com\/wp-content\/uploads\/2020\/07\/Captura-de-pantalla-2020-07-29-a-las-12.30.10-300x25.png 300w, https:\/\/centfocs.com\/wp-content\/uploads\/2020\/07\/Captura-de-pantalla-2020-07-29-a-las-12.30.10-768x63.png 768w, https:\/\/centfocs.com\/wp-content\/uploads\/2020\/07\/Captura-de-pantalla-2020-07-29-a-las-12.30.10-700x58.png 700w\" sizes=\"auto, (max-width: 910px) 100vw, 910px\" \/><\/a>\nSustituido por plantilla\n--><\/p>\n","protected":false},"excerpt":{"rendered":"","protected":false},"author":3,"featured_media":0,"parent":0,"menu_order":0,"comment_status":"closed","ping_status":"closed","template":"cartes\/showMenuGrups.php","meta":{"_monsterinsights_skip_tracking":false,"_monsterinsights_sitenote_active":false,"_monsterinsights_sitenote_note":"","_monsterinsights_sitenote_category":0,"footnotes":""},"class_list":["post-2146","page","type-page","status-publish","hentry"],"yoast_head":"<!-- This site is optimized with the Yoast SEO plugin v27.6 - https:\/\/yoast.com\/product\/yoast-seo-wordpress\/ -->\n<title>Compartir - Centfocs<\/title>\n<meta name=\"robots\" content=\"index, follow, max-snippet:-1, max-image-preview:large, max-video-preview:-1\" \/>\n<link rel=\"canonical\" href=\"https:\/\/centfocs.com\/index.php\/especial-empreses\/\" \/>\n<meta property=\"og:locale\" content=\"ca_ES\" \/>\n<meta property=\"og:type\" content=\"article\" \/>\n<meta property=\"og:title\" content=\"Compartir - Centfocs\" \/>\n<meta property=\"og:url\" content=\"https:\/\/centfocs.com\/index.php\/especial-empreses\/\" \/>\n<meta property=\"og:site_name\" content=\"Centfocs\" \/>\n<meta property=\"article:publisher\" content=\"https:\/\/www.facebook.com\/centfocsrestaurant\" \/>\n<meta property=\"article:modified_time\" content=\"2025-01-09T09:18:30+00:00\" \/>\n<meta property=\"og:image\" content=\"https:\/\/www.centfocs.com\/wp-content\/uploads\/2015\/06\/GOURMET_COMPARTIR_CAT.png\" \/>\n<meta name=\"twitter:card\" content=\"summary_large_image\" \/>\n<script type=\"application\/ld+json\" class=\"yoast-schema-graph\">{\"@context\":\"https:\\\/\\\/schema.org\",\"@graph\":[{\"@type\":\"WebPage\",\"@id\":\"https:\\\/\\\/centfocs.com\\\/index.php\\\/especial-empreses\\\/\",\"url\":\"https:\\\/\\\/centfocs.com\\\/index.php\\\/especial-empreses\\\/\",\"name\":\"Compartir - Centfocs\",\"isPartOf\":{\"@id\":\"https:\\\/\\\/centfocs.com\\\/#website\"},\"primaryImageOfPage\":{\"@id\":\"https:\\\/\\\/centfocs.com\\\/index.php\\\/especial-empreses\\\/#primaryimage\"},\"image\":{\"@id\":\"https:\\\/\\\/centfocs.com\\\/index.php\\\/especial-empreses\\\/#primaryimage\"},\"thumbnailUrl\":\"https:\\\/\\\/www.centfocs.com\\\/wp-content\\\/uploads\\\/2015\\\/06\\\/GOURMET_COMPARTIR_CAT.png\",\"datePublished\":\"2015-06-10T15:34:02+00:00\",\"dateModified\":\"2025-01-09T09:18:30+00:00\",\"breadcrumb\":{\"@id\":\"https:\\\/\\\/centfocs.com\\\/index.php\\\/especial-empreses\\\/#breadcrumb\"},\"inLanguage\":\"ca\",\"potentialAction\":[{\"@type\":\"ReadAction\",\"target\":[\"https:\\\/\\\/centfocs.com\\\/index.php\\\/especial-empreses\\\/\"]}]},{\"@type\":\"ImageObject\",\"inLanguage\":\"ca\",\"@id\":\"https:\\\/\\\/centfocs.com\\\/index.php\\\/especial-empreses\\\/#primaryimage\",\"url\":\"https:\\\/\\\/www.centfocs.com\\\/wp-content\\\/uploads\\\/2015\\\/06\\\/GOURMET_COMPARTIR_CAT.png\",\"contentUrl\":\"https:\\\/\\\/www.centfocs.com\\\/wp-content\\\/uploads\\\/2015\\\/06\\\/GOURMET_COMPARTIR_CAT.png\"},{\"@type\":\"BreadcrumbList\",\"@id\":\"https:\\\/\\\/centfocs.com\\\/index.php\\\/especial-empreses\\\/#breadcrumb\",\"itemListElement\":[{\"@type\":\"ListItem\",\"position\":1,\"name\":\"Portada\",\"item\":\"https:\\\/\\\/centfocs.com\\\/\"},{\"@type\":\"ListItem\",\"position\":2,\"name\":\"Compartir\"}]},{\"@type\":\"WebSite\",\"@id\":\"https:\\\/\\\/centfocs.com\\\/#website\",\"url\":\"https:\\\/\\\/centfocs.com\\\/\",\"name\":\"Centfocs\",\"description\":\"Cuina tradicional al cor de Barcelona\",\"publisher\":{\"@id\":\"https:\\\/\\\/centfocs.com\\\/#organization\"},\"potentialAction\":[{\"@type\":\"SearchAction\",\"target\":{\"@type\":\"EntryPoint\",\"urlTemplate\":\"https:\\\/\\\/centfocs.com\\\/?s={search_term_string}\"},\"query-input\":{\"@type\":\"PropertyValueSpecification\",\"valueRequired\":true,\"valueName\":\"search_term_string\"}}],\"inLanguage\":\"ca\"},{\"@type\":\"Organization\",\"@id\":\"https:\\\/\\\/centfocs.com\\\/#organization\",\"name\":\"Restaurant Centfocs\",\"url\":\"https:\\\/\\\/centfocs.com\\\/\",\"logo\":{\"@type\":\"ImageObject\",\"inLanguage\":\"ca\",\"@id\":\"https:\\\/\\\/centfocs.com\\\/#\\\/schema\\\/logo\\\/image\\\/\",\"url\":\"https:\\\/\\\/centfocs.com\\\/wp-content\\\/uploads\\\/2021\\\/11\\\/logo_centfocs_newsletter.jpg\",\"contentUrl\":\"https:\\\/\\\/centfocs.com\\\/wp-content\\\/uploads\\\/2021\\\/11\\\/logo_centfocs_newsletter.jpg\",\"width\":669,\"height\":119,\"caption\":\"Restaurant Centfocs\"},\"image\":{\"@id\":\"https:\\\/\\\/centfocs.com\\\/#\\\/schema\\\/logo\\\/image\\\/\"},\"sameAs\":[\"https:\\\/\\\/www.facebook.com\\\/centfocsrestaurant\",\"https:\\\/\\\/www.instagram.com\\\/centfocsrestaurant\\\/\"]}]}<\/script>\n<!-- \/ Yoast SEO plugin. -->","yoast_head_json":{"title":"Compartir - Centfocs","robots":{"index":"index","follow":"follow","max-snippet":"max-snippet:-1","max-image-preview":"max-image-preview:large","max-video-preview":"max-video-preview:-1"},"canonical":"https:\/\/centfocs.com\/index.php\/especial-empreses\/","og_locale":"ca_ES","og_type":"article","og_title":"Compartir - Centfocs","og_url":"https:\/\/centfocs.com\/index.php\/especial-empreses\/","og_site_name":"Centfocs","article_publisher":"https:\/\/www.facebook.com\/centfocsrestaurant","article_modified_time":"2025-01-09T09:18:30+00:00","og_image":[{"url":"https:\/\/www.centfocs.com\/wp-content\/uploads\/2015\/06\/GOURMET_COMPARTIR_CAT.png","type":"","width":"","height":""}],"twitter_card":"summary_large_image","schema":{"@context":"https:\/\/schema.org","@graph":[{"@type":"WebPage","@id":"https:\/\/centfocs.com\/index.php\/especial-empreses\/","url":"https:\/\/centfocs.com\/index.php\/especial-empreses\/","name":"Compartir - Centfocs","isPartOf":{"@id":"https:\/\/centfocs.com\/#website"},"primaryImageOfPage":{"@id":"https:\/\/centfocs.com\/index.php\/especial-empreses\/#primaryimage"},"image":{"@id":"https:\/\/centfocs.com\/index.php\/especial-empreses\/#primaryimage"},"thumbnailUrl":"https:\/\/www.centfocs.com\/wp-content\/uploads\/2015\/06\/GOURMET_COMPARTIR_CAT.png","datePublished":"2015-06-10T15:34:02+00:00","dateModified":"2025-01-09T09:18:30+00:00","breadcrumb":{"@id":"https:\/\/centfocs.com\/index.php\/especial-empreses\/#breadcrumb"},"inLanguage":"ca","potentialAction":[{"@type":"ReadAction","target":["https:\/\/centfocs.com\/index.php\/especial-empreses\/"]}]},{"@type":"ImageObject","inLanguage":"ca","@id":"https:\/\/centfocs.com\/index.php\/especial-empreses\/#primaryimage","url":"https:\/\/www.centfocs.com\/wp-content\/uploads\/2015\/06\/GOURMET_COMPARTIR_CAT.png","contentUrl":"https:\/\/www.centfocs.com\/wp-content\/uploads\/2015\/06\/GOURMET_COMPARTIR_CAT.png"},{"@type":"BreadcrumbList","@id":"https:\/\/centfocs.com\/index.php\/especial-empreses\/#breadcrumb","itemListElement":[{"@type":"ListItem","position":1,"name":"Portada","item":"https:\/\/centfocs.com\/"},{"@type":"ListItem","position":2,"name":"Compartir"}]},{"@type":"WebSite","@id":"https:\/\/centfocs.com\/#website","url":"https:\/\/centfocs.com\/","name":"Centfocs","description":"Cuina tradicional al cor de Barcelona","publisher":{"@id":"https:\/\/centfocs.com\/#organization"},"potentialAction":[{"@type":"SearchAction","target":{"@type":"EntryPoint","urlTemplate":"https:\/\/centfocs.com\/?s={search_term_string}"},"query-input":{"@type":"PropertyValueSpecification","valueRequired":true,"valueName":"search_term_string"}}],"inLanguage":"ca"},{"@type":"Organization","@id":"https:\/\/centfocs.com\/#organization","name":"Restaurant Centfocs","url":"https:\/\/centfocs.com\/","logo":{"@type":"ImageObject","inLanguage":"ca","@id":"https:\/\/centfocs.com\/#\/schema\/logo\/image\/","url":"https:\/\/centfocs.com\/wp-content\/uploads\/2021\/11\/logo_centfocs_newsletter.jpg","contentUrl":"https:\/\/centfocs.com\/wp-content\/uploads\/2021\/11\/logo_centfocs_newsletter.jpg","width":669,"height":119,"caption":"Restaurant Centfocs"},"image":{"@id":"https:\/\/centfocs.com\/#\/schema\/logo\/image\/"},"sameAs":["https:\/\/www.facebook.com\/centfocsrestaurant","https:\/\/www.instagram.com\/centfocsrestaurant\/"]}]}},"_links":{"self":[{"href":"https:\/\/centfocs.com\/index.php\/wp-json\/wp\/v2\/pages\/2146","targetHints":{"allow":["GET"]}}],"collection":[{"href":"https:\/\/centfocs.com\/index.php\/wp-json\/wp\/v2\/pages"}],"about":[{"href":"https:\/\/centfocs.com\/index.php\/wp-json\/wp\/v2\/types\/page"}],"author":[{"embeddable":true,"href":"https:\/\/centfocs.com\/index.php\/wp-json\/wp\/v2\/users\/3"}],"replies":[{"embeddable":true,"href":"https:\/\/centfocs.com\/index.php\/wp-json\/wp\/v2\/comments?post=2146"}],"version-history":[{"count":15,"href":"https:\/\/centfocs.com\/index.php\/wp-json\/wp\/v2\/pages\/2146\/revisions"}],"predecessor-version":[{"id":5214,"href":"https:\/\/centfocs.com\/index.php\/wp-json\/wp\/v2\/pages\/2146\/revisions\/5214"}],"wp:attachment":[{"href":"https:\/\/centfocs.com\/index.php\/wp-json\/wp\/v2\/media?parent=2146"}],"curies":[{"name":"wp","href":"https:\/\/api.w.org\/{rel}","templated":true}]}}