{"id":1895,"date":"2014-10-07T18:14:01","date_gmt":"2014-10-07T18:14:01","guid":{"rendered":"https:\/\/www.centfocs.com\/?page_id=1895"},"modified":"2020-12-03T14:28:25","modified_gmt":"2020-12-03T13:28:25","slug":"contacte","status":"publish","type":"page","link":"https:\/\/centfocs.com\/index.php\/contacte\/?lang=es","title":{"rendered":"CONTACTO"},"content":{"rendered":"<h5>Balmes, 16 08007 Barcelona| Reservas:\u00a0934 12 00 95 &#8211;<a title=\"Reserves\" href=\"https:\/\/www.centfocs.com\/index.php\/reserves-2\/?lang=es\"> on-line | <\/a>Ver en\u00a0<a href=\"https:\/\/goo.gl\/maps\/Iatzw\" target=\"_blank\" rel=\"noopener noreferrer\">Google Maps<\/a><\/h5>\n\n<div class=\"wpcf7 no-js\" id=\"wpcf7-f1466-o1\" lang=\"ca\" dir=\"ltr\" data-wpcf7-id=\"1466\">\n<div class=\"screen-reader-response\"><p role=\"status\" aria-live=\"polite\" aria-atomic=\"true\"><\/p> <ul><\/ul><\/div>\n<form action=\"\/index.php\/wp-json\/wp\/v2\/pages\/1895#wpcf7-f1466-o1\" method=\"post\" class=\"wpcf7-form init\" aria-label=\"Formulari de contacte\" novalidate=\"novalidate\" data-status=\"init\">\n<fieldset class=\"hidden-fields-container\"><input type=\"hidden\" name=\"_wpcf7\" value=\"1466\" \/><input type=\"hidden\" name=\"_wpcf7_version\" value=\"6.1.5\" \/><input type=\"hidden\" name=\"_wpcf7_locale\" value=\"ca\" \/><input type=\"hidden\" name=\"_wpcf7_unit_tag\" value=\"wpcf7-f1466-o1\" \/><input type=\"hidden\" name=\"_wpcf7_container_post\" value=\"0\" \/><input type=\"hidden\" name=\"_wpcf7_posted_data_hash\" value=\"\" \/><input type=\"hidden\" name=\"_wpcf7_recaptcha_response\" value=\"\" \/>\n<\/fieldset>\n<p>El vostre nom (obligatori)\n<\/p>\n<p><span class=\"wpcf7-form-control-wrap\" data-name=\"your-name\"><input size=\"40\" maxlength=\"400\" class=\"wpcf7-form-control wpcf7-text wpcf7-validates-as-required\" aria-required=\"true\" aria-invalid=\"false\" value=\"\" type=\"text\" name=\"your-name\" \/><\/span>\n<\/p>\n<p>El vostre email (obligatori)\n<\/p>\n<p><span class=\"wpcf7-form-control-wrap\" data-name=\"your-email\"><input size=\"40\" maxlength=\"400\" class=\"wpcf7-form-control wpcf7-email wpcf7-validates-as-required wpcf7-text wpcf7-validates-as-email\" aria-required=\"true\" aria-invalid=\"false\" value=\"\" type=\"email\" name=\"your-email\" \/><\/span>\n<\/p>\n<p>Assumpte\n<\/p>\n<p><span class=\"wpcf7-form-control-wrap\" data-name=\"your-subject\"><input size=\"40\" maxlength=\"400\" class=\"wpcf7-form-control wpcf7-text\" aria-invalid=\"false\" value=\"\" type=\"text\" name=\"your-subject\" \/><\/span>\n<\/p>\n<p>El vostre missatge\n<\/p>\n<p><span class=\"wpcf7-form-control-wrap\" data-name=\"your-message\"><textarea cols=\"40\" rows=\"10\" maxlength=\"2000\" class=\"wpcf7-form-control wpcf7-textarea\" aria-invalid=\"false\" name=\"your-message\"><\/textarea><\/span>\n<\/p>\n<p><input class=\"wpcf7-form-control wpcf7-submit has-spinner\" type=\"submit\" value=\"Enviar\" \/>\n<\/p><input type='hidden' class='wpcf7-pum' value='{\"closepopup\":false,\"closedelay\":0,\"openpopup\":false,\"openpopup_id\":0}' \/><div class=\"wpcf7-response-output\" aria-hidden=\"true\"><\/div>\n<\/form>\n<\/div>\n\n<p>De acuerdo con lo establecido por la ley Org\u00e1nica 15\/1999, le informamos que los datos obtenidos de este formulario ser\u00e1n incorporados a una fichero automatizado bajo la responsabilidad de Dinedas\u00a0S.L con la finalidad de atender sus consultas y remitirle informaci\u00f3n relacionada que pueda ser de su inter\u00e9s.Puede ejercer sus derechos de acceso, rectificaci\u00f3n, cancelaci\u00f3n y oposici\u00f3n mediante un escrito a nuestra direcci\u00f3n C\/ Balmes, 16 8007 Barcelona\u00a0.Mientras no nos comunique lo contrario, entenderemos que sus datos no han sido modificados, que usted se compromete a notificarnos cualquier variaci\u00f3n y que tenemos su consentimiento para utilizarlos para las finalidades mencionadas.\u00a0El env\u00edo de estos datos implica la aceptaci\u00f3n de esta cl\u00e1usula.<\/p>\n","protected":false},"excerpt":{"rendered":"<p>Balmes, 16 08007 Barcelona| Reservas:\u00a0934 12 00 95 &#8211; on-line | Ver en\u00a0Google Maps De acuerdo con lo establecido por la ley Org\u00e1nica 15\/1999, le informamos que los datos obtenidos de este formulario ser\u00e1n incorporados a una fichero automatizado bajo la responsabilidad de Dinedas\u00a0S.L con&#8230;<\/p>\n","protected":false},"author":3,"featured_media":0,"parent":0,"menu_order":15,"comment_status":"closed","ping_status":"closed","template":"","meta":{"_monsterinsights_skip_tracking":false,"_monsterinsights_sitenote_active":false,"_monsterinsights_sitenote_note":"","_monsterinsights_sitenote_category":0,"footnotes":""},"class_list":["post-1895","page","type-page","status-publish","hentry"],"yoast_head":"<!-- This site is optimized with the Yoast SEO plugin v27.4 - https:\/\/yoast.com\/product\/yoast-seo-wordpress\/ -->\n<title>CONTACTO - Centfocs<\/title>\n<meta name=\"robots\" content=\"index, follow, max-snippet:-1, max-image-preview:large, max-video-preview:-1\" \/>\n<link rel=\"canonical\" href=\"https:\/\/centfocs.com\/index.php\/contacte\/\" \/>\n<meta property=\"og:locale\" content=\"ca_ES\" \/>\n<meta property=\"og:type\" content=\"article\" \/>\n<meta property=\"og:title\" content=\"CONTACTO - Centfocs\" \/>\n<meta property=\"og:description\" content=\"Balmes, 16 08007 Barcelona| Reservas:\u00a0934 12 00 95 &#8211; on-line | Ver en\u00a0Google Maps De acuerdo con lo establecido por la ley Org\u00e1nica 15\/1999, le informamos que los datos obtenidos de este formulario ser\u00e1n incorporados a una fichero automatizado bajo la responsabilidad de Dinedas\u00a0S.L con...\" \/>\n<meta property=\"og:url\" content=\"https:\/\/centfocs.com\/index.php\/contacte\/?lang=es\" \/>\n<meta property=\"og:site_name\" content=\"Centfocs\" \/>\n<meta property=\"article:publisher\" content=\"https:\/\/www.facebook.com\/centfocsrestaurant\" \/>\n<meta property=\"article:modified_time\" content=\"2020-12-03T13:28:25+00:00\" \/>\n<meta property=\"og:image\" content=\"https:\/\/centfocs.com\/wp-content\/uploads\/2020\/08\/home_centfocs.jpg\" \/>\n\t<meta property=\"og:image:width\" content=\"1440\" \/>\n\t<meta property=\"og:image:height\" content=\"603\" \/>\n\t<meta property=\"og:image:type\" content=\"image\/jpeg\" \/>\n<meta name=\"twitter:card\" content=\"summary_large_image\" \/>\n<meta name=\"twitter:label1\" content=\"Temps estimat de lectura\" \/>\n\t<meta name=\"twitter:data1\" content=\"1 minut\" \/>\n<script type=\"application\/ld+json\" class=\"yoast-schema-graph\">{\"@context\":\"https:\\\/\\\/schema.org\",\"@graph\":[{\"@type\":\"WebPage\",\"@id\":\"https:\\\/\\\/centfocs.com\\\/index.php\\\/contacte\\\/?lang=es\",\"url\":\"https:\\\/\\\/centfocs.com\\\/index.php\\\/contacte\\\/?lang=es\",\"name\":\"CONTACTO - Centfocs\",\"isPartOf\":{\"@id\":\"https:\\\/\\\/centfocs.com\\\/#website\"},\"datePublished\":\"2014-10-07T18:14:01+00:00\",\"dateModified\":\"2020-12-03T13:28:25+00:00\",\"breadcrumb\":{\"@id\":\"https:\\\/\\\/centfocs.com\\\/index.php\\\/contacte\\\/?lang=es#breadcrumb\"},\"inLanguage\":\"ca\",\"potentialAction\":[{\"@type\":\"ReadAction\",\"target\":[\"https:\\\/\\\/centfocs.com\\\/index.php\\\/contacte\\\/?lang=es\"]}]},{\"@type\":\"BreadcrumbList\",\"@id\":\"https:\\\/\\\/centfocs.com\\\/index.php\\\/contacte\\\/?lang=es#breadcrumb\",\"itemListElement\":[{\"@type\":\"ListItem\",\"position\":1,\"name\":\"Portada\",\"item\":\"https:\\\/\\\/centfocs.com\\\/\"},{\"@type\":\"ListItem\",\"position\":2,\"name\":\"CONTACTO\"}]},{\"@type\":\"WebSite\",\"@id\":\"https:\\\/\\\/centfocs.com\\\/#website\",\"url\":\"https:\\\/\\\/centfocs.com\\\/\",\"name\":\"Centfocs\",\"description\":\"Cuina tradicional al cor de Barcelona\",\"publisher\":{\"@id\":\"https:\\\/\\\/centfocs.com\\\/#organization\"},\"potentialAction\":[{\"@type\":\"SearchAction\",\"target\":{\"@type\":\"EntryPoint\",\"urlTemplate\":\"https:\\\/\\\/centfocs.com\\\/?s={search_term_string}\"},\"query-input\":{\"@type\":\"PropertyValueSpecification\",\"valueRequired\":true,\"valueName\":\"search_term_string\"}}],\"inLanguage\":\"ca\"},{\"@type\":\"Organization\",\"@id\":\"https:\\\/\\\/centfocs.com\\\/#organization\",\"name\":\"Restaurant Centfocs\",\"url\":\"https:\\\/\\\/centfocs.com\\\/\",\"logo\":{\"@type\":\"ImageObject\",\"inLanguage\":\"ca\",\"@id\":\"https:\\\/\\\/centfocs.com\\\/#\\\/schema\\\/logo\\\/image\\\/\",\"url\":\"https:\\\/\\\/centfocs.com\\\/wp-content\\\/uploads\\\/2021\\\/11\\\/logo_centfocs_newsletter.jpg\",\"contentUrl\":\"https:\\\/\\\/centfocs.com\\\/wp-content\\\/uploads\\\/2021\\\/11\\\/logo_centfocs_newsletter.jpg\",\"width\":669,\"height\":119,\"caption\":\"Restaurant Centfocs\"},\"image\":{\"@id\":\"https:\\\/\\\/centfocs.com\\\/#\\\/schema\\\/logo\\\/image\\\/\"},\"sameAs\":[\"https:\\\/\\\/www.facebook.com\\\/centfocsrestaurant\",\"https:\\\/\\\/www.instagram.com\\\/centfocsrestaurant\\\/\"]}]}<\/script>\n<!-- \/ Yoast SEO plugin. -->","yoast_head_json":{"title":"CONTACTO - Centfocs","robots":{"index":"index","follow":"follow","max-snippet":"max-snippet:-1","max-image-preview":"max-image-preview:large","max-video-preview":"max-video-preview:-1"},"canonical":"https:\/\/centfocs.com\/index.php\/contacte\/","og_locale":"ca_ES","og_type":"article","og_title":"CONTACTO - Centfocs","og_description":"Balmes, 16 08007 Barcelona| Reservas:\u00a0934 12 00 95 &#8211; on-line | Ver en\u00a0Google Maps De acuerdo con lo establecido por la ley Org\u00e1nica 15\/1999, le informamos que los datos obtenidos de este formulario ser\u00e1n incorporados a una fichero automatizado bajo la responsabilidad de Dinedas\u00a0S.L con...","og_url":"https:\/\/centfocs.com\/index.php\/contacte\/?lang=es","og_site_name":"Centfocs","article_publisher":"https:\/\/www.facebook.com\/centfocsrestaurant","article_modified_time":"2020-12-03T13:28:25+00:00","og_image":[{"width":1440,"height":603,"url":"https:\/\/centfocs.com\/wp-content\/uploads\/2020\/08\/home_centfocs.jpg","type":"image\/jpeg"}],"twitter_card":"summary_large_image","twitter_misc":{"Temps estimat de lectura":"1 minut"},"schema":{"@context":"https:\/\/schema.org","@graph":[{"@type":"WebPage","@id":"https:\/\/centfocs.com\/index.php\/contacte\/?lang=es","url":"https:\/\/centfocs.com\/index.php\/contacte\/?lang=es","name":"CONTACTO - Centfocs","isPartOf":{"@id":"https:\/\/centfocs.com\/#website"},"datePublished":"2014-10-07T18:14:01+00:00","dateModified":"2020-12-03T13:28:25+00:00","breadcrumb":{"@id":"https:\/\/centfocs.com\/index.php\/contacte\/?lang=es#breadcrumb"},"inLanguage":"ca","potentialAction":[{"@type":"ReadAction","target":["https:\/\/centfocs.com\/index.php\/contacte\/?lang=es"]}]},{"@type":"BreadcrumbList","@id":"https:\/\/centfocs.com\/index.php\/contacte\/?lang=es#breadcrumb","itemListElement":[{"@type":"ListItem","position":1,"name":"Portada","item":"https:\/\/centfocs.com\/"},{"@type":"ListItem","position":2,"name":"CONTACTO"}]},{"@type":"WebSite","@id":"https:\/\/centfocs.com\/#website","url":"https:\/\/centfocs.com\/","name":"Centfocs","description":"Cuina tradicional al cor de Barcelona","publisher":{"@id":"https:\/\/centfocs.com\/#organization"},"potentialAction":[{"@type":"SearchAction","target":{"@type":"EntryPoint","urlTemplate":"https:\/\/centfocs.com\/?s={search_term_string}"},"query-input":{"@type":"PropertyValueSpecification","valueRequired":true,"valueName":"search_term_string"}}],"inLanguage":"ca"},{"@type":"Organization","@id":"https:\/\/centfocs.com\/#organization","name":"Restaurant Centfocs","url":"https:\/\/centfocs.com\/","logo":{"@type":"ImageObject","inLanguage":"ca","@id":"https:\/\/centfocs.com\/#\/schema\/logo\/image\/","url":"https:\/\/centfocs.com\/wp-content\/uploads\/2021\/11\/logo_centfocs_newsletter.jpg","contentUrl":"https:\/\/centfocs.com\/wp-content\/uploads\/2021\/11\/logo_centfocs_newsletter.jpg","width":669,"height":119,"caption":"Restaurant Centfocs"},"image":{"@id":"https:\/\/centfocs.com\/#\/schema\/logo\/image\/"},"sameAs":["https:\/\/www.facebook.com\/centfocsrestaurant","https:\/\/www.instagram.com\/centfocsrestaurant\/"]}]}},"_links":{"self":[{"href":"https:\/\/centfocs.com\/index.php\/wp-json\/wp\/v2\/pages\/1895","targetHints":{"allow":["GET"]}}],"collection":[{"href":"https:\/\/centfocs.com\/index.php\/wp-json\/wp\/v2\/pages"}],"about":[{"href":"https:\/\/centfocs.com\/index.php\/wp-json\/wp\/v2\/types\/page"}],"author":[{"embeddable":true,"href":"https:\/\/centfocs.com\/index.php\/wp-json\/wp\/v2\/users\/3"}],"replies":[{"embeddable":true,"href":"https:\/\/centfocs.com\/index.php\/wp-json\/wp\/v2\/comments?post=1895"}],"version-history":[{"count":7,"href":"https:\/\/centfocs.com\/index.php\/wp-json\/wp\/v2\/pages\/1895\/revisions"}],"predecessor-version":[{"id":4347,"href":"https:\/\/centfocs.com\/index.php\/wp-json\/wp\/v2\/pages\/1895\/revisions\/4347"}],"wp:attachment":[{"href":"https:\/\/centfocs.com\/index.php\/wp-json\/wp\/v2\/media?parent=1895"}],"curies":[{"name":"wp","href":"https:\/\/api.w.org\/{rel}","templated":true}]}}